{"id":3118,"date":"2020-10-17T12:57:25","date_gmt":"2020-10-17T10:57:25","guid":{"rendered":"https:\/\/bavarian-bondage.tivendo.com\/produkt\/import-placeholder-for-1722\/"},"modified":"2026-02-25T08:57:18","modified_gmt":"2026-02-25T07:57:18","slug":"shibaku-volumen-3","status":"publish","type":"product","link":"https:\/\/bavarian-bondage.de\/es\/produkt\/shibaku-band-3\/","title":{"rendered":"Shibaku Volumen 3"},"content":{"rendered":"<h2 style=\"text-align: center\">\u00a0Shibaku Volumen 3<\/h2>\n<h3 style=\"text-align: center\">Despegue y Vuele (Paperback)<\/h3>\n<p style=\"text-align: center\">En el tercer volumen se presentan y explican los conceptos b\u00e1sicos de semi y suspensi\u00f3n en 11 cap\u00edtulos. Adem\u00e1s de varias opciones de semisuspensi\u00f3n, esto tambi\u00e9n incluye suspensiones simples desde Giri-Giri hasta Yoko-zuri. Los distintos procesos se muestran y describen paso a paso en 176 p\u00e1ginas con innumerables ilustraciones en color.<\/p>\n<p>&nbsp;<\/p>\n<p><strong>Los cap\u00edtulos individuales:<\/strong><\/p>\n<p><strong>Introducci\u00f3n<\/strong> \u2013 Informaci\u00f3n general sobre semisuspensi\u00f3n y suspensi\u00f3n.<br \/>\n<strong>Seguridad<\/strong> \u2013 Una suspensi\u00f3n segura<br \/>\n<strong>la herramienta<\/strong> \u2013 Anilla, tubo, mosquet\u00f3n, cuerda y otras ayudas<br \/>\n<strong>Teor\u00eda y pr\u00e1ctica<\/strong> \u2013 Qu\u00e9 hay que tener en cuenta<br \/>\n<strong>la fortificaci\u00f3n<\/strong> \u2013 Del punto de anclaje al modelo<br \/>\n<b>la transici\u00f3n <\/b>\u2013 Partes del cuerpo en el aire.<br \/>\n<b>semisuspensiones <\/b>\u2013 De Futomomo a Strappado<br \/>\n<strong>El camino hacia el aire<\/strong> \u2013 Ventajas y desventajas de una suspensi\u00f3n<br \/>\n<strong>Levantar<\/strong> \u2013 De Girigiri a Boca Abajo<br \/>\n<strong>Volar<\/strong> \u2013 Yoko \u2013 zuri y arn\u00e9s de cadera<br \/>\n<strong>\u00bfY ahora?<\/strong> \u2013 Antes durante y despu\u00e9s de la suspensi\u00f3n<\/p>\n<p>&nbsp;<\/p>\n<p><strong>Detalles:<\/strong><\/p>\n<p>Publicado por: Peter Wettstein<br \/>\nEncuadernaci\u00f3n: Softcover<br \/>\nP\u00e1ginas: 176<br \/>\nAutor: Peter Wettstein<br \/>\nA\u00f1o: 2019<br \/>\nISBN: 978-3-9524407-2-8<br \/>\nEdici\u00f3n alemana<\/p>\n<p>&nbsp;<\/p>\n<p><strong>Alcance de la entrega:<\/strong> Shibaku Volumen 3<\/p>\n<p>&nbsp;<\/p>\n<p>&nbsp;<\/p>\n<hr \/>\n<blockquote>\n<p style=\"text-align: center\"><span style=\"color: #333399\">\u00a0La informaci\u00f3n sobre los productos se proporciona seg\u00fan nuestro leal saber y entender. Todas las dimensiones son aproximadas. El uso de los productos ofrecidos aqu\u00ed en la tienda es bajo su propia responsabilidad. Cada persona reacciona de manera diferente a las influencias externas, al placer o al dolor, etc. Por lo tanto, no se acepta ninguna responsabilidad por un uso inadecuado.  Cada usuario asume la total responsabilidad por el uso o correcto uso de los productos y sus consecuencias imprevisibles.<\/span><\/p>\n<\/blockquote>","protected":false},"excerpt":{"rendered":"<p>Plazo de entrega: 5-7 d\u00edas*<\/p>","protected":false},"featured_media":8507,"template":"","meta":[],"product_brand":[],"product_cat":[222,233,358],"product_tag":[],"class_list":{"0":"post-3118","1":"product","2":"type-product","3":"status-publish","4":"has-post-thumbnail","6":"product_cat-alle-produkte","7":"product_cat-bondage-zubehoer","8":"product_cat-buecher","10":"first","11":"instock","12":"taxable","13":"shipping-taxable","14":"purchasable","15":"product-type-simple"},"_links":{"self":[{"href":"https:\/\/bavarian-bondage.de\/es\/wp-json\/wp\/v2\/product\/3118","targetHints":{"allow":["GET"]}}],"collection":[{"href":"https:\/\/bavarian-bondage.de\/es\/wp-json\/wp\/v2\/product"}],"about":[{"href":"https:\/\/bavarian-bondage.de\/es\/wp-json\/wp\/v2\/types\/product"}],"version-history":[{"count":4,"href":"https:\/\/bavarian-bondage.de\/es\/wp-json\/wp\/v2\/product\/3118\/revisions"}],"predecessor-version":[{"id":15607,"href":"https:\/\/bavarian-bondage.de\/es\/wp-json\/wp\/v2\/product\/3118\/revisions\/15607"}],"wp:featuredmedia":[{"embeddable":true,"href":"https:\/\/bavarian-bondage.de\/es\/wp-json\/wp\/v2\/media\/8507"}],"wp:attachment":[{"href":"https:\/\/bavarian-bondage.de\/es\/wp-json\/wp\/v2\/media?parent=3118"}],"wp:term":[{"taxonomy":"product_brand","embeddable":true,"href":"https:\/\/bavarian-bondage.de\/es\/wp-json\/wp\/v2\/product_brand?post=3118"},{"taxonomy":"product_cat","embeddable":true,"href":"https:\/\/bavarian-bondage.de\/es\/wp-json\/wp\/v2\/product_cat?post=3118"},{"taxonomy":"product_tag","embeddable":true,"href":"https:\/\/bavarian-bondage.de\/es\/wp-json\/wp\/v2\/product_tag?post=3118"}],"curies":[{"name":"gracias","href":"https:\/\/api.w.org\/{rel}","templated":true}]}}