{"id":3130,"date":"2020-10-17T12:57:33","date_gmt":"2020-10-17T10:57:33","guid":{"rendered":"https:\/\/bavarian-bondage.tivendo.com\/produkt\/import-placeholder-for-2112\/"},"modified":"2026-03-30T16:57:53","modified_gmt":"2026-03-30T14:57:53","slug":"shibaku-volumen-1-3","status":"publish","type":"product","link":"https:\/\/bavarian-bondage.de\/es\/produkt\/shibaku-band-1-3\/","title":{"rendered":"Shibaku Volumen 1 \u2013 3"},"content":{"rendered":"<h2 style=\"text-align: center\">Shibaku Volumen 1 \u2013 3<\/h2>\n<p>&nbsp;<\/p>\n<p style=\"text-align: center\">Descripci\u00f3n general:<\/p>\n<h2 style=\"text-align: center\">Shibaku Volumen 1<\/h2>\n<h3 style=\"text-align: center\">B\u00c1SICOS Y FUNDAMENTOS (Paperback)<\/h3>\n<p style=\"text-align: center\">Los conceptos b\u00e1sicos del uso de cuerdas y modelos se presentan y describen en 11 cap\u00edtulos. Varios procesos se muestran paso a paso en 176 p\u00e1ginas con m\u00e1s de 500 ilustraciones en color.<\/p>\n<p>&nbsp;<\/p>\n<p><strong>Los cap\u00edtulos individuales:<\/strong><\/p>\n<p><strong>Introducci\u00f3n<\/strong> \u2013 Atado con cuerda<br \/>\n<strong>engranaje de cuerda<\/strong> \u2013 La cuerda como herramienta.<br \/>\n<strong>Nudo en la cuerda<\/strong> \u2013 Un peque\u00f1o nudo ABC<br \/>\n<strong>T\u00e9cnicas<\/strong> \u2013 Elementos b\u00e1sicos con cuerda.<br \/>\n<strong>Atar<\/strong> \u2013 Pu\u00f1os en manos y tobillos con cuerda.<br \/>\n<strong>karada<\/strong> \u2013 Cuerda debajo de la ropa de todos los d\u00edas.<br \/>\n<strong>la vinculaci\u00f3n<\/strong> \u2013 Cuerda en la parte superior del cuerpo sin restringir el movimiento.<br \/>\n<strong>parte superior del cuerpo<\/strong> \u2013 Restricci\u00f3n de movimiento con una cuerda.<br \/>\n<strong>Takate Kote<\/strong> \u2013 Un Takate Kote con dos cuerdas<br \/>\n<strong>parte inferior del cuerpo<\/strong> \u2013 Cuerda en la parte inferior del cuerpo.<br \/>\n<strong>Consejos de esclavitud<\/strong> \u2013 Atado con cuerda \u2013 \u00bfY ahora qu\u00e9?<\/p>\n<p>&nbsp;<\/p>\n<p><strong>Detalles:<\/strong><\/p>\n<p>Publicado por: Peter Wettstein<br \/>\nEncuadernaci\u00f3n: Softcover<br \/>\nP\u00e1ginas: 176 p\u00e1ginas<br \/>\nAutor: Peter Wettstein<br \/>\nA\u00f1o: 2016<br \/>\nISBN: 978-3-9524407-2-8<br \/>\nEdici\u00f3n alemana<\/p>\n<hr \/>\n<h2 style=\"text-align: center\">\u00a0Shibaku Volumen 2<\/h2>\n<h3 style=\"text-align: center\">Takate Kote y la parte superior del cuerpo (r\u00fastica)<\/h3>\n<p style=\"text-align: center\">Las gu\u00edas de cables m\u00e1s importantes de la parte superior del cuerpo se presentan en 11 cap\u00edtulos. Adem\u00e1s de las distintas versiones de Takate-kote, tambi\u00e9n se incluyen un Hishi-shibari, un Giai o un Teppo. Los distintos procesos se muestran y describen paso a paso en 176 p\u00e1ginas con m\u00e1s de 450 ilustraciones en color.<\/p>\n<p>&nbsp;<\/p>\n<p><strong>Los cap\u00edtulos individuales:<\/strong><\/p>\n<p><strong>Introducci\u00f3n<\/strong> \u2013 El significado del Takate kote<br \/>\n<strong>Takate Kote<\/strong> \u2013 El cl\u00e1sico seg\u00fan Osada Ryu<br \/>\n<strong>estilo occidental<\/strong> \u2013 Una interpretaci\u00f3n<br \/>\n<strong>Extensiones<\/strong> \u2013 Restos de cuerda y t\u00e9cnicas de acabado.<br \/>\n<strong>Variantes<\/strong> \u2013 Ideas y posibilidades<br \/>\n<strong>Hishi<\/strong> \u2013 Un kote Takate con un vestido de cuerda.<br \/>\n<strong>Gyaku Gote Shibari<\/strong> \u2013 Brazos cruzados delante del est\u00f3mago.<br \/>\n<strong>Shibari Jiai<\/strong> \u2013 Manos atadas delante del pecho.<br \/>\n<strong>Manga de lib\u00e9lula<\/strong> \u2013 Una atadura de brazo compleja<br \/>\n<strong>Teppou<\/strong> \u2013 El rifle al hombro<br \/>\n<strong>Usagi<\/strong> \u2013 Las orejas de conejo<\/p>\n<p>&nbsp;<\/p>\n<p><strong>Detalles:<\/strong><\/p>\n<p>Publicado por: Peter Wettstein<br \/>\nEncuadernaci\u00f3n: Softcover<br \/>\nP\u00e1ginas: 176<br \/>\nAutor: Peter Wettstein<br \/>\nA\u00f1o: 2017<br \/>\nISBN: 978-3-9524407-3-5<br \/>\nEdici\u00f3n alemana<\/p>\n<hr \/>\n<h2 style=\"text-align: center\">\u00a0Shibaku Volumen 3<\/h2>\n<h3 style=\"text-align: center\">Despegue y Vuele (Paperback)<\/h3>\n<p style=\"text-align: center\">En el tercer volumen se presentan y explican los conceptos b\u00e1sicos de semi y suspensi\u00f3n en 11 cap\u00edtulos. Adem\u00e1s de varias opciones de semisuspensi\u00f3n, esto tambi\u00e9n incluye suspensiones simples desde Giri-Giri hasta Yoko-zuri. Los distintos procesos se muestran y describen paso a paso en 176 p\u00e1ginas con innumerables ilustraciones en color.<\/p>\n<p>&nbsp;<\/p>\n<p><strong>Los cap\u00edtulos individuales:<\/strong><\/p>\n<p><strong>Introducci\u00f3n<\/strong> \u2013 Informaci\u00f3n general sobre semisuspensi\u00f3n y suspensi\u00f3n.<br \/>\n<strong>Seguridad<\/strong> \u2013 Una suspensi\u00f3n segura<br \/>\n<strong>la herramienta<\/strong> \u2013 Anilla, tubo, mosquet\u00f3n, cuerda y otras ayudas<br \/>\n<strong>Teor\u00eda y pr\u00e1ctica<\/strong> \u2013 Qu\u00e9 hay que tener en cuenta<br \/>\n<strong>la fortificaci\u00f3n<\/strong> \u2013 Del punto de anclaje al modelo<br \/>\n<b>la transici\u00f3n <\/b>\u2013 Partes del cuerpo en el aire.<br \/>\n<b>semisuspensiones <\/b>\u2013 De Futomomo a Strappado<br \/>\n<strong>El camino hacia el aire<\/strong> \u2013 Ventajas y desventajas de una suspensi\u00f3n<br \/>\n<strong>Levantar<\/strong> \u2013 De Girigiri a Boca Abajo<br \/>\n<strong>Volar<\/strong> \u2013 Yoko \u2013 zuri y arn\u00e9s de cadera<br \/>\n<strong>\u00bfY ahora?<\/strong> \u2013 Antes durante y despu\u00e9s de la suspensi\u00f3n<\/p>\n<p>&nbsp;<\/p>\n<p><strong>Detalles:<\/strong><\/p>\n<p>Publicado por: Peter Wettstein<br \/>\nEncuadernaci\u00f3n: Softcover<br \/>\nP\u00e1ginas: 176<br \/>\nAutor: Peter Wettstein<br \/>\nA\u00f1o: 2019<br \/>\nISBN: 978-3-9524407-2-8<br \/>\nEdici\u00f3n alemana<\/p>\n<p>&nbsp;<\/p>\n<p><strong>Alcance de la entrega:<\/strong> Shibaku vol\u00famenes 1, 2 y 3<\/p>\n<p>&nbsp;<\/p>\n<p>&nbsp;<\/p>\n<hr \/>\n<blockquote>\n<p style=\"text-align: center\"><span style=\"color: #333399\">\u00a0La informaci\u00f3n sobre los productos se proporciona seg\u00fan nuestro leal saber y entender. Todas las dimensiones son aproximadas. El uso de los productos ofrecidos aqu\u00ed en la tienda es bajo su propia responsabilidad. Cada persona reacciona de manera diferente a las influencias externas, al placer o al dolor, etc. Por lo tanto, no se acepta ninguna responsabilidad por un uso inadecuado.  Cada usuario asume la total responsabilidad por el uso o correcto uso de los productos y sus consecuencias imprevisibles.<\/span><\/p>\n<\/blockquote>","protected":false},"excerpt":{"rendered":"<p>Plazo de entrega: 5-7 d\u00edas*<\/p>","protected":false},"featured_media":8501,"template":"","meta":[],"product_brand":[],"product_cat":[222,358],"product_tag":[],"class_list":{"0":"post-3130","1":"product","2":"type-product","3":"status-publish","4":"has-post-thumbnail","6":"product_cat-alle-produkte","7":"product_cat-buecher","9":"first","10":"instock","11":"taxable","12":"shipping-taxable","13":"purchasable","14":"product-type-simple"},"_links":{"self":[{"href":"https:\/\/bavarian-bondage.de\/es\/wp-json\/wp\/v2\/product\/3130","targetHints":{"allow":["GET"]}}],"collection":[{"href":"https:\/\/bavarian-bondage.de\/es\/wp-json\/wp\/v2\/product"}],"about":[{"href":"https:\/\/bavarian-bondage.de\/es\/wp-json\/wp\/v2\/types\/product"}],"version-history":[{"count":4,"href":"https:\/\/bavarian-bondage.de\/es\/wp-json\/wp\/v2\/product\/3130\/revisions"}],"predecessor-version":[{"id":5183,"href":"https:\/\/bavarian-bondage.de\/es\/wp-json\/wp\/v2\/product\/3130\/revisions\/5183"}],"wp:featuredmedia":[{"embeddable":true,"href":"https:\/\/bavarian-bondage.de\/es\/wp-json\/wp\/v2\/media\/8501"}],"wp:attachment":[{"href":"https:\/\/bavarian-bondage.de\/es\/wp-json\/wp\/v2\/media?parent=3130"}],"wp:term":[{"taxonomy":"product_brand","embeddable":true,"href":"https:\/\/bavarian-bondage.de\/es\/wp-json\/wp\/v2\/product_brand?post=3130"},{"taxonomy":"product_cat","embeddable":true,"href":"https:\/\/bavarian-bondage.de\/es\/wp-json\/wp\/v2\/product_cat?post=3130"},{"taxonomy":"product_tag","embeddable":true,"href":"https:\/\/bavarian-bondage.de\/es\/wp-json\/wp\/v2\/product_tag?post=3130"}],"curies":[{"name":"gracias","href":"https:\/\/api.w.org\/{rel}","templated":true}]}}