{"id":3132,"date":"2020-10-17T12:59:33","date_gmt":"2020-10-17T10:59:33","guid":{"rendered":"https:\/\/bavarian-bondage.tivendo.com\/produkt\/import-placeholder-for-2326\/"},"modified":"2026-03-16T12:38:22","modified_gmt":"2026-03-16T11:38:22","slug":"anillo-bondage-triskele-nuez","status":"publish","type":"product","link":"https:\/\/bavarian-bondage.de\/es\/produkt\/bondagering-triskele-nussbaum\/","title":{"rendered":"Anillo bondage triskele nuez"},"content":{"rendered":"<h3 style=\"text-align: center\">Anillo bondage triskele fabricado en madera de nogal.<\/h3>\n<p style=\"text-align: center\">El triskele es conocido como un rasgo distintivo en la escena BDSM y el patr\u00f3n tambi\u00e9n es muy com\u00fan en los anillos bondage. El anillo est\u00e1 hecho de fina madera de nogal y complementado con un n\u00facleo de acero de 10 x 10 mm. El n\u00facleo de acero se encuentra tanto en el anillo exterior como en la divisi\u00f3n interior.<\/p>\n<p style=\"text-align: center\">Nota: Aunque la madera es un material extremadamente estable, no se puede comparar con la resistencia del metal. Sobre todo durante la suspensi\u00f3n y, especialmente, durante el llamado lifting, pueden aparecer peque\u00f1as muescas en la madera, que, por supuesto, no afectan a la estabilidad del anillo.<\/p>\n<p>&nbsp;<\/p>\n<p><strong>Detalles:<\/strong><\/p>\n<p>Di\u00e1metro exterior: 240 mm<br \/>\nDi\u00e1metro interior: 180 mm<br \/>\nGrosor del material: 30 mm<br \/>\nPeso: aprox. 900 g.<br \/>\nMaterial: madera de nogal, n\u00facleo de acero de 10 x 10 mm<\/p>\n<p>&nbsp;<\/p>\n<p><strong>Alcance de la entrega:<\/strong> 1 anillo bondage de nogal con n\u00facleo de acero<\/p>\n<p>&nbsp;<\/p>\n<p>&nbsp;<\/p>\n<hr \/>\n<blockquote>\n<p style=\"text-align: center\"><span style=\"color: #333399\">La informaci\u00f3n sobre los productos se proporciona seg\u00fan nuestro leal saber y entender. Todas las dimensiones son aproximadas. El uso de los productos ofrecidos aqu\u00ed en la tienda es bajo su propia responsabilidad. Cada persona reacciona de manera diferente a las influencias externas, al placer o al dolor, etc. Por lo tanto, no se acepta ninguna responsabilidad por un uso inadecuado.  Cada usuario asume la total responsabilidad por el uso o correcto uso de los productos y sus consecuencias imprevisibles.<\/span><\/p>\n<\/blockquote>\n<p>&nbsp;<\/p>","protected":false},"excerpt":{"rendered":"<p>Plazo de entrega: 5-7 d\u00edas*<\/p>","protected":false},"featured_media":8098,"template":"","meta":[],"product_brand":[],"product_cat":[222,234],"product_tag":[],"class_list":{"0":"post-3132","1":"product","2":"type-product","3":"status-publish","4":"has-post-thumbnail","6":"product_cat-alle-produkte","7":"product_cat-ringe","9":"first","10":"instock","11":"taxable","12":"shipping-taxable","13":"purchasable","14":"product-type-simple"},"_links":{"self":[{"href":"https:\/\/bavarian-bondage.de\/es\/wp-json\/wp\/v2\/product\/3132","targetHints":{"allow":["GET"]}}],"collection":[{"href":"https:\/\/bavarian-bondage.de\/es\/wp-json\/wp\/v2\/product"}],"about":[{"href":"https:\/\/bavarian-bondage.de\/es\/wp-json\/wp\/v2\/types\/product"}],"version-history":[{"count":6,"href":"https:\/\/bavarian-bondage.de\/es\/wp-json\/wp\/v2\/product\/3132\/revisions"}],"predecessor-version":[{"id":15089,"href":"https:\/\/bavarian-bondage.de\/es\/wp-json\/wp\/v2\/product\/3132\/revisions\/15089"}],"wp:featuredmedia":[{"embeddable":true,"href":"https:\/\/bavarian-bondage.de\/es\/wp-json\/wp\/v2\/media\/8098"}],"wp:attachment":[{"href":"https:\/\/bavarian-bondage.de\/es\/wp-json\/wp\/v2\/media?parent=3132"}],"wp:term":[{"taxonomy":"product_brand","embeddable":true,"href":"https:\/\/bavarian-bondage.de\/es\/wp-json\/wp\/v2\/product_brand?post=3132"},{"taxonomy":"product_cat","embeddable":true,"href":"https:\/\/bavarian-bondage.de\/es\/wp-json\/wp\/v2\/product_cat?post=3132"},{"taxonomy":"product_tag","embeddable":true,"href":"https:\/\/bavarian-bondage.de\/es\/wp-json\/wp\/v2\/product_tag?post=3132"}],"curies":[{"name":"gracias","href":"https:\/\/api.w.org\/{rel}","templated":true}]}}