{"id":3139,"date":"2020-10-17T12:57:34","date_gmt":"2020-10-17T10:57:34","guid":{"rendered":"https:\/\/bavarian-bondage.tivendo.com\/produkt\/import-placeholder-for-2344\/"},"modified":"2026-01-22T10:35:19","modified_gmt":"2026-01-22T09:35:19","slug":"anillo-de-esclavitud-de-madera-de-roble","status":"publish","type":"product","link":"https:\/\/bavarian-bondage.de\/es\/produkt\/bondagering-eichenholz\/","title":{"rendered":"Anillo bondage madera de roble"},"content":{"rendered":"<h3 style=\"text-align: center\">Anillo bondage madera de roble<\/h3>\n<p style=\"text-align: center\">El cl\u00e1sico y sencillo anillo bondage de madera de roble con n\u00facleo de acero integrado convence por sus hermosas vetas y la estabilidad de un anillo de acero inoxidable. S\u00f3lo el elevado peso indica el interior de acero de 10 x 10 mm. La madera se lija finamente y finalmente se trata con una fina capa de aceite para madera.<\/p>\n<p style=\"text-align: center\">Nota: Aunque la madera es un material extremadamente estable, no se puede comparar con la resistencia del metal. Sobre todo durante la suspensi\u00f3n y, especialmente, durante el llamado lifting, pueden aparecer peque\u00f1as muescas en la madera, que, por supuesto, no afectan a la estabilidad del anillo.<\/p>\n<p><strong>Detalles:<\/strong><\/p>\n<p>Di\u00e1metro exterior: 240 mm<br \/>\nDi\u00e1metro interior: 180 mm<br \/>\nGrosor del material: 30 mm<br \/>\nPeso: aprox. 800 g<br \/>\nMaterial: madera de roble, n\u00facleo de acero de 10 x 10 mm<\/p>\n<p>&nbsp;<\/p>\n<p><strong>Alcance de la entrega:<\/strong> 1 anillo bondage de madera de roble con n\u00facleo de acero<\/p>\n<p>&nbsp;<\/p>\n<p>&nbsp;<\/p>\n<hr \/>\n<blockquote>\n<p style=\"text-align: center\"><span style=\"color: #333399\">La informaci\u00f3n sobre los productos se proporciona seg\u00fan nuestro leal saber y entender. Todas las dimensiones son aproximadas. El uso de los productos ofrecidos aqu\u00ed en la tienda es bajo su propia responsabilidad. Cada persona reacciona de manera diferente a las influencias externas, al placer o al dolor, etc. Por lo tanto, no se acepta ninguna responsabilidad por un uso inadecuado.  Cada usuario asume la total responsabilidad por el uso o correcto uso de los productos y sus consecuencias imprevisibles.<\/span><\/p>\n<\/blockquote>","protected":false},"excerpt":{"rendered":"<p>Plazo de entrega: 5-7 d\u00edas*<\/p>","protected":false},"featured_media":8088,"template":"","meta":[],"product_brand":[],"product_cat":[222,233,234],"product_tag":[],"class_list":{"0":"post-3139","1":"product","2":"type-product","3":"status-publish","4":"has-post-thumbnail","6":"product_cat-alle-produkte","7":"product_cat-bondage-zubehoer","8":"product_cat-ringe","10":"first","11":"instock","12":"taxable","13":"shipping-taxable","14":"purchasable","15":"product-type-simple"},"_links":{"self":[{"href":"https:\/\/bavarian-bondage.de\/es\/wp-json\/wp\/v2\/product\/3139","targetHints":{"allow":["GET"]}}],"collection":[{"href":"https:\/\/bavarian-bondage.de\/es\/wp-json\/wp\/v2\/product"}],"about":[{"href":"https:\/\/bavarian-bondage.de\/es\/wp-json\/wp\/v2\/types\/product"}],"version-history":[{"count":5,"href":"https:\/\/bavarian-bondage.de\/es\/wp-json\/wp\/v2\/product\/3139\/revisions"}],"predecessor-version":[{"id":15094,"href":"https:\/\/bavarian-bondage.de\/es\/wp-json\/wp\/v2\/product\/3139\/revisions\/15094"}],"wp:featuredmedia":[{"embeddable":true,"href":"https:\/\/bavarian-bondage.de\/es\/wp-json\/wp\/v2\/media\/8088"}],"wp:attachment":[{"href":"https:\/\/bavarian-bondage.de\/es\/wp-json\/wp\/v2\/media?parent=3139"}],"wp:term":[{"taxonomy":"product_brand","embeddable":true,"href":"https:\/\/bavarian-bondage.de\/es\/wp-json\/wp\/v2\/product_brand?post=3139"},{"taxonomy":"product_cat","embeddable":true,"href":"https:\/\/bavarian-bondage.de\/es\/wp-json\/wp\/v2\/product_cat?post=3139"},{"taxonomy":"product_tag","embeddable":true,"href":"https:\/\/bavarian-bondage.de\/es\/wp-json\/wp\/v2\/product_tag?post=3139"}],"curies":[{"name":"gracias","href":"https:\/\/api.w.org\/{rel}","templated":true}]}}