{"id":4524,"date":"2021-01-02T17:54:38","date_gmt":"2021-01-02T16:54:38","guid":{"rendered":"https:\/\/bavarian-bondage.de\/?post_type=product&#038;p=4524"},"modified":"2026-02-16T18:45:07","modified_gmt":"2026-02-16T17:45:07","slug":"latigo-de-cuerda","status":"publish","type":"product","link":"https:\/\/bavarian-bondage.de\/es\/produkt\/seil-striemenpeitsche\/","title":{"rendered":"L\u00e1tigo de cuerda"},"content":{"rendered":"<h3 style=\"text-align: center\">L\u00e1tigo de cuerda<\/h3>\n<p style=\"text-align: center\">A diferencia de los l\u00e1tigos con nudos, los l\u00e1tigos de cuerda est\u00e1n hechos de cuerda de c\u00e1\u00f1amo de 3 mm de espesor y tienen tapas de goma en los extremos de la cuerda. En combinaci\u00f3n con una longitud total de 70 cm y las 20 hebras, el l\u00e1tigo provoca un dolor agudo y bastante ardiente, similar a los l\u00e1tigos. Como sugiere el nombre, \u00a1las ronchas son pr\u00e1cticamente inevitables!<\/p>\n<p><strong>Detalles:<\/strong><\/p>\n<p>Material: madera, cuerda de c\u00e1\u00f1amo, acero inoxidable, caucho.<br \/>\nLongitud: aprox. 70 cm<br \/>\nMango de di\u00e1metro: 22 mm<\/p>\n<p><strong>Alcance de la entrega:<\/strong> l\u00e1tigo de cuerda; Color seleccionable<\/p>\n<p>&nbsp;<\/p>\n<hr \/>\n<blockquote>\n<p style=\"text-align: center\"><span style=\"color: #333399\">La informaci\u00f3n sobre los productos se proporciona seg\u00fan nuestro leal saber y entender. Todas las dimensiones son aproximadas. El uso de los productos ofrecidos aqu\u00ed en la tienda es bajo su propia responsabilidad. Cada persona reacciona de manera diferente a las influencias externas, al placer o al dolor, etc. Por lo tanto, no se acepta ninguna responsabilidad por un uso inadecuado.  Cada usuario asume la total responsabilidad por el uso o correcto uso de los productos y sus consecuencias imprevisibles.<\/span><\/p>\n<\/blockquote>","protected":false},"excerpt":{"rendered":"<p>Plazo de entrega: 5-7 d\u00edas*<\/p>","protected":false},"featured_media":10295,"template":"","meta":[],"product_brand":[],"product_cat":[224,252],"product_tag":[],"class_list":{"0":"post-4524","1":"product","2":"type-product","3":"status-publish","4":"has-post-thumbnail","6":"product_cat-lustschmerz","7":"product_cat-peitschen-gerten","9":"first","10":"instock","11":"taxable","12":"shipping-taxable","13":"purchasable","14":"product-type-variable"},"_links":{"self":[{"href":"https:\/\/bavarian-bondage.de\/es\/wp-json\/wp\/v2\/product\/4524","targetHints":{"allow":["GET"]}}],"collection":[{"href":"https:\/\/bavarian-bondage.de\/es\/wp-json\/wp\/v2\/product"}],"about":[{"href":"https:\/\/bavarian-bondage.de\/es\/wp-json\/wp\/v2\/types\/product"}],"version-history":[{"count":4,"href":"https:\/\/bavarian-bondage.de\/es\/wp-json\/wp\/v2\/product\/4524\/revisions"}],"predecessor-version":[{"id":13980,"href":"https:\/\/bavarian-bondage.de\/es\/wp-json\/wp\/v2\/product\/4524\/revisions\/13980"}],"wp:featuredmedia":[{"embeddable":true,"href":"https:\/\/bavarian-bondage.de\/es\/wp-json\/wp\/v2\/media\/10295"}],"wp:attachment":[{"href":"https:\/\/bavarian-bondage.de\/es\/wp-json\/wp\/v2\/media?parent=4524"}],"wp:term":[{"taxonomy":"product_brand","embeddable":true,"href":"https:\/\/bavarian-bondage.de\/es\/wp-json\/wp\/v2\/product_brand?post=4524"},{"taxonomy":"product_cat","embeddable":true,"href":"https:\/\/bavarian-bondage.de\/es\/wp-json\/wp\/v2\/product_cat?post=4524"},{"taxonomy":"product_tag","embeddable":true,"href":"https:\/\/bavarian-bondage.de\/es\/wp-json\/wp\/v2\/product_tag?post=4524"}],"curies":[{"name":"gracias","href":"https:\/\/api.w.org\/{rel}","templated":true}]}}