{"id":4548,"date":"2021-01-02T18:33:08","date_gmt":"2021-01-02T17:33:08","guid":{"rendered":"https:\/\/bavarian-bondage.de\/?post_type=product&#038;p=4548"},"modified":"2026-03-22T13:12:40","modified_gmt":"2026-03-22T12:12:40","slug":"cuchillo-de-rescate","status":"publish","type":"product","link":"https:\/\/bavarian-bondage.de\/es\/produkt\/rettungsmesser\/","title":{"rendered":"cuchillo de rescate"},"content":{"rendered":"<h3 style=\"text-align: center\">Cuchillo de rescate (cortacuerdas)<\/h3>\n<p style=\"text-align: center\">El cuchillo de rescate Gill es una herramienta muy pr\u00e1ctica a la hora de cortar hilos, correas, etc.<\/p>\n<p style=\"text-align: center\">Tambi\u00e9n es ideal para cortar cuerdas de bondage de hasta 8 mm de grosor. La herramienta incluye una funda de nailon que se puede sujetar al cintur\u00f3n, por ejemplo. Adem\u00e1s, el cuchillo de rescate cuenta con un mango antideslizante.<\/p>\n<p style=\"text-align: center\">Nunca deber\u00edas necesitar un cuchillo de rescate como este para sujetar a alguien, pero est\u00e1s bien preparado para tales eventualidades.<\/p>\n<p>&nbsp;<\/p>\n<p><strong>Detalles:<\/strong><br \/>\nMaterial: acero revestido, compuesto, nailon.<br \/>\nLongitud total: 12,7 cm<br \/>\nFabricante: Gill<\/p>\n<p>&nbsp;<\/p>\n<p><strong>Alcance de la entrega: <\/strong>1 cuchillo de rescate Gill con funda de nailon<\/p>\n<hr \/>\n<blockquote>\n<p style=\"text-align: center\"><span style=\"color: #333399\">La informaci\u00f3n sobre los productos se proporciona seg\u00fan nuestro leal saber y entender. Todas las dimensiones son aproximadas. El uso de los productos ofrecidos aqu\u00ed en la tienda es bajo su propia responsabilidad. Cada persona reacciona de manera diferente a las influencias externas, al placer o al dolor, etc. Por lo tanto, no se acepta ninguna responsabilidad por un uso inadecuado.  Cada usuario asume la total responsabilidad por el uso o correcto uso de los productos y sus consecuencias imprevisibles.<\/span><\/p>\n<\/blockquote>","protected":false},"excerpt":{"rendered":"<p>Plazo de entrega: 5-7 d\u00edas*<\/p>","protected":false},"featured_media":8174,"template":"","meta":[],"product_brand":[],"product_cat":[223],"product_tag":[],"class_list":{"0":"post-4548","1":"product","2":"type-product","3":"status-publish","4":"has-post-thumbnail","6":"product_cat-zubehoer","8":"first","9":"instock","10":"taxable","11":"shipping-taxable","12":"purchasable","13":"product-type-simple"},"_links":{"self":[{"href":"https:\/\/bavarian-bondage.de\/es\/wp-json\/wp\/v2\/product\/4548","targetHints":{"allow":["GET"]}}],"collection":[{"href":"https:\/\/bavarian-bondage.de\/es\/wp-json\/wp\/v2\/product"}],"about":[{"href":"https:\/\/bavarian-bondage.de\/es\/wp-json\/wp\/v2\/types\/product"}],"version-history":[{"count":3,"href":"https:\/\/bavarian-bondage.de\/es\/wp-json\/wp\/v2\/product\/4548\/revisions"}],"predecessor-version":[{"id":16504,"href":"https:\/\/bavarian-bondage.de\/es\/wp-json\/wp\/v2\/product\/4548\/revisions\/16504"}],"wp:featuredmedia":[{"embeddable":true,"href":"https:\/\/bavarian-bondage.de\/es\/wp-json\/wp\/v2\/media\/8174"}],"wp:attachment":[{"href":"https:\/\/bavarian-bondage.de\/es\/wp-json\/wp\/v2\/media?parent=4548"}],"wp:term":[{"taxonomy":"product_brand","embeddable":true,"href":"https:\/\/bavarian-bondage.de\/es\/wp-json\/wp\/v2\/product_brand?post=4548"},{"taxonomy":"product_cat","embeddable":true,"href":"https:\/\/bavarian-bondage.de\/es\/wp-json\/wp\/v2\/product_cat?post=4548"},{"taxonomy":"product_tag","embeddable":true,"href":"https:\/\/bavarian-bondage.de\/es\/wp-json\/wp\/v2\/product_tag?post=4548"}],"curies":[{"name":"gracias","href":"https:\/\/api.w.org\/{rel}","templated":true}]}}