{"id":4558,"date":"2021-01-02T19:01:31","date_gmt":"2021-01-02T18:01:31","guid":{"rendered":"https:\/\/bavarian-bondage.de\/?post_type=product&#038;p=4558"},"modified":"2026-02-15T14:28:18","modified_gmt":"2026-02-15T13:28:18","slug":"mini-latigo-de-cuerda","status":"publish","type":"product","link":"https:\/\/bavarian-bondage.de\/es\/produkt\/mini-seilpeitsche\/","title":{"rendered":"Mini l\u00e1tigo de cuerda"},"content":{"rendered":"<h3 style=\"text-align: center\">Mini l\u00e1tigo de cuerda<\/h3>\n<p style=\"text-align: center\">\u00a1Peque\u00f1o pero poderoso es probablemente la descripci\u00f3n perfecta para este lindo juguete!<\/p>\n<p style=\"text-align: center\">El mini l\u00e1tigo de cuerda consta de 18 hilos que tienen una tapa de goma en el extremo. Est\u00e1 hecho de cuerda de c\u00e1\u00f1amo de 3 mm y un anillo de metal para una mejor sujeci\u00f3n. Una fusta con mucho efecto que, en teor\u00eda, cabe en cualquier bolsillo del pantal\u00f3n y es la compa\u00f1era perfecta para viajes.<\/p>\n<p>&nbsp;<\/p>\n<p><strong>Detalles:<\/strong><\/p>\n<p>Material: cuerda de c\u00e1\u00f1amo, caucho, metal.<br \/>\nLongitud total: aprox. 34 cm.<br \/>\nLongitud del mango sin anillo: aprox. 7 cm.<\/p>\n<p>&nbsp;<\/p>\n<p><strong>Alcance de la entrega:<\/strong> mini l\u00e1tigo de cuerda; Color seleccionable<\/p>\n<p>&nbsp;<\/p>\n<hr \/>\n<blockquote>\n<p style=\"text-align: center\"><span style=\"color: #333399\">La informaci\u00f3n sobre los productos se proporciona seg\u00fan nuestro leal saber y entender. Todas las dimensiones son aproximadas. El uso de los productos ofrecidos aqu\u00ed en la tienda es bajo su propia responsabilidad. Cada persona reacciona de manera diferente a las influencias externas, al placer o al dolor, etc. Por lo tanto, no se acepta ninguna responsabilidad por un uso inadecuado.  Cada usuario asume la total responsabilidad por el uso o correcto uso de los productos y sus consecuencias imprevisibles.<\/span><\/p>\n<\/blockquote>","protected":false},"excerpt":{"rendered":"<p>Plazo de entrega: 5-7 d\u00edas*<\/p>","protected":false},"featured_media":8650,"template":"","meta":[],"product_brand":[],"product_cat":[252,224],"product_tag":[],"class_list":{"0":"post-4558","1":"product","2":"type-product","3":"status-publish","4":"has-post-thumbnail","6":"product_cat-peitschen-gerten","7":"product_cat-lustschmerz","9":"first","10":"instock","11":"taxable","12":"shipping-taxable","13":"purchasable","14":"product-type-variable"},"_links":{"self":[{"href":"https:\/\/bavarian-bondage.de\/es\/wp-json\/wp\/v2\/product\/4558","targetHints":{"allow":["GET"]}}],"collection":[{"href":"https:\/\/bavarian-bondage.de\/es\/wp-json\/wp\/v2\/product"}],"about":[{"href":"https:\/\/bavarian-bondage.de\/es\/wp-json\/wp\/v2\/types\/product"}],"version-history":[{"count":3,"href":"https:\/\/bavarian-bondage.de\/es\/wp-json\/wp\/v2\/product\/4558\/revisions"}],"predecessor-version":[{"id":13979,"href":"https:\/\/bavarian-bondage.de\/es\/wp-json\/wp\/v2\/product\/4558\/revisions\/13979"}],"wp:featuredmedia":[{"embeddable":true,"href":"https:\/\/bavarian-bondage.de\/es\/wp-json\/wp\/v2\/media\/8650"}],"wp:attachment":[{"href":"https:\/\/bavarian-bondage.de\/es\/wp-json\/wp\/v2\/media?parent=4558"}],"wp:term":[{"taxonomy":"product_brand","embeddable":true,"href":"https:\/\/bavarian-bondage.de\/es\/wp-json\/wp\/v2\/product_brand?post=4558"},{"taxonomy":"product_cat","embeddable":true,"href":"https:\/\/bavarian-bondage.de\/es\/wp-json\/wp\/v2\/product_cat?post=4558"},{"taxonomy":"product_tag","embeddable":true,"href":"https:\/\/bavarian-bondage.de\/es\/wp-json\/wp\/v2\/product_tag?post=4558"}],"curies":[{"name":"gracias","href":"https:\/\/api.w.org\/{rel}","templated":true}]}}