{"id":8130,"date":"2023-01-28T15:56:38","date_gmt":"2023-01-28T14:56:38","guid":{"rendered":"https:\/\/bavarian-bondage.de\/?post_type=product&#038;p=8130"},"modified":"2026-01-26T11:59:53","modified_gmt":"2026-01-26T10:59:53","slug":"anillo-bondage-triskele-pequeno","status":"publish","type":"product","link":"https:\/\/bavarian-bondage.de\/es\/produkt\/bondagering-triskele-klein\/","title":{"rendered":"Anillo bondage triskele peque\u00f1o"},"content":{"rendered":"<h3 style=\"text-align: center\">Anillo bondage triskele peque\u00f1o<\/h3>\n<p style=\"text-align: center\">El anillo de suspensi\u00f3n con triskele, fabricado en acero inoxidable pulido, ofrece no s\u00f3lo su fant\u00e1stico aspecto sino tambi\u00e9n la posibilidad de organizar cuerdas individuales. Este anillo llama la atenci\u00f3n en todos los sentidos.<\/p>\n<p>&nbsp;<\/p>\n<p><strong>Detalles:<\/strong><\/p>\n<p>Di\u00e1metro exterior: 230 mm<br \/>\nGrosor del material: 16 mm<br \/>\nPeso: 980 g<br \/>\nMaterial: acero inoxidable<\/p>\n<p>&nbsp;<\/p>\n<p><strong>Alcance de la entrega:<\/strong> 1 anillo bondage triskele peque\u00f1o<\/p>\n<p>&nbsp;<\/p>","protected":false},"excerpt":{"rendered":"<p>Plazo de entrega: 5-7 d\u00edas*<\/p>","protected":false},"featured_media":8081,"template":"","meta":[],"product_brand":[],"product_cat":[222,233,234],"product_tag":[],"class_list":{"0":"post-8130","1":"product","2":"type-product","3":"status-publish","4":"has-post-thumbnail","6":"product_cat-alle-produkte","7":"product_cat-bondage-zubehoer","8":"product_cat-ringe","10":"first","11":"instock","12":"taxable","13":"shipping-taxable","14":"purchasable","15":"product-type-simple"},"_links":{"self":[{"href":"https:\/\/bavarian-bondage.de\/es\/wp-json\/wp\/v2\/product\/8130","targetHints":{"allow":["GET"]}}],"collection":[{"href":"https:\/\/bavarian-bondage.de\/es\/wp-json\/wp\/v2\/product"}],"about":[{"href":"https:\/\/bavarian-bondage.de\/es\/wp-json\/wp\/v2\/types\/product"}],"version-history":[{"count":3,"href":"https:\/\/bavarian-bondage.de\/es\/wp-json\/wp\/v2\/product\/8130\/revisions"}],"predecessor-version":[{"id":15372,"href":"https:\/\/bavarian-bondage.de\/es\/wp-json\/wp\/v2\/product\/8130\/revisions\/15372"}],"wp:featuredmedia":[{"embeddable":true,"href":"https:\/\/bavarian-bondage.de\/es\/wp-json\/wp\/v2\/media\/8081"}],"wp:attachment":[{"href":"https:\/\/bavarian-bondage.de\/es\/wp-json\/wp\/v2\/media?parent=8130"}],"wp:term":[{"taxonomy":"product_brand","embeddable":true,"href":"https:\/\/bavarian-bondage.de\/es\/wp-json\/wp\/v2\/product_brand?post=8130"},{"taxonomy":"product_cat","embeddable":true,"href":"https:\/\/bavarian-bondage.de\/es\/wp-json\/wp\/v2\/product_cat?post=8130"},{"taxonomy":"product_tag","embeddable":true,"href":"https:\/\/bavarian-bondage.de\/es\/wp-json\/wp\/v2\/product_tag?post=8130"}],"curies":[{"name":"gracias","href":"https:\/\/api.w.org\/{rel}","templated":true}]}}