{"id":8138,"date":"2023-01-28T16:02:42","date_gmt":"2023-01-28T15:02:42","guid":{"rendered":"https:\/\/bavarian-bondage.de\/?post_type=product&#038;p=8138"},"modified":"2026-03-14T09:03:10","modified_gmt":"2026-03-14T08:03:10","slug":"anillo-de-esclavitud-japon","status":"publish","type":"product","link":"https:\/\/bavarian-bondage.de\/es\/produkt\/bondagering-japan\/","title":{"rendered":"Anillo bondage Jap\u00f3n"},"content":{"rendered":"<h3 style=\"text-align: center\">Anillo bondage Jap\u00f3n<\/h3>\n<p style=\"text-align: center\">La forma de este anillo de suspensi\u00f3n recuerda un poco a Jap\u00f3n. Fabricado en acero inoxidable pulido, adem\u00e1s de su fant\u00e1stico aspecto, tambi\u00e9n ofrece muchas opciones para organizar las cuerdas individuales. Este anillo llama la atenci\u00f3n en todos los sentidos.<\/p>\n<p>&nbsp;<\/p>\n<p><strong>Detalles:<\/strong><\/p>\n<p>Di\u00e1metro exterior: 250 mm<br \/>\nGrosor del material: 13 mm<br \/>\nPeso: aprox. 980 g.<br \/>\nMaterial: acero inoxidable<\/p>\n<p>&nbsp;<\/p>\n<p><strong>Alcance de la entrega:<\/strong> 1 anillo de bondage Jap\u00f3n<\/p>","protected":false},"excerpt":{"rendered":"<p>Plazo de entrega: 5-7 d\u00edas*<\/p>","protected":false},"featured_media":8078,"template":"","meta":[],"product_brand":[],"product_cat":[222,233,234],"product_tag":[],"class_list":{"0":"post-8138","1":"product","2":"type-product","3":"status-publish","4":"has-post-thumbnail","6":"product_cat-alle-produkte","7":"product_cat-bondage-zubehoer","8":"product_cat-ringe","10":"first","11":"instock","12":"taxable","13":"shipping-taxable","14":"purchasable","15":"product-type-simple"},"_links":{"self":[{"href":"https:\/\/bavarian-bondage.de\/es\/wp-json\/wp\/v2\/product\/8138","targetHints":{"allow":["GET"]}}],"collection":[{"href":"https:\/\/bavarian-bondage.de\/es\/wp-json\/wp\/v2\/product"}],"about":[{"href":"https:\/\/bavarian-bondage.de\/es\/wp-json\/wp\/v2\/types\/product"}],"version-history":[{"count":3,"href":"https:\/\/bavarian-bondage.de\/es\/wp-json\/wp\/v2\/product\/8138\/revisions"}],"predecessor-version":[{"id":8141,"href":"https:\/\/bavarian-bondage.de\/es\/wp-json\/wp\/v2\/product\/8138\/revisions\/8141"}],"wp:featuredmedia":[{"embeddable":true,"href":"https:\/\/bavarian-bondage.de\/es\/wp-json\/wp\/v2\/media\/8078"}],"wp:attachment":[{"href":"https:\/\/bavarian-bondage.de\/es\/wp-json\/wp\/v2\/media?parent=8138"}],"wp:term":[{"taxonomy":"product_brand","embeddable":true,"href":"https:\/\/bavarian-bondage.de\/es\/wp-json\/wp\/v2\/product_brand?post=8138"},{"taxonomy":"product_cat","embeddable":true,"href":"https:\/\/bavarian-bondage.de\/es\/wp-json\/wp\/v2\/product_cat?post=8138"},{"taxonomy":"product_tag","embeddable":true,"href":"https:\/\/bavarian-bondage.de\/es\/wp-json\/wp\/v2\/product_tag?post=8138"}],"curies":[{"name":"gracias","href":"https:\/\/api.w.org\/{rel}","templated":true}]}}