{"id":8207,"date":"2023-01-28T19:13:16","date_gmt":"2023-01-28T18:13:16","guid":{"rendered":"https:\/\/bavarian-bondage.de\/?post_type=product&#038;p=8207"},"modified":"2025-05-19T08:57:42","modified_gmt":"2025-05-19T06:57:42","slug":"anillo-bondage-cruz-de-san-andres-arce","status":"publish","type":"product","link":"https:\/\/bavarian-bondage.de\/es\/produkt\/bondagering-andreaskreuz-ahorn\/","title":{"rendered":"Anillo bondage cruz de San Andr\u00e9s arce"},"content":{"rendered":"<h3 style=\"text-align: center\">Anillo bondage cruz de San Andr\u00e9s de arce<\/h3>\n<p style=\"text-align: center\">La Cruz de San Andr\u00e9s es conocida como una caracter\u00edstica distintiva en la escena BDSM y el patr\u00f3n tambi\u00e9n es muy pr\u00e1ctico para los anillos bondage. El aro est\u00e1 fabricado en arce y se complementa con un n\u00facleo de acero de 10 x 10 mm, que se encuentra completamente en el interior.<\/p>\n<p style=\"text-align: center\">Nota: Aunque la madera es un material extremadamente estable, no se puede comparar con la resistencia del metal. Sobre todo durante la suspensi\u00f3n y, especialmente, durante el llamado lifting, pueden aparecer peque\u00f1as muescas en la madera, que, por supuesto, no afectan a la estabilidad del anillo.<\/p>\n<p>&nbsp;<\/p>\n<p><strong>Detalles:<\/strong><\/p>\n<p>Di\u00e1metro exterior: 240 mm<br \/>\nDi\u00e1metro interior: 180 mm<br \/>\nGrosor del material: 30 mm<br \/>\nPeso: aprox. 900 g.<br \/>\nMaterial: madera de arce, n\u00facleo de acero de 10 x 10 mm<\/p>\n<p>&nbsp;<\/p>\n<p><strong>Alcance de la entrega:<\/strong> 1 anillo bondage de arce con n\u00facleo de acero<\/p>\n<p>&nbsp;<\/p>\n<hr \/>\n<blockquote>\n<p style=\"text-align: center\"><span style=\"color: #333399\">La informaci\u00f3n sobre los productos se proporciona seg\u00fan nuestro leal saber y entender. Todas las dimensiones son aproximadas. El uso de los productos ofrecidos aqu\u00ed en la tienda es bajo su propia responsabilidad. Cada persona reacciona de manera diferente a las influencias externas, al placer o al dolor, etc. Por lo tanto, no se acepta ninguna responsabilidad por un uso inadecuado.  Cada usuario asume la total responsabilidad por el uso o correcto uso de los productos y sus consecuencias imprevisibles.<\/span><\/p>\n<\/blockquote>","protected":false},"excerpt":{"rendered":"<p>Plazo de entrega: 5-7 d\u00edas*<\/p>","protected":false},"featured_media":8073,"template":"","meta":[],"product_brand":[],"product_cat":[222,233,234],"product_tag":[],"class_list":{"0":"post-8207","1":"product","2":"type-product","3":"status-publish","4":"has-post-thumbnail","6":"product_cat-alle-produkte","7":"product_cat-bondage-zubehoer","8":"product_cat-ringe","10":"first","11":"instock","12":"taxable","13":"shipping-taxable","14":"purchasable","15":"product-type-simple"},"_links":{"self":[{"href":"https:\/\/bavarian-bondage.de\/es\/wp-json\/wp\/v2\/product\/8207","targetHints":{"allow":["GET"]}}],"collection":[{"href":"https:\/\/bavarian-bondage.de\/es\/wp-json\/wp\/v2\/product"}],"about":[{"href":"https:\/\/bavarian-bondage.de\/es\/wp-json\/wp\/v2\/types\/product"}],"version-history":[{"count":5,"href":"https:\/\/bavarian-bondage.de\/es\/wp-json\/wp\/v2\/product\/8207\/revisions"}],"predecessor-version":[{"id":15079,"href":"https:\/\/bavarian-bondage.de\/es\/wp-json\/wp\/v2\/product\/8207\/revisions\/15079"}],"wp:featuredmedia":[{"embeddable":true,"href":"https:\/\/bavarian-bondage.de\/es\/wp-json\/wp\/v2\/media\/8073"}],"wp:attachment":[{"href":"https:\/\/bavarian-bondage.de\/es\/wp-json\/wp\/v2\/media?parent=8207"}],"wp:term":[{"taxonomy":"product_brand","embeddable":true,"href":"https:\/\/bavarian-bondage.de\/es\/wp-json\/wp\/v2\/product_brand?post=8207"},{"taxonomy":"product_cat","embeddable":true,"href":"https:\/\/bavarian-bondage.de\/es\/wp-json\/wp\/v2\/product_cat?post=8207"},{"taxonomy":"product_tag","embeddable":true,"href":"https:\/\/bavarian-bondage.de\/es\/wp-json\/wp\/v2\/product_tag?post=8207"}],"curies":[{"name":"gracias","href":"https:\/\/api.w.org\/{rel}","templated":true}]}}