{"id":8222,"date":"2023-01-28T19:42:14","date_gmt":"2023-01-28T18:42:14","guid":{"rendered":"https:\/\/bavarian-bondage.de\/?post_type=product&#038;p=8222"},"modified":"2025-10-20T11:37:43","modified_gmt":"2025-10-20T09:37:43","slug":"bolsa-de-algodon-bavara","status":"publish","type":"product","link":"https:\/\/bavarian-bondage.de\/es\/produkt\/baumwollbeutel-bavarian\/","title":{"rendered":"Bolsa de algod\u00f3n b\u00e1varo"},"content":{"rendered":"<h3 style=\"text-align: center\">Bolsa de algod\u00f3n de bondage b\u00e1varo<\/h3>\n<p style=\"text-align: center\">Tras reiteradas peticiones, ahora tambi\u00e9n disponemos de una bolsa de deporte de algod\u00f3n con nuestro logotipo. Almacenamiento f\u00e1cil y r\u00e1pido de sus cuerdas. El cord\u00f3n en ambos lados hace que la bolsa sea f\u00e1cil de cerrar y transportar.<\/p>\n<p>&nbsp;<\/p>\n<p><strong>Detalles:<\/strong><\/p>\n<p>Material: algod\u00f3n 100%<br \/>\nColor: Negro<br \/>\nTama\u00f1o: L 40cm; Ancho 36cm<br \/>\nImpresi\u00f3n: Impresi\u00f3n digital directa<\/p>\n<p>&nbsp;<\/p>\n<p><strong>Alcance de la entrega:<\/strong> Bolsa de algod\u00f3n negra<\/p>\n<p>&nbsp;<\/p>\n<hr \/>\n<blockquote>\n<p style=\"text-align: center\"><span style=\"color: #333399\">La informaci\u00f3n sobre los productos se proporciona seg\u00fan nuestro leal saber y entender. Todas las dimensiones son aproximadas. El uso de los productos ofrecidos aqu\u00ed en la tienda es bajo su propia responsabilidad. Cada persona reacciona de manera diferente a las influencias externas, al placer o al dolor, etc. Por lo tanto, no se acepta ninguna responsabilidad por un uso inadecuado.  Cada usuario asume la total responsabilidad por el uso o correcto uso de los productos y sus consecuencias imprevisibles.<\/span><\/p>\n<\/blockquote>","protected":false},"excerpt":{"rendered":"<p>Plazo de entrega: 5-7 d\u00edas*<\/p>","protected":false},"featured_media":8221,"template":"","meta":[],"product_brand":[],"product_cat":[222,223],"product_tag":[],"class_list":{"0":"post-8222","1":"product","2":"type-product","3":"status-publish","4":"has-post-thumbnail","6":"product_cat-alle-produkte","7":"product_cat-zubehoer","9":"first","10":"outofstock","11":"taxable","12":"shipping-taxable","13":"purchasable","14":"product-type-simple"},"_links":{"self":[{"href":"https:\/\/bavarian-bondage.de\/es\/wp-json\/wp\/v2\/product\/8222","targetHints":{"allow":["GET"]}}],"collection":[{"href":"https:\/\/bavarian-bondage.de\/es\/wp-json\/wp\/v2\/product"}],"about":[{"href":"https:\/\/bavarian-bondage.de\/es\/wp-json\/wp\/v2\/types\/product"}],"version-history":[{"count":2,"href":"https:\/\/bavarian-bondage.de\/es\/wp-json\/wp\/v2\/product\/8222\/revisions"}],"predecessor-version":[{"id":8234,"href":"https:\/\/bavarian-bondage.de\/es\/wp-json\/wp\/v2\/product\/8222\/revisions\/8234"}],"wp:featuredmedia":[{"embeddable":true,"href":"https:\/\/bavarian-bondage.de\/es\/wp-json\/wp\/v2\/media\/8221"}],"wp:attachment":[{"href":"https:\/\/bavarian-bondage.de\/es\/wp-json\/wp\/v2\/media?parent=8222"}],"wp:term":[{"taxonomy":"product_brand","embeddable":true,"href":"https:\/\/bavarian-bondage.de\/es\/wp-json\/wp\/v2\/product_brand?post=8222"},{"taxonomy":"product_cat","embeddable":true,"href":"https:\/\/bavarian-bondage.de\/es\/wp-json\/wp\/v2\/product_cat?post=8222"},{"taxonomy":"product_tag","embeddable":true,"href":"https:\/\/bavarian-bondage.de\/es\/wp-json\/wp\/v2\/product_tag?post=8222"}],"curies":[{"name":"gracias","href":"https:\/\/api.w.org\/{rel}","templated":true}]}}