{"id":8530,"date":"2023-01-30T09:03:41","date_gmt":"2023-01-30T08:03:41","guid":{"rendered":"https:\/\/bavarian-bondage.de\/?post_type=product&#038;p=8530"},"modified":"2026-04-03T18:20:46","modified_gmt":"2026-04-03T16:20:46","slug":"crema-para-el-cuidado-de-la-cuerda-100ml-vegana","status":"publish","type":"product","link":"https:\/\/bavarian-bondage.de\/es\/produkt\/rope-care-cream-100ml-vegan\/","title":{"rendered":"Crema Cuidado Cuerda 100ml Vegana"},"content":{"rendered":"<h3 style=\"text-align: center\">Crema para el cuidado de las cuerdas vegana<\/h3>\n<p style=\"text-align: center\">(Producci\u00f3n propia)<\/p>\n<p style=\"text-align: center\">Debido a repetidas solicitudes, ahora tambi\u00e9n ofrecemos nuestros productos para el cuidado de cuerdas veganos. En lugar de cera de abejas, la versi\u00f3n vegana utiliza cera de bayas. La crema para el cuidado de la cuerda tiene una consistencia relativamente s\u00f3lida y se masajea sobre la cuerda en comparaci\u00f3n con el aceite. Una cantidad del tama\u00f1o de una avellana suele ser suficiente para una cuerda de ocho metros.<\/p>\n<p style=\"text-align: center\">El cuidado natural para cuerdas 100% es adecuado tanto para cuerdas de c\u00e1\u00f1amo como para cuerdas de yute.<\/p>\n<p style=\"text-align: center\">Despu\u00e9s de su uso, las cuerdas deben secarse durante unos d\u00edas.<\/p>\n<p style=\"text-align: center\"><span style=\"color: #ff0000\">No es un art\u00edculo cosm\u00e9tico<\/span><\/p>\n<p style=\"text-align: center\"><span style=\"color: #ff0000\">No apto para el consumo.<\/span><\/p>\n<p><strong>Composici\u00f3n:<\/strong><\/p>\n<p>cera de bayas<br \/>\naceite de jojoba<\/p>\n<p>&nbsp;<\/p>\n<p><strong>Alcance de la entrega:<\/strong> 100ml Crema para el cuidado de las cuerdas vegana<\/p>\n<p>&nbsp;<\/p>\n<hr \/>\n<blockquote>\n<p style=\"text-align: center\"><span style=\"color: #333399\">La informaci\u00f3n sobre los productos se proporciona seg\u00fan nuestro leal saber y entender. Todas las dimensiones son aproximadas. El uso de los productos ofrecidos aqu\u00ed en la tienda es bajo su propia responsabilidad. Cada persona reacciona de manera diferente a las influencias externas, al placer o al dolor, etc. Por lo tanto, no se acepta ninguna responsabilidad por un uso inadecuado.  Cada usuario asume la total responsabilidad por el uso o correcto uso de los productos y sus consecuencias imprevisibles.<\/span><\/p>\n<\/blockquote>","protected":false},"excerpt":{"rendered":"<p>Precio b\u00e1sico: 125,00 \u20ac\/l<\/p>\n<p>Plazo de entrega: 5-7 d\u00edas*<\/p>","protected":false},"featured_media":8549,"template":"","meta":[],"product_brand":[],"product_cat":[322,233,222],"product_tag":[],"class_list":{"0":"post-8530","1":"product","2":"type-product","3":"status-publish","4":"has-post-thumbnail","6":"product_cat-seilpflege","7":"product_cat-bondage-zubehoer","8":"product_cat-alle-produkte","10":"first","11":"instock","12":"taxable","13":"shipping-taxable","14":"purchasable","15":"product-type-simple"},"_links":{"self":[{"href":"https:\/\/bavarian-bondage.de\/es\/wp-json\/wp\/v2\/product\/8530","targetHints":{"allow":["GET"]}}],"collection":[{"href":"https:\/\/bavarian-bondage.de\/es\/wp-json\/wp\/v2\/product"}],"about":[{"href":"https:\/\/bavarian-bondage.de\/es\/wp-json\/wp\/v2\/types\/product"}],"version-history":[{"count":4,"href":"https:\/\/bavarian-bondage.de\/es\/wp-json\/wp\/v2\/product\/8530\/revisions"}],"predecessor-version":[{"id":15246,"href":"https:\/\/bavarian-bondage.de\/es\/wp-json\/wp\/v2\/product\/8530\/revisions\/15246"}],"wp:featuredmedia":[{"embeddable":true,"href":"https:\/\/bavarian-bondage.de\/es\/wp-json\/wp\/v2\/media\/8549"}],"wp:attachment":[{"href":"https:\/\/bavarian-bondage.de\/es\/wp-json\/wp\/v2\/media?parent=8530"}],"wp:term":[{"taxonomy":"product_brand","embeddable":true,"href":"https:\/\/bavarian-bondage.de\/es\/wp-json\/wp\/v2\/product_brand?post=8530"},{"taxonomy":"product_cat","embeddable":true,"href":"https:\/\/bavarian-bondage.de\/es\/wp-json\/wp\/v2\/product_cat?post=8530"},{"taxonomy":"product_tag","embeddable":true,"href":"https:\/\/bavarian-bondage.de\/es\/wp-json\/wp\/v2\/product_tag?post=8530"}],"curies":[{"name":"gracias","href":"https:\/\/api.w.org\/{rel}","templated":true}]}}