{"id":8533,"date":"2023-01-30T09:12:24","date_gmt":"2023-01-30T08:12:24","guid":{"rendered":"https:\/\/bavarian-bondage.de\/?post_type=product&#038;p=8533"},"modified":"2024-11-30T13:19:53","modified_gmt":"2024-11-30T12:19:53","slug":"aceite-para-el-cuidado-de-cuerdas-vegano-100ml","status":"publish","type":"product","link":"https:\/\/bavarian-bondage.de\/es\/produkt\/seilpflegeoel-vegan-100ml\/","title":{"rendered":"Aceite para el cuidado de cuerdas vegano 100ml"},"content":{"rendered":"<h3 style=\"text-align: center\">Aceite para el cuidado de cuerdas vegano<\/h3>\n<p style=\"text-align: center\">(Producci\u00f3n propia)<\/p>\n<p style=\"text-align: center\">Esta mezcla de aceites se utiliza habitualmente para tratar mis cuerdas.<\/p>\n<p style=\"text-align: center\">\u00a1Es fino, 100% natural y tiene un olor neutro!<\/p>\n<p style=\"text-align: center\">Puedes encontrar consejos sobre el cuidado y uso de las cuerdas. <a href=\"https:\/\/bavarian-bondage.de\/es\/consejos-para-el-cuidado-de-las-cuerdas\/\">aqu\u00ed.<\/a><\/p>\n<p>&nbsp;<\/p>\n<p style=\"text-align: center\"><span style=\"color: #ff0000\">No es un art\u00edculo cosm\u00e9tico.<\/span><\/p>\n<p style=\"text-align: center\"><span style=\"color: #ff0000\">No apto para el consumo.<\/span><\/p>\n<p>&nbsp;<\/p>\n<p><strong>Composici\u00f3n:<\/strong><\/p>\n<p>aceite de jojoba<br \/>\naceite de camelia<br \/>\ncera de bayas<\/p>\n<p>&nbsp;<\/p>\n<p><strong>Alcance de la entrega:<\/strong> 100 ml de aceite para el cuidado de cuerdas vegano; Prospecto<\/p>\n<p>&nbsp;<\/p>\n<hr \/>\n<blockquote>\n<p style=\"text-align: center\"><span style=\"color: #333399\">La informaci\u00f3n sobre los productos se proporciona seg\u00fan nuestro leal saber y entender. Todas las dimensiones son aproximadas. El uso de los productos ofrecidos aqu\u00ed en la tienda es bajo su propia responsabilidad. Cada persona reacciona de manera diferente a las influencias externas, al placer o al dolor, etc. Por lo tanto, no se acepta ninguna responsabilidad por un uso inadecuado.  Cada usuario asume la total responsabilidad por el uso o correcto uso de los productos y sus consecuencias imprevisibles.<\/span><\/p>\n<\/blockquote>","protected":false},"excerpt":{"rendered":"<p>Precio b\u00e1sico: 95,00 \u20ac\/l<\/p>\n<p>Plazo de entrega: 5-7 d\u00edas*<\/p>","protected":false},"featured_media":8545,"template":"","meta":[],"product_brand":[],"product_cat":[222,233,322],"product_tag":[],"class_list":{"0":"post-8533","1":"product","2":"type-product","3":"status-publish","4":"has-post-thumbnail","6":"product_cat-alle-produkte","7":"product_cat-bondage-zubehoer","8":"product_cat-seilpflege","10":"first","11":"instock","12":"taxable","13":"shipping-taxable","14":"purchasable","15":"product-type-simple"},"_links":{"self":[{"href":"https:\/\/bavarian-bondage.de\/es\/wp-json\/wp\/v2\/product\/8533","targetHints":{"allow":["GET"]}}],"collection":[{"href":"https:\/\/bavarian-bondage.de\/es\/wp-json\/wp\/v2\/product"}],"about":[{"href":"https:\/\/bavarian-bondage.de\/es\/wp-json\/wp\/v2\/types\/product"}],"version-history":[{"count":3,"href":"https:\/\/bavarian-bondage.de\/es\/wp-json\/wp\/v2\/product\/8533\/revisions"}],"predecessor-version":[{"id":15942,"href":"https:\/\/bavarian-bondage.de\/es\/wp-json\/wp\/v2\/product\/8533\/revisions\/15942"}],"wp:featuredmedia":[{"embeddable":true,"href":"https:\/\/bavarian-bondage.de\/es\/wp-json\/wp\/v2\/media\/8545"}],"wp:attachment":[{"href":"https:\/\/bavarian-bondage.de\/es\/wp-json\/wp\/v2\/media?parent=8533"}],"wp:term":[{"taxonomy":"product_brand","embeddable":true,"href":"https:\/\/bavarian-bondage.de\/es\/wp-json\/wp\/v2\/product_brand?post=8533"},{"taxonomy":"product_cat","embeddable":true,"href":"https:\/\/bavarian-bondage.de\/es\/wp-json\/wp\/v2\/product_cat?post=8533"},{"taxonomy":"product_tag","embeddable":true,"href":"https:\/\/bavarian-bondage.de\/es\/wp-json\/wp\/v2\/product_tag?post=8533"}],"curies":[{"name":"gracias","href":"https:\/\/api.w.org\/{rel}","templated":true}]}}