{"id":8783,"date":"2023-01-30T17:21:37","date_gmt":"2023-01-30T16:21:37","guid":{"rendered":"https:\/\/bavarian-bondage.de\/?post_type=product&#038;p=8783"},"modified":"2026-01-15T17:31:33","modified_gmt":"2026-01-15T16:31:33","slug":"yute-s-edition-5mm-set-exclusivo-10x8-y-2x4m","status":"publish","type":"product","link":"https:\/\/bavarian-bondage.de\/es\/produkt\/jute-s-edition-5mm-exklusiv-set-10x8-und-2x4m\/","title":{"rendered":"Yute S-Edition 5 mm EXCLUSIVO; Conjunto 10\u00d78 y 2x4m"},"content":{"rendered":"<h3 style=\"text-align: center\">Yute S-Edition 5mm EXCLUSIVO<\/h3>\n<p style=\"text-align: center\">Este gran set profesional ofrece una gran cantidad de cuerdas para t\u00e9cnicas de bondage exigentes. Las dos cuerdas m\u00e1s cortas complementan a la perfecci\u00f3n el set y ofrecen m\u00faltiples posibilidades de aplicaci\u00f3n.<\/p>\n<p style=\"text-align: center\">Una cuerda muy apretada con sus propias ventajas. El hilo adecuado y un acabado elaborado crean una superficie hermosa y lisa que apenas se deshilacha y, a diferencia de muchas cuerdas de yute, no se raya. Atar con estas cuerdas es ligeramente diferente a hacerlo con otras y requiere algo de pr\u00e1ctica al principio. Una vez bien atadas, las cuerdas se aflojan un poco, pero conservan su firmeza.<\/p>\n<p style=\"text-align: center\">Los extremos se atan con peque\u00f1os nudos triscos, lo que facilita mucho el atado.<\/p>\n<p>&nbsp;<\/p>\n<p>&nbsp;<\/p>\n<p><strong>Detalles:<\/strong><br \/>\nYute S-Edition 5mm EXCLUSIVO<br \/>\n3 ejes torcidos (<em>Doble<\/em>\u2013<em>capa)<\/em><br \/>\nTono caramelo claro<br \/>\nNudos de extremo peque\u00f1os<br \/>\nLongitud: 10\u00d78 m y 2x4 m<br \/>\n(La longitud de la cuerda puede variar hasta 3% de la longitud especificada).<\/p>\n<p>&nbsp;<\/p>\n<p><span style=\"color: #ff0000\"><strong>Un aviso:<\/strong><\/span><\/p>\n<p>\u00a1Compruebe peri\u00f3dicamente si los cables est\u00e1n desgastados o da\u00f1ados!<br \/>\n\u00a1Si las cuerdas se golpean o retuercen, pueden soltarse durante el uso!<br \/>\nNo lave cuerdas de yute. Lo mejor es limpiar con un pa\u00f1o h\u00famedo.<\/p>\n<p>&nbsp;<\/p>\n<p><strong>Alcance de la entrega:<\/strong> Yute S-Edition 10x8m y 2x4m 5mm EXCLUSIVO<\/p>\n<p>&nbsp;<\/p>\n<hr \/>\n<blockquote>\n<p style=\"text-align: center\"><span style=\"color: #333399\">La informaci\u00f3n sobre los productos se proporciona seg\u00fan nuestro leal saber y entender. Todas las dimensiones son aproximadas. El uso de los productos ofrecidos aqu\u00ed en la tienda es bajo su propia responsabilidad. Cada persona reacciona de manera diferente a las influencias externas, al placer o al dolor, etc. Por lo tanto, no se acepta ninguna responsabilidad por un uso inadecuado.  Cada usuario asume la total responsabilidad por el uso o correcto uso de los productos y sus consecuencias imprevisibles.<\/span><\/p>\n<\/blockquote>","protected":false},"excerpt":{"rendered":"<p>Precio b\u00e1sico: 2,14\u20ac\/m<\/p>\n<p>Plazo de entrega: 5-7 d\u00edas*<\/p>","protected":false},"featured_media":8904,"template":"","meta":[],"product_brand":[],"product_cat":[216,294,483],"product_tag":[],"class_list":{"0":"post-8783","1":"product","2":"type-product","3":"status-publish","4":"has-post-thumbnail","6":"product_cat-bondageseile","7":"product_cat-juteseile","8":"product_cat-jute-s-edition-5mm","10":"first","11":"instock","12":"taxable","13":"shipping-taxable","14":"purchasable","15":"product-type-simple"},"_links":{"self":[{"href":"https:\/\/bavarian-bondage.de\/es\/wp-json\/wp\/v2\/product\/8783","targetHints":{"allow":["GET"]}}],"collection":[{"href":"https:\/\/bavarian-bondage.de\/es\/wp-json\/wp\/v2\/product"}],"about":[{"href":"https:\/\/bavarian-bondage.de\/es\/wp-json\/wp\/v2\/types\/product"}],"version-history":[{"count":5,"href":"https:\/\/bavarian-bondage.de\/es\/wp-json\/wp\/v2\/product\/8783\/revisions"}],"predecessor-version":[{"id":16502,"href":"https:\/\/bavarian-bondage.de\/es\/wp-json\/wp\/v2\/product\/8783\/revisions\/16502"}],"wp:featuredmedia":[{"embeddable":true,"href":"https:\/\/bavarian-bondage.de\/es\/wp-json\/wp\/v2\/media\/8904"}],"wp:attachment":[{"href":"https:\/\/bavarian-bondage.de\/es\/wp-json\/wp\/v2\/media?parent=8783"}],"wp:term":[{"taxonomy":"product_brand","embeddable":true,"href":"https:\/\/bavarian-bondage.de\/es\/wp-json\/wp\/v2\/product_brand?post=8783"},{"taxonomy":"product_cat","embeddable":true,"href":"https:\/\/bavarian-bondage.de\/es\/wp-json\/wp\/v2\/product_cat?post=8783"},{"taxonomy":"product_tag","embeddable":true,"href":"https:\/\/bavarian-bondage.de\/es\/wp-json\/wp\/v2\/product_tag?post=8783"}],"curies":[{"name":"gracias","href":"https:\/\/api.w.org\/{rel}","templated":true}]}}