{"id":8788,"date":"2023-01-30T17:30:39","date_gmt":"2023-01-30T16:30:39","guid":{"rendered":"https:\/\/bavarian-bondage.de\/?post_type=product&#038;p=8788"},"modified":"2025-10-19T15:47:08","modified_gmt":"2025-10-19T13:47:08","slug":"yute-s-edition-5mm-set-clasico-1x8","status":"publish","type":"product","link":"https:\/\/bavarian-bondage.de\/es\/produkt\/jute-s-edition-5mm-klassik-set-1x8\/","title":{"rendered":"Yute S-Edition 5mm CLASSIC; Conjunto 1x8m"},"content":{"rendered":"<h3 style=\"text-align: center\">Yute Edici\u00f3n S 5mm CLASSIC<\/h3>\n<p style=\"text-align: center\">Reemplaza una cuerda, ampl\u00eda el conjunto o simplemente comprueba la calidad.<\/p>\n<p style=\"text-align: center\">Una cuerda muy retorcida con sus propias ventajas. El hilo adecuado y el elaborado acabado crean una superficie hermosa y suave que apenas se pela y, a diferencia de muchas cuerdas de yute, no se raya. Atar con estas cuerdas es un poco diferente que con otras y requiere algo de pr\u00e1ctica al principio. Si las cuerdas se atan correctamente, se aflojan un poco, pero conservan su fuerte n\u00facleo.<\/p>\n<p style=\"text-align: center\">Los extremos se cierran con un simple nudo,<\/p>\n<p>&nbsp;<\/p>\n<p><strong>Detalles:<\/strong><br \/>\nYute Edici\u00f3n S 5mm CLASSIC<br \/>\n3 ejes torcidos (<em>Doble<\/em>\u2013<em>capa)<\/em><br \/>\nTono caramelo claro<br \/>\nnudo simple<br \/>\nLongitud: 1x8m<br \/>\n(La longitud de la cuerda puede variar hasta 3% de la longitud especificada).<\/p>\n<p>&nbsp;<\/p>\n<p><span style=\"color: #ff0000\"><strong>Un aviso:<\/strong><\/span><\/p>\n<p>\u00a1Compruebe peri\u00f3dicamente si los cables est\u00e1n desgastados o da\u00f1ados!<br \/>\n\u00a1Si las cuerdas se golpean o retuercen, pueden soltarse durante el uso!<br \/>\nNo lave cuerdas de yute. Lo mejor es limpiar con un pa\u00f1o h\u00famedo.<\/p>\n<p>&nbsp;<\/p>\n<p><strong>Alcance de la entrega:<\/strong> 1x8m yute S-Edition 5mm CLASSIC; Prospecto<\/p>\n<p>&nbsp;<\/p>\n<hr \/>\n<blockquote>\n<p style=\"text-align: center\"><span style=\"color: #333399\">La informaci\u00f3n sobre los productos se proporciona seg\u00fan nuestro leal saber y entender. Todas las dimensiones son aproximadas. El uso de los productos ofrecidos aqu\u00ed en la tienda es bajo su propia responsabilidad. Cada persona reacciona de manera diferente a las influencias externas, al placer o al dolor, etc. Por lo tanto, no se acepta ninguna responsabilidad por un uso inadecuado.  Cada usuario asume la total responsabilidad por el uso o correcto uso de los productos y sus consecuencias imprevisibles.<\/span><\/p>\n<\/blockquote>","protected":false},"excerpt":{"rendered":"<p>Precio b\u00e1sico: 2,31\u20ac\/m<\/p>\n<p>Plazo de entrega: 5-7 d\u00edas*<\/p>","protected":false},"featured_media":8903,"template":"","meta":[],"product_brand":[],"product_cat":[216,294,483],"product_tag":[],"class_list":{"0":"post-8788","1":"product","2":"type-product","3":"status-publish","4":"has-post-thumbnail","6":"product_cat-bondageseile","7":"product_cat-juteseile","8":"product_cat-jute-s-edition-5mm","10":"first","11":"instock","12":"taxable","13":"shipping-taxable","14":"purchasable","15":"product-type-simple"},"_links":{"self":[{"href":"https:\/\/bavarian-bondage.de\/es\/wp-json\/wp\/v2\/product\/8788","targetHints":{"allow":["GET"]}}],"collection":[{"href":"https:\/\/bavarian-bondage.de\/es\/wp-json\/wp\/v2\/product"}],"about":[{"href":"https:\/\/bavarian-bondage.de\/es\/wp-json\/wp\/v2\/types\/product"}],"version-history":[{"count":6,"href":"https:\/\/bavarian-bondage.de\/es\/wp-json\/wp\/v2\/product\/8788\/revisions"}],"predecessor-version":[{"id":13879,"href":"https:\/\/bavarian-bondage.de\/es\/wp-json\/wp\/v2\/product\/8788\/revisions\/13879"}],"wp:featuredmedia":[{"embeddable":true,"href":"https:\/\/bavarian-bondage.de\/es\/wp-json\/wp\/v2\/media\/8903"}],"wp:attachment":[{"href":"https:\/\/bavarian-bondage.de\/es\/wp-json\/wp\/v2\/media?parent=8788"}],"wp:term":[{"taxonomy":"product_brand","embeddable":true,"href":"https:\/\/bavarian-bondage.de\/es\/wp-json\/wp\/v2\/product_brand?post=8788"},{"taxonomy":"product_cat","embeddable":true,"href":"https:\/\/bavarian-bondage.de\/es\/wp-json\/wp\/v2\/product_cat?post=8788"},{"taxonomy":"product_tag","embeddable":true,"href":"https:\/\/bavarian-bondage.de\/es\/wp-json\/wp\/v2\/product_tag?post=8788"}],"curies":[{"name":"gracias","href":"https:\/\/api.w.org\/{rel}","templated":true}]}}