{"id":8906,"date":"2023-01-31T13:54:05","date_gmt":"2023-01-31T12:54:05","guid":{"rendered":"https:\/\/bavarian-bondage.de\/?post_type=product&#038;p=8906"},"modified":"2026-03-20T08:55:29","modified_gmt":"2026-03-20T07:55:29","slug":"ishidaki-version-1","status":"publish","type":"product","link":"https:\/\/bavarian-bondage.de\/es\/produkt\/ishidaki-version-1\/","title":{"rendered":"Ishidaki versi\u00f3n 1"},"content":{"rendered":"<h3 style=\"text-align: center\">Ishidaki versi\u00f3n 1<\/h3>\n<p style=\"text-align: center\">Nuestra interpretaci\u00f3n moderna de un Ishidaki (rodillera). La tabla est\u00e1 hecha de haya y nogal y se puede utilizar por ambos lados. Como puedes ver en las im\u00e1genes, un lado tiene 13 puntales transversales, mientras que el segundo lado tiene 593 peque\u00f1as pir\u00e1mides. El tablero est\u00e1 dise\u00f1ado de manera que toque el suelo en las cuatro esquinas y en el centro a izquierda y derecha. Las puntas de ambos lados est\u00e1n unos 3 mm m\u00e1s bajas para no da\u00f1ar el suelo. Sin embargo, es recomendable utilizar una base.<\/p>\n<p style=\"text-align: center\">El tablero Ishidaki est\u00e1 fabricado \u00edntegramente de una sola pieza, y previamente solo se ha pegado el material base y finalmente se ha tratado con aceite para madera. Ya sea de pie, sentado o arrodillado, la tabla definitivamente puede enriquecer tu sesi\u00f3n de Shibari.<\/p>\n<p>&nbsp;<\/p>\n<p><strong>Detalles:<\/strong><\/p>\n<p>Material: haya, nogal<br \/>\nColor: nuez \u2013 haya<br \/>\nLongitud: 46cm<br \/>\nAncho: 40cm<br \/>\nAltura: 4cm<br \/>\nPeso: Aprox. 3 kg<\/p>\n<p>&nbsp;<\/p>\n<p>&nbsp;<\/p>\n<p><strong>Alcance de la entrega:<\/strong> 1x Ishidaki versi\u00f3n 1 haya y nogal<\/p>\n<p>&nbsp;<\/p>\n<hr \/>\n<blockquote>\n<p style=\"text-align: center\"><span style=\"color: #333399\">La informaci\u00f3n sobre los productos se proporciona seg\u00fan nuestro leal saber y entender. Todas las dimensiones son aproximadas. El uso de los productos ofrecidos aqu\u00ed en la tienda es bajo su propia responsabilidad. Cada persona reacciona de manera diferente a las influencias externas, al placer o al dolor, etc. Por lo tanto, no se acepta ninguna responsabilidad por un uso inadecuado.  Cada usuario asume la total responsabilidad por el uso o correcto uso de los productos y sus consecuencias imprevisibles.<\/span><\/p>\n<\/blockquote>","protected":false},"excerpt":{"rendered":"<p>Ishidaki versi\u00f3n 1<\/p>","protected":false},"featured_media":8981,"template":"","meta":[],"product_brand":[],"product_cat":[223],"product_tag":[],"class_list":{"0":"post-8906","1":"product","2":"type-product","3":"status-publish","4":"has-post-thumbnail","6":"product_cat-zubehoer","8":"first","9":"instock","10":"taxable","11":"shipping-taxable","12":"purchasable","13":"product-type-simple"},"_links":{"self":[{"href":"https:\/\/bavarian-bondage.de\/es\/wp-json\/wp\/v2\/product\/8906","targetHints":{"allow":["GET"]}}],"collection":[{"href":"https:\/\/bavarian-bondage.de\/es\/wp-json\/wp\/v2\/product"}],"about":[{"href":"https:\/\/bavarian-bondage.de\/es\/wp-json\/wp\/v2\/types\/product"}],"version-history":[{"count":4,"href":"https:\/\/bavarian-bondage.de\/es\/wp-json\/wp\/v2\/product\/8906\/revisions"}],"predecessor-version":[{"id":13946,"href":"https:\/\/bavarian-bondage.de\/es\/wp-json\/wp\/v2\/product\/8906\/revisions\/13946"}],"wp:featuredmedia":[{"embeddable":true,"href":"https:\/\/bavarian-bondage.de\/es\/wp-json\/wp\/v2\/media\/8981"}],"wp:attachment":[{"href":"https:\/\/bavarian-bondage.de\/es\/wp-json\/wp\/v2\/media?parent=8906"}],"wp:term":[{"taxonomy":"product_brand","embeddable":true,"href":"https:\/\/bavarian-bondage.de\/es\/wp-json\/wp\/v2\/product_brand?post=8906"},{"taxonomy":"product_cat","embeddable":true,"href":"https:\/\/bavarian-bondage.de\/es\/wp-json\/wp\/v2\/product_cat?post=8906"},{"taxonomy":"product_tag","embeddable":true,"href":"https:\/\/bavarian-bondage.de\/es\/wp-json\/wp\/v2\/product_tag?post=8906"}],"curies":[{"name":"gracias","href":"https:\/\/api.w.org\/{rel}","templated":true}]}}