{"id":8909,"date":"2023-01-31T09:16:02","date_gmt":"2023-01-31T08:16:02","guid":{"rendered":"https:\/\/bavarian-bondage.de\/?post_type=product&#038;p=8909"},"modified":"2024-11-30T14:06:42","modified_gmt":"2024-11-30T13:06:42","slug":"reloj-de-pared-version-1","status":"publish","type":"product","link":"https:\/\/bavarian-bondage.de\/es\/produkt\/wanduhr-version-1\/","title":{"rendered":"Reloj de pared versi\u00f3n 1"},"content":{"rendered":"<h3 style=\"text-align: center\">Reloj de pared versi\u00f3n 1<\/h3>\n<p style=\"text-align: center\">\u00a1Definitivamente llamar\u00e1n la atenci\u00f3n nuestros relojes de pared!<\/p>\n<p style=\"text-align: center\">El reloj est\u00e1 hecho de multiplex de abedul de 20 mm y se utiliza madera de \u00e1lamo como cubierta en la parte posterior. Se utilizan cuerdas de c\u00e1\u00f1amo de 3 mm y 4 mm para los n\u00fameros romanos y las segundas l\u00edneas. El fresado del centro estaba pintado de negro y rojo.<\/p>\n<p>&nbsp;<\/p>\n<h3 style=\"text-align: center\"><strong>Un aviso:<\/strong><\/h3>\n<p style=\"text-align: center\"><strong>No hay movimiento, ni manos ni bater\u00eda incluida. El recorte en la parte posterior mide 60x60 mm y tiene una profundidad de 20 mm. El agujero para el eje del reloj es de 8mm. La longitud del eje del reloj debe ser de al menos 11-13 mm.<\/strong><\/p>\n<p>&nbsp;<\/p>\n<p><strong>Detalles:<\/strong><\/p>\n<p>Material: abedul multiplex<br \/>\nDi\u00e1metro: 37cm<br \/>\nAncho: 40cm<br \/>\nAltura: 21 mm<br \/>\nPeso: aproximadamente 1 kg.<\/p>\n<p>&nbsp;<\/p>\n<p>&nbsp;<\/p>\n<p><strong>Alcance de la entrega:<\/strong> 1x reloj de pared versi\u00f3n 1<\/p>\n<p>&nbsp;<\/p>\n<hr \/>\n<blockquote>\n<p style=\"text-align: center\"><span style=\"color: #333399\">La informaci\u00f3n sobre los productos se proporciona seg\u00fan nuestro leal saber y entender. Todas las dimensiones son aproximadas. El uso de los productos ofrecidos aqu\u00ed en la tienda es bajo su propia responsabilidad. Cada persona reacciona de manera diferente a las influencias externas, al placer o al dolor, etc. Por lo tanto, no se acepta ninguna responsabilidad por un uso inadecuado.  Cada usuario asume la total responsabilidad por el uso o correcto uso de los productos y sus consecuencias imprevisibles.<\/span><\/p>\n<\/blockquote>","protected":false},"excerpt":{"rendered":"<p>Plazo de entrega: 5-7 d\u00edas*<\/p>","protected":false},"featured_media":8991,"template":"","meta":[],"product_brand":[],"product_cat":[223],"product_tag":[],"class_list":{"0":"post-8909","1":"product","2":"type-product","3":"status-publish","4":"has-post-thumbnail","6":"product_cat-zubehoer","8":"first","9":"instock","10":"taxable","11":"shipping-taxable","12":"purchasable","13":"product-type-simple"},"_links":{"self":[{"href":"https:\/\/bavarian-bondage.de\/es\/wp-json\/wp\/v2\/product\/8909","targetHints":{"allow":["GET"]}}],"collection":[{"href":"https:\/\/bavarian-bondage.de\/es\/wp-json\/wp\/v2\/product"}],"about":[{"href":"https:\/\/bavarian-bondage.de\/es\/wp-json\/wp\/v2\/types\/product"}],"version-history":[{"count":6,"href":"https:\/\/bavarian-bondage.de\/es\/wp-json\/wp\/v2\/product\/8909\/revisions"}],"predecessor-version":[{"id":13947,"href":"https:\/\/bavarian-bondage.de\/es\/wp-json\/wp\/v2\/product\/8909\/revisions\/13947"}],"wp:featuredmedia":[{"embeddable":true,"href":"https:\/\/bavarian-bondage.de\/es\/wp-json\/wp\/v2\/media\/8991"}],"wp:attachment":[{"href":"https:\/\/bavarian-bondage.de\/es\/wp-json\/wp\/v2\/media?parent=8909"}],"wp:term":[{"taxonomy":"product_brand","embeddable":true,"href":"https:\/\/bavarian-bondage.de\/es\/wp-json\/wp\/v2\/product_brand?post=8909"},{"taxonomy":"product_cat","embeddable":true,"href":"https:\/\/bavarian-bondage.de\/es\/wp-json\/wp\/v2\/product_cat?post=8909"},{"taxonomy":"product_tag","embeddable":true,"href":"https:\/\/bavarian-bondage.de\/es\/wp-json\/wp\/v2\/product_tag?post=8909"}],"curies":[{"name":"gracias","href":"https:\/\/api.w.org\/{rel}","templated":true}]}}