{"id":8968,"date":"2023-01-31T16:11:44","date_gmt":"2023-01-31T15:11:44","guid":{"rendered":"https:\/\/bavarian-bondage.de\/?post_type=product&#038;p=8968"},"modified":"2025-12-04T21:34:19","modified_gmt":"2025-12-04T20:34:19","slug":"pala-de-diseno-de-madera-preciosa-amazakoue","status":"publish","type":"product","link":"https:\/\/bavarian-bondage.de\/es\/produkt\/edelholz-design-paddel-amazakoue\/","title":{"rendered":"Remo de dise\u00f1o en madera preciosa Amazakoue"},"content":{"rendered":"<h3 style=\"text-align: center\">Remo de dise\u00f1o en madera preciosa<\/h3>\n<p style=\"text-align: center\">Nuestros nuevos juegos de remo convencen por la combinaci\u00f3n de maderas nobles, un c\u00f3modo mango de cuerda de c\u00e1\u00f1amo y los delicados grabados fresados en un lado. \u00a1El acabado extrafino, curvado y al mismo tiempo estable de las dos palas estrechas tambi\u00e9n garantiza una sensaci\u00f3n diferente en comparaci\u00f3n con las m\u00e1s gruesas! Los patrones grabados no s\u00f3lo sirven como una hermosa decoraci\u00f3n, sino que, cuando se usan correctamente, tambi\u00e9n crean maravillosas impresiones en la piel. Las superficies fueron tratadas con aceite para madera. Las palas se entregan bien empaquetadas en una bolsa de poli\u00e9ster a juego.<\/p>\n<p style=\"text-align: center\">\u00a1Las palas se ofrecen en tres formas y cuatro colores diferentes!<\/p>\n<blockquote><p>&nbsp;<\/p><\/blockquote>\n<p><strong>Detalles:<\/strong><\/p>\n<p>Material: Amazakoue; cuerda de c\u00e1\u00f1amo natural<br \/>\nBolsa de material: poli\u00e9ster 100%<br \/>\nProducci\u00f3n: Producci\u00f3n propia<br \/>\nVarias versiones disponibles<\/p>\n<p>&nbsp;<\/p>\n<p><strong>Alcance de la entrega:<\/strong> 1 remo de dise\u00f1o en madera preciosa Amazakoue<\/p>\n<p>&nbsp;<\/p>\n<hr \/>\n<blockquote>\n<p style=\"text-align: center\"><span style=\"color: #333399\">La informaci\u00f3n sobre los productos se proporciona seg\u00fan nuestro leal saber y entender. Todas las dimensiones son aproximadas. El uso de los productos ofrecidos aqu\u00ed en la tienda es bajo su propia responsabilidad. Cada persona reacciona de manera diferente a las influencias externas, al placer o al dolor, etc. Por lo tanto, no se acepta ninguna responsabilidad por un uso inadecuado.  Cada usuario asume la total responsabilidad por el uso o correcto uso de los productos y sus consecuencias imprevisibles.<\/span><\/p>\n<\/blockquote>","protected":false},"excerpt":{"rendered":"<p>Plazo de entrega: 5-7 d\u00edas*<\/p>","protected":false},"featured_media":14126,"template":"","meta":[],"product_brand":[],"product_cat":[252],"product_tag":[],"class_list":{"0":"post-8968","1":"product","2":"type-product","3":"status-publish","4":"has-post-thumbnail","6":"product_cat-peitschen-gerten","8":"first","9":"instock","10":"taxable","11":"shipping-taxable","12":"purchasable","13":"product-type-variable"},"_links":{"self":[{"href":"https:\/\/bavarian-bondage.de\/es\/wp-json\/wp\/v2\/product\/8968","targetHints":{"allow":["GET"]}}],"collection":[{"href":"https:\/\/bavarian-bondage.de\/es\/wp-json\/wp\/v2\/product"}],"about":[{"href":"https:\/\/bavarian-bondage.de\/es\/wp-json\/wp\/v2\/types\/product"}],"version-history":[{"count":7,"href":"https:\/\/bavarian-bondage.de\/es\/wp-json\/wp\/v2\/product\/8968\/revisions"}],"predecessor-version":[{"id":13991,"href":"https:\/\/bavarian-bondage.de\/es\/wp-json\/wp\/v2\/product\/8968\/revisions\/13991"}],"wp:featuredmedia":[{"embeddable":true,"href":"https:\/\/bavarian-bondage.de\/es\/wp-json\/wp\/v2\/media\/14126"}],"wp:attachment":[{"href":"https:\/\/bavarian-bondage.de\/es\/wp-json\/wp\/v2\/media?parent=8968"}],"wp:term":[{"taxonomy":"product_brand","embeddable":true,"href":"https:\/\/bavarian-bondage.de\/es\/wp-json\/wp\/v2\/product_brand?post=8968"},{"taxonomy":"product_cat","embeddable":true,"href":"https:\/\/bavarian-bondage.de\/es\/wp-json\/wp\/v2\/product_cat?post=8968"},{"taxonomy":"product_tag","embeddable":true,"href":"https:\/\/bavarian-bondage.de\/es\/wp-json\/wp\/v2\/product_tag?post=8968"}],"curies":[{"name":"gracias","href":"https:\/\/api.w.org\/{rel}","templated":true}]}}