{"id":9046,"date":"2023-02-01T12:03:56","date_gmt":"2023-02-01T11:03:56","guid":{"rendered":"https:\/\/bavarian-bondage.de\/?post_type=product&#038;p=9046"},"modified":"2025-11-25T12:40:51","modified_gmt":"2025-11-25T11:40:51","slug":"yute-s-edition-negro-6mm-cuerda-simple-exclusiva-4m","status":"publish","type":"product","link":"https:\/\/bavarian-bondage.de\/es\/produkt\/jute-s-edition-schwarz-6mm-exklusiv-einzelseil-4m\/","title":{"rendered":"Yute S-Edition Negro 6 mm EXCLUSIVO; Cuerda simple 4m"},"content":{"rendered":"<h3 style=\"text-align: center\">Yute S-Edition Negro 6mm EXCLUSIVO<\/h3>\n<p style=\"text-align: center\">Cambiar una cuerda, ampliar el juego o simplemente comprobar la calidad: para eso est\u00e1n destinadas las cuerdas individuales.<\/p>\n<p style=\"text-align: center\">A diferencia de las cuerdas naturales, las cuerdas se vuelven m\u00e1s suaves al te\u00f1irlas, pero el n\u00facleo s\u00f3lido permanece intacto incluso con la S-Edition te\u00f1ida. Las cuerdas de yute listas para atar son muy agradables para la piel, casi no pica y no se desprenden mucho.<\/p>\n<p style=\"text-align: center\">Los extremos se atan con peque\u00f1os nudos triscos, lo que facilita mucho el atado.<\/p>\n<p>&nbsp;<\/p>\n<p>&nbsp;<\/p>\n<p><strong>Detalles:<\/strong><br \/>\nYute S-Edition Negro 6mm EXCLUSIVO<br \/>\n3 ejes torcidos (<em>Doble<\/em>\u2013<em>capa)<\/em><br \/>\nDe color negro<br \/>\nNudos de extremo peque\u00f1os<br \/>\nLongitud: 1x4m<br \/>\n(La longitud de la cuerda puede variar hasta 3% de la longitud especificada).<\/p>\n<p>&nbsp;<\/p>\n<p><span style=\"color: #ff0000\"><strong>Un aviso:<\/strong><\/span><\/p>\n<p>\u00a1Compruebe peri\u00f3dicamente si los cables est\u00e1n desgastados o da\u00f1ados!<br \/>\n\u00a1Si las cuerdas se golpean o retuercen, pueden soltarse durante el uso!<br \/>\nNo lave cuerdas de yute. Lo mejor es limpiar con un pa\u00f1o h\u00famedo.<\/p>\n<p>&nbsp;<\/p>\n<p><strong>Alcance de la entrega:<\/strong> 1x4m Yute S-Edition Negro 6mm EXCLUSIVO<\/p>\n<p>&nbsp;<\/p>\n<hr \/>\n<blockquote>\n<p style=\"text-align: center\"><span style=\"color: #333399\">La informaci\u00f3n sobre los productos se proporciona seg\u00fan nuestro leal saber y entender. Todas las dimensiones son aproximadas. El uso de los productos ofrecidos aqu\u00ed en la tienda es bajo su propia responsabilidad. Cada persona reacciona de manera diferente a las influencias externas, al placer o al dolor, etc. Por lo tanto, no se acepta ninguna responsabilidad por un uso inadecuado.  Cada usuario asume la total responsabilidad por el uso o correcto uso de los productos y sus consecuencias imprevisibles.<\/span><\/p>\n<\/blockquote>","protected":false},"excerpt":{"rendered":"<p>Precio b\u00e1sico: 3,38\u20ac\/m<\/p>\n<p>Plazo de entrega: 5-7 d\u00edas*<\/p>","protected":false},"featured_media":9096,"template":"","meta":[],"product_brand":[],"product_cat":[216,494,294],"product_tag":[],"class_list":{"0":"post-9046","1":"product","2":"type-product","3":"status-publish","4":"has-post-thumbnail","6":"product_cat-bondageseile","7":"product_cat-jute-s-edition-farbig","8":"product_cat-juteseile","10":"first","11":"instock","12":"taxable","13":"shipping-taxable","14":"purchasable","15":"product-type-simple"},"_links":{"self":[{"href":"https:\/\/bavarian-bondage.de\/es\/wp-json\/wp\/v2\/product\/9046","targetHints":{"allow":["GET"]}}],"collection":[{"href":"https:\/\/bavarian-bondage.de\/es\/wp-json\/wp\/v2\/product"}],"about":[{"href":"https:\/\/bavarian-bondage.de\/es\/wp-json\/wp\/v2\/types\/product"}],"version-history":[{"count":4,"href":"https:\/\/bavarian-bondage.de\/es\/wp-json\/wp\/v2\/product\/9046\/revisions"}],"predecessor-version":[{"id":14005,"href":"https:\/\/bavarian-bondage.de\/es\/wp-json\/wp\/v2\/product\/9046\/revisions\/14005"}],"wp:featuredmedia":[{"embeddable":true,"href":"https:\/\/bavarian-bondage.de\/es\/wp-json\/wp\/v2\/media\/9096"}],"wp:attachment":[{"href":"https:\/\/bavarian-bondage.de\/es\/wp-json\/wp\/v2\/media?parent=9046"}],"wp:term":[{"taxonomy":"product_brand","embeddable":true,"href":"https:\/\/bavarian-bondage.de\/es\/wp-json\/wp\/v2\/product_brand?post=9046"},{"taxonomy":"product_cat","embeddable":true,"href":"https:\/\/bavarian-bondage.de\/es\/wp-json\/wp\/v2\/product_cat?post=9046"},{"taxonomy":"product_tag","embeddable":true,"href":"https:\/\/bavarian-bondage.de\/es\/wp-json\/wp\/v2\/product_tag?post=9046"}],"curies":[{"name":"gracias","href":"https:\/\/api.w.org\/{rel}","templated":true}]}}