{"id":9425,"date":"2023-02-02T11:38:56","date_gmt":"2023-02-02T10:38:56","guid":{"rendered":"https:\/\/bavarian-bondage.de\/?post_type=product&#038;p=9425"},"modified":"2025-09-09T13:47:36","modified_gmt":"2025-09-09T11:47:36","slug":"cuerda-canamo-lino-natural-3mm-cuerda-simple-clasica-8m","status":"publish","type":"product","link":"https:\/\/bavarian-bondage.de\/es\/produkt\/leinenhanfseil-natur-3mm-klassik-einzelseil-8m\/","title":{"rendered":"Cuerda de c\u00e1\u00f1amo de lino natural 3 mm cl\u00e1sica; Cuerda simple 8m"},"content":{"rendered":"<h3 style=\"text-align: center\">Cuerda c\u00e1\u00f1amo lino 3mm CLASSIC<\/h3>\n<p style=\"text-align: center\">La cuerda de c\u00e1\u00f1amo de lino Classic de 3 mm es agradablemente suave, muy flexible y convence por su textura uniforme. No tiene nudos, es inodoro y arroja muy poco. La cuerda de c\u00e1\u00f1amo de tres ejes fue lavada, rota, flameada y luego aceitada. El color de la cuerda es un tono gris claro natural. \u00a1Los extremos se terminaron con un simple nudo!<\/p>\n<p style=\"text-align: center\">Las cuerdas de 3 mm no est\u00e1n dise\u00f1adas para bondage normal. Se utilizan tanto para decoraciones art\u00edsticas como para sujetar el cabello o la cara.<\/p>\n<p>&nbsp;<\/p>\n<p><strong>Detalles:<\/strong><\/p>\n<p>Cuerda c\u00e1\u00f1amo lino 3mm CLASSIC<br \/>\n3 ejes girados<br \/>\nColor: gris claro<br \/>\nnudo simple<br \/>\nLongitud: 1x8m<br \/>\n(La longitud del cable puede diferir de la longitud especificada hasta en 3%)<\/p>\n<p>&nbsp;<\/p>\n<p><span style=\"color: #ff0000\"><strong>Un aviso:<\/strong><\/span><\/p>\n<p>\u00a1Compruebe peri\u00f3dicamente si los cables est\u00e1n desgastados o da\u00f1ados!<br \/>\n\u00a1Si las cuerdas se golpean o retuercen, pueden soltarse durante el uso!<\/p>\n<p>&nbsp;<\/p>\n<p><strong>Alcance de la entrega:<\/strong> 1x8m cuerda c\u00e1\u00f1amo lino 3mm CLASSIC<\/p>\n<blockquote>\n<hr \/>\n<p style=\"text-align: center\"><span style=\"color: #333399\">La informaci\u00f3n sobre los productos se proporciona seg\u00fan nuestro leal saber y entender. Todas las dimensiones son aproximadas. El uso de los productos ofrecidos aqu\u00ed en la tienda es bajo su propia responsabilidad. Cada persona reacciona de manera diferente a las influencias externas, al placer o al dolor, etc. Por lo tanto, no se acepta ninguna responsabilidad por un uso inadecuado.  Cada usuario asume la total responsabilidad por el uso o correcto uso de los productos y sus consecuencias imprevisibles.<\/span><\/p>\n<\/blockquote>","protected":false},"excerpt":{"rendered":"<p>Precio b\u00e1sico: 1,44\u20ac\/m<\/p>\n<p>Plazo de entrega: 5-7 d\u00edas*<\/p>","protected":false},"featured_media":9747,"template":"","meta":[],"product_brand":[],"product_cat":[216,217,218,496],"product_tag":[],"class_list":{"0":"post-9425","1":"product","2":"type-product","3":"status-publish","4":"has-post-thumbnail","6":"product_cat-bondageseile","7":"product_cat-leinenhanfseil","8":"product_cat-leinenhanfseil-natur","9":"product_cat-leinenhanfseil-3mm","11":"first","12":"instock","13":"taxable","14":"shipping-taxable","15":"purchasable","16":"product-type-simple"},"_links":{"self":[{"href":"https:\/\/bavarian-bondage.de\/es\/wp-json\/wp\/v2\/product\/9425","targetHints":{"allow":["GET"]}}],"collection":[{"href":"https:\/\/bavarian-bondage.de\/es\/wp-json\/wp\/v2\/product"}],"about":[{"href":"https:\/\/bavarian-bondage.de\/es\/wp-json\/wp\/v2\/types\/product"}],"version-history":[{"count":7,"href":"https:\/\/bavarian-bondage.de\/es\/wp-json\/wp\/v2\/product\/9425\/revisions"}],"predecessor-version":[{"id":13592,"href":"https:\/\/bavarian-bondage.de\/es\/wp-json\/wp\/v2\/product\/9425\/revisions\/13592"}],"wp:featuredmedia":[{"embeddable":true,"href":"https:\/\/bavarian-bondage.de\/es\/wp-json\/wp\/v2\/media\/9747"}],"wp:attachment":[{"href":"https:\/\/bavarian-bondage.de\/es\/wp-json\/wp\/v2\/media?parent=9425"}],"wp:term":[{"taxonomy":"product_brand","embeddable":true,"href":"https:\/\/bavarian-bondage.de\/es\/wp-json\/wp\/v2\/product_brand?post=9425"},{"taxonomy":"product_cat","embeddable":true,"href":"https:\/\/bavarian-bondage.de\/es\/wp-json\/wp\/v2\/product_cat?post=9425"},{"taxonomy":"product_tag","embeddable":true,"href":"https:\/\/bavarian-bondage.de\/es\/wp-json\/wp\/v2\/product_tag?post=9425"}],"curies":[{"name":"gracias","href":"https:\/\/api.w.org\/{rel}","templated":true}]}}