{"id":9569,"date":"2023-02-15T12:46:17","date_gmt":"2023-02-15T11:46:17","guid":{"rendered":"https:\/\/bavarian-bondage.de\/?post_type=product&#038;p=9569"},"modified":"2026-03-19T07:02:01","modified_gmt":"2026-03-19T06:02:01","slug":"cupon","status":"publish","type":"product","link":"https:\/\/bavarian-bondage.de\/es\/produkt\/gutschein\/","title":{"rendered":"Cup\u00f3n"},"content":{"rendered":"<h3 style=\"text-align: center\">Cup\u00f3n<\/h3>\n<h3 style=\"text-align: center\"><span style=\"color: #0000ff\">Solicite los cupones por separado de otros productos.<\/span><\/h3>\n<p style=\"text-align: center\">\u00a1El regalo perfecto para muchas ocasiones! \u00a1Regala y hazte feliz!<\/p>\n<p style=\"text-align: center\">Debido a la gran demanda, ahora tambi\u00e9n ofrecemos tarjetas regalo. Puede canjearlas aqu\u00ed mismo en nuestra tienda. Le enviaremos su tarjeta regalo completa por correo postal sin coste alguno. Si la necesita con urgencia, tambi\u00e9n podemos envi\u00e1rsela por correo electr\u00f3nico para que la imprima usted mismo.<\/p>\n<p style=\"text-align: center\">El c\u00f3digo del bono se encuentra en la parte inferior izquierda y se enviar\u00e1 por separado por correo electr\u00f3nico cuando se env\u00ede por correo postal. \u00a1A\u00fan hay espacio para tus palabras personales en la parte de atr\u00e1s!<\/p>\n<p>&nbsp;<\/p>\n<p><strong>Detalles:<\/strong><\/p>\n<p>Dimensiones: 10,7 cm x 21,2 cm<\/p>\n<p>Validez: 2 a\u00f1os despu\u00e9s de la compra.<\/p>\n<p>&nbsp;<\/p>\n<p><span style=\"color: #ff0000\"><strong>Un aviso:<\/strong><\/span><\/p>\n<ul>\n<li>Se pueden canjear varios vales al mismo tiempo.<\/li>\n<li>El bono s\u00f3lo se puede canjear en su totalidad.<\/li>\n<li>No es posible realizar reembolsos ni retiros parciales.<\/li>\n<\/ul>\n<p>&nbsp;<\/p>\n<p><strong>Alcance de la entrega:<\/strong> Un vale (valor seleccionable), enviado por carta o correo electr\u00f3nico<\/p>\n<p>&nbsp;<\/p>\n<hr \/>\n<blockquote>\n<p style=\"text-align: center\"><span style=\"color: #333399\">La informaci\u00f3n sobre los productos se proporciona seg\u00fan nuestro leal saber y entender. Todas las dimensiones son aproximadas. El uso de los productos ofrecidos aqu\u00ed en la tienda es bajo su propia responsabilidad. Cada persona reacciona de manera diferente a las influencias externas, al placer o al dolor, etc. Por lo tanto, no se acepta ninguna responsabilidad por un uso inadecuado.  Cada usuario asume la total responsabilidad por el uso o correcto uso de los productos y sus consecuencias imprevisibles.<\/span><\/p>\n<\/blockquote>","protected":false},"excerpt":{"rendered":"<p>Plazo de entrega: 5-7 d\u00edas*<\/p>","protected":false},"featured_media":9668,"template":"","meta":[],"product_brand":[],"product_cat":[223,222],"product_tag":[],"class_list":{"0":"post-9569","1":"product","2":"type-product","3":"status-publish","4":"has-post-thumbnail","6":"product_cat-zubehoer","7":"product_cat-alle-produkte","9":"first","10":"instock","11":"purchasable","12":"product-type-variable"},"_links":{"self":[{"href":"https:\/\/bavarian-bondage.de\/es\/wp-json\/wp\/v2\/product\/9569","targetHints":{"allow":["GET"]}}],"collection":[{"href":"https:\/\/bavarian-bondage.de\/es\/wp-json\/wp\/v2\/product"}],"about":[{"href":"https:\/\/bavarian-bondage.de\/es\/wp-json\/wp\/v2\/types\/product"}],"version-history":[{"count":5,"href":"https:\/\/bavarian-bondage.de\/es\/wp-json\/wp\/v2\/product\/9569\/revisions"}],"predecessor-version":[{"id":16990,"href":"https:\/\/bavarian-bondage.de\/es\/wp-json\/wp\/v2\/product\/9569\/revisions\/16990"}],"wp:featuredmedia":[{"embeddable":true,"href":"https:\/\/bavarian-bondage.de\/es\/wp-json\/wp\/v2\/media\/9668"}],"wp:attachment":[{"href":"https:\/\/bavarian-bondage.de\/es\/wp-json\/wp\/v2\/media?parent=9569"}],"wp:term":[{"taxonomy":"product_brand","embeddable":true,"href":"https:\/\/bavarian-bondage.de\/es\/wp-json\/wp\/v2\/product_brand?post=9569"},{"taxonomy":"product_cat","embeddable":true,"href":"https:\/\/bavarian-bondage.de\/es\/wp-json\/wp\/v2\/product_cat?post=9569"},{"taxonomy":"product_tag","embeddable":true,"href":"https:\/\/bavarian-bondage.de\/es\/wp-json\/wp\/v2\/product_tag?post=9569"}],"curies":[{"name":"gracias","href":"https:\/\/api.w.org\/{rel}","templated":true}]}}