{"id":9972,"date":"2023-04-16T12:17:54","date_gmt":"2023-04-16T10:17:54","guid":{"rendered":"https:\/\/bavarian-bondage.de\/?post_type=product&#038;p=9972"},"modified":"2026-03-23T17:02:29","modified_gmt":"2026-03-23T16:02:29","slug":"elegante-negro-55mm","status":"publish","type":"product","link":"https:\/\/bavarian-bondage.de\/es\/produkt\/posh-schwarz-55mm\/","title":{"rendered":"Negro elegante 5,5 mm"},"content":{"rendered":"<h3 style=\"text-align: center\">Negro elegante 5,5 mm<\/h3>\n<p style=\"text-align: center\">Las cuerdas de poli\u00e9ster de colores brillantes est\u00e1n inspiradas en cuerdas batidas de c\u00e1\u00f1amo y yute. Dado que se pueden lavar y secar sin mucho esfuerzo y no se contraen al contacto con el agua, las cuerdas son ideales para aplicaciones en exteriores.<\/p>\n<p style=\"text-align: center\">Las cuerdas de poli\u00e9ster tienen una carga de rotura aproximadamente el doble que las cuerdas de c\u00e1\u00f1amo del mismo di\u00e1metro y tambi\u00e9n son una buena alternativa a las fibras naturales para muchas personas al\u00e9rgicas. Casi sin pelusa, suave al tacto y con un tacto muy similar al de las cuerdas de fibra natural, hacen de las cuerdas Posh una alternativa interesante para muchas aplicaciones.<\/p>\n<p style=\"text-align: center\">A diferencia de la mayor\u00eda de las cuerdas de pl\u00e1stico, los nudos permanecen estables y se pueden volver a abrir con relativa facilidad. Las cuerdas apenas se estiran y no generan mucho calor cuando se pasan r\u00e1pidamente sobre la piel.<\/p>\n<p style=\"text-align: center\"><strong>Importante<\/strong>: \u00a1El pl\u00e1stico no se puede flamear y no se recomiendan aceites o ceras!<\/p>\n<p style=\"text-align: center\"><span style=\"color: #ff0000\"><strong>Utilice siempre un mosquet\u00f3n para la suspensi\u00f3n y evite la fricci\u00f3n entre cuerdas.<\/strong><\/span><\/p>\n<p><strong>Detalles:<\/strong><\/p>\n<p>Cuerda Posh 5.5mm EXCLUSIVA<br \/>\n3 ejes girados<br \/>\nColor: Negro<br \/>\nnudo de riesgo<br \/>\nMaterial: poli\u00e9ster<br \/>\nCantidad: Versi\u00f3n seleccionable<br \/>\n(La longitud del cable puede diferir de la longitud especificada hasta en 3%)<\/p>\n<p>&nbsp;<\/p>\n<p><span style=\"color: #ff0000\"><strong>Un aviso:<\/strong><\/span><\/p>\n<p>\u00a1Compruebe peri\u00f3dicamente si los cables est\u00e1n desgastados o da\u00f1ados!<br \/>\n\u00a1Si las cuerdas se golpean o retuercen, pueden soltarse durante el uso!<\/p>\n<p>&nbsp;<\/p>\n<p><strong>Alcance de la entrega:<\/strong> Cuerda elegante de 5,5 mm negra; Versi\u00f3n seleccionable<\/p>\n<hr \/>\n<blockquote>\n<p style=\"text-align: center\"><span style=\"color: #333399\">La informaci\u00f3n sobre los productos se proporciona seg\u00fan nuestro leal saber y entender. Todas las dimensiones son aproximadas. El uso de los productos ofrecidos aqu\u00ed en la tienda es bajo su propia responsabilidad. Cada persona reacciona de manera diferente a las influencias externas, al placer o al dolor, etc. Por lo tanto, no se acepta ninguna responsabilidad por un uso inadecuado.  Cada usuario asume la total responsabilidad por el uso o correcto uso de los productos y sus consecuencias imprevisibles.<\/span><\/p>\n<\/blockquote>","protected":false},"excerpt":{"rendered":"<p>Plazo de entrega: 5-7 d\u00edas*<\/p>","protected":false},"featured_media":10142,"template":"","meta":[],"product_brand":[],"product_cat":[222,515,216],"product_tag":[],"class_list":{"0":"post-9972","1":"product","2":"type-product","3":"status-publish","4":"has-post-thumbnail","6":"product_cat-alle-produkte","7":"product_cat-posh","8":"product_cat-bondageseile","10":"first","11":"instock","12":"taxable","13":"shipping-taxable","14":"purchasable","15":"product-type-variable"},"_links":{"self":[{"href":"https:\/\/bavarian-bondage.de\/es\/wp-json\/wp\/v2\/product\/9972","targetHints":{"allow":["GET"]}}],"collection":[{"href":"https:\/\/bavarian-bondage.de\/es\/wp-json\/wp\/v2\/product"}],"about":[{"href":"https:\/\/bavarian-bondage.de\/es\/wp-json\/wp\/v2\/types\/product"}],"version-history":[{"count":4,"href":"https:\/\/bavarian-bondage.de\/es\/wp-json\/wp\/v2\/product\/9972\/revisions"}],"predecessor-version":[{"id":16746,"href":"https:\/\/bavarian-bondage.de\/es\/wp-json\/wp\/v2\/product\/9972\/revisions\/16746"}],"wp:featuredmedia":[{"embeddable":true,"href":"https:\/\/bavarian-bondage.de\/es\/wp-json\/wp\/v2\/media\/10142"}],"wp:attachment":[{"href":"https:\/\/bavarian-bondage.de\/es\/wp-json\/wp\/v2\/media?parent=9972"}],"wp:term":[{"taxonomy":"product_brand","embeddable":true,"href":"https:\/\/bavarian-bondage.de\/es\/wp-json\/wp\/v2\/product_brand?post=9972"},{"taxonomy":"product_cat","embeddable":true,"href":"https:\/\/bavarian-bondage.de\/es\/wp-json\/wp\/v2\/product_cat?post=9972"},{"taxonomy":"product_tag","embeddable":true,"href":"https:\/\/bavarian-bondage.de\/es\/wp-json\/wp\/v2\/product_tag?post=9972"}],"curies":[{"name":"gracias","href":"https:\/\/api.w.org\/{rel}","templated":true}]}}