{"id":1108,"date":"2016-01-25T16:56:26","date_gmt":"2016-01-25T15:56:26","guid":{"rendered":"https:\/\/bavarian-bondage.mysupr.de\/workshop-ja-oder-nein\/"},"modified":"2024-09-01T16:20:32","modified_gmt":"2024-09-01T14:20:32","slug":"atelier-oui-ou-non","status":"publish","type":"page","link":"https:\/\/bavarian-bondage.de\/fr\/workshop-ja-oder-nein\/","title":{"rendered":"Atelier oui ou non"},"content":{"rendered":"<div data-elementor-type=\"wp-post\" data-elementor-id=\"1108\" class=\"elementor elementor-1108\" data-elementor-post-type=\"page\">\n\t\t\t\t<div class=\"elementor-element elementor-element-dcbc31e e-flex e-con-boxed e-con e-parent\" data-id=\"dcbc31e\" data-element_type=\"container\" data-e-type=\"container\">\n\t\t\t\t\t<div class=\"e-con-inner\">\n\t\t<div class=\"elementor-element elementor-element-ecc35ec e-con-full e-flex e-con e-child\" data-id=\"ecc35ec\" data-element_type=\"container\" data-e-type=\"container\">\n\t\t\t\t<div class=\"elementor-element elementor-element-2de9a03 elementor-widget elementor-widget-heading\" data-id=\"2de9a03\" data-element_type=\"widget\" data-e-type=\"widget\" data-widget_type=\"heading.default\">\n\t\t\t\t\t<h2 class=\"elementor-heading-title elementor-size-default\">Un tel atelier est-il vraiment n\u00e9cessaire ?<\/h2>\t\t\t\t<\/div>\n\t\t\t\t<div class=\"elementor-element elementor-element-872dc88 elementor-widget elementor-widget-spacer\" data-id=\"872dc88\" data-element_type=\"widget\" data-e-type=\"widget\" data-widget_type=\"spacer.default\">\n\t\t\t\t\t\t\t<div class=\"elementor-spacer\">\n\t\t\t<div class=\"elementor-spacer-inner\"><\/div>\n\t\t<\/div>\n\t\t\t\t\t\t<\/div>\n\t\t\t\t<div class=\"elementor-element elementor-element-b9c8382 elementor-widget elementor-widget-heading\" data-id=\"b9c8382\" data-element_type=\"widget\" data-e-type=\"widget\" data-widget_type=\"heading.default\">\n\t\t\t\t\t<h2 class=\"elementor-heading-title elementor-size-default\">Non, l&#039;air est n\u00e9cessaire pour respirer. Un atelier a d\u00e9finitivement du sens !<\/h2>\t\t\t\t<\/div>\n\t\t\t\t<div class=\"elementor-element elementor-element-0837066 elementor-widget elementor-widget-text-editor\" data-id=\"0837066\" data-element_type=\"widget\" data-e-type=\"widget\" data-widget_type=\"text-editor.default\">\n\t\t\t\t\t\t\t\t\t<p style=\"text-align: center\">Je ne peux pas parler ici du grand public ou des organisateurs d&#039;ateliers individuels, car chacun a ses propres exp\u00e9riences et processus.<\/p><p style=\"text-align: center\"><strong><span style=\"text-decoration: underline\">Dans cet article de blog, je discuterai de mon point de vue et ferai r\u00e9f\u00e9rence aux cours que je propose\u00a0!<\/span><\/strong><\/p><p style=\"text-align: center\">Bien entendu, il existe de nombreux livres, vid\u00e9os et instructions sur le th\u00e8me du bondage ou du shibari. Vous pouvez tout regarder sur Internet, lire des informations et ensuite l&#039;essayer. Tout comme lors d&#039;un cours de cuisine ou d&#039;un cours de danse, vous apprenez plus vite et bien s\u00fbr mieux si on vous le montre correctement ! Vous pouvez poser vos questions tout de suite, obtenir une r\u00e9ponse imm\u00e9diatement et en plus il y a des trucs et astuces !<strong><span style=\"color: #ff0000\">\u00a0<\/span>\u00a0<\/strong> \u00a0 \u00a0 \u00a0 \u00a0 \u00a0\u00a0<\/p><p style=\"text-align: center\">Maintenant, vous serez nombreux \u00e0 vous demander\u00a0:<\/p><p style=\"text-align: center\"><strong><span style=\"color: #ff0000\">L\u2019un des points les plus importants, voire m\u00eame le plus important, est la s\u00e9curit\u00e9 ! <\/span><\/strong><\/p><p style=\"text-align: center\"><strong><span style=\"text-decoration: underline\">Pourquoi la s\u00e9curit\u00e9 ? Je veux juste attacher mon partenaire\u00a0!<\/span><\/strong><\/p><p style=\"text-align: center\">Eh bien, puisque notre corps est tr\u00e8s sensible aux influences ext\u00e9rieures, quiconque l\u2019attache devrait savoir exactement ce qu\u2019il fait. Cela commence par les bons n\u0153uds, qui ne doivent pas se desserrer ou se resserrer de mani\u00e8re ind\u00e9sirable. On continue avec le guide-corde. Comment les cordes doivent-elles passer pour ne pas blesser accidentellement l&#039;autre personne ? O\u00f9 faut-il faire attention aux nerfs et aux vaisseaux sanguins ? Qu\u2019en est-il des nombreuses articulations ? Ces questions et bien s\u00fbr bien d\u2019autres devraient trouver une r\u00e9ponse lors d\u2019un atelier\u00a0!<\/p><p style=\"text-align: center\">La discipline supr\u00eame et souvent le point culminant de chaque s\u00e9ance de bondage est ce que l&#039;on appelle la suspension (bondage suspendu), dans laquelle la personne attach\u00e9e se pend librement uniquement \u00e0 des cordes ! Tout le monde peut imaginer \u00e0 quel point cela met notre corps \u00e0 rude \u00e9preuve et \u00e0 quel point les dangers possibles sont grands ! Je ne veux vraiment effrayer personne, car le bondage suspendu est une exp\u00e9rience formidable que tous ceux qui aiment \u00eatre ligot\u00e9s devraient vivre. Toutefois, n\u2019intervenez dans une suspension que si vous \u00eates s\u00fbr que votre interlocuteur sait exactement ce qu\u2019il fait ! Et vous, chers personnes li\u00e9es, sachez toujours qu&#039;une personne li\u00e9e s&#039;abandonne compl\u00e8tement et que vous seul en portez l&#039;enti\u00e8re responsabilit\u00e9 !<\/p><p style=\"text-align: center\">D\u00e9sormais, m\u00eame avec la meilleure pr\u00e9paration et les meilleures connaissances, quelque chose peut mal tourner. M\u00eame dans un tel \u00e9v\u00e9nement - dont personne ne veut bien s\u00fbr - vous devez toujours \u00eatre pr\u00e9par\u00e9 afin de pouvoir r\u00e9agir le plus rapidement possible.<\/p><p style=\"text-align: center\">Je pense qu&#039;en mati\u00e8re de s\u00e9curit\u00e9, nous avons tous r\u00e9alis\u00e9 qu&#039;un atelier avait vraiment du sens. Apr\u00e8s tout, le bondage doit \u00eatre amusant et ne pas se terminer par une visite chez le m\u00e9decin !<\/p><p style=\"text-align: center\">De plus, dans un atelier pour d\u00e9butants, vous devriez \u00e9galement avoir l&#039;occasion d&#039;aborder les diff\u00e9rents types de cordes et leurs avantages et inconv\u00e9nients afin d&#039;avoir une id\u00e9e des cordes que vous devriez acheter vous-m\u00eame plus tard !<\/p><p style=\"text-align: center\">\u00a0<\/p><p style=\"text-align: center\"><strong><span style=\"color: #212157\">Apr\u00e8s tout le discours ou le roman sur la s\u00e9curit\u00e9, je ne veux en aucun cas vous effrayer du travail avec les cordes !<\/span><\/strong><\/p><p style=\"text-align: center\"><b>(Au contraire, sinon je n&#039;aurais jamais cr\u00e9\u00e9 le site)<\/b><\/p><p style=\"text-align: center\">Je propose g\u00e9n\u00e9ralement des ateliers en couple ou \u00e0 deux, car on apprend bien plus vite et mieux que dans les ateliers dits collectifs \u00e0 dix personnes ou plus !<\/p>\t\t\t\t\t\t\t\t<\/div>\n\t\t\t\t<\/div>\n\t\t\t\t\t<\/div>\n\t\t\t\t<\/div>\n\t\t\t\t<\/div>","protected":false},"excerpt":{"rendered":"<p>Ist so ein Workshop \u00fcberhaupt notwendig? Nein, notwendig ist die Luft zum Atmen. Ein Workshop ist auf jeden Fall sinnvoll! Ich kann hier nicht \u00fcber die Allgemeinheit schreiben oder \u00fcber die einzelnen Workshopanbieter,denn jeder hat seine eigenen Erfahrunngen und Abl\u00e4ufe. In diesem Blogeintrag gehe ich auf meine Ansichten ein und beziehe mich auf die von [&hellip;]<\/p>\n","protected":false},"author":3,"featured_media":0,"parent":0,"menu_order":0,"comment_status":"closed","ping_status":"closed","template":"elementor_header_footer","meta":{"footnotes":""},"class_list":["post-1108","page","type-page","status-publish","hentry"],"_links":{"self":[{"href":"https:\/\/bavarian-bondage.de\/fr\/wp-json\/wp\/v2\/pages\/1108","targetHints":{"allow":["GET"]}}],"collection":[{"href":"https:\/\/bavarian-bondage.de\/fr\/wp-json\/wp\/v2\/pages"}],"about":[{"href":"https:\/\/bavarian-bondage.de\/fr\/wp-json\/wp\/v2\/types\/page"}],"author":[{"embeddable":true,"href":"https:\/\/bavarian-bondage.de\/fr\/wp-json\/wp\/v2\/users\/3"}],"replies":[{"embeddable":true,"href":"https:\/\/bavarian-bondage.de\/fr\/wp-json\/wp\/v2\/comments?post=1108"}],"version-history":[{"count":8,"href":"https:\/\/bavarian-bondage.de\/fr\/wp-json\/wp\/v2\/pages\/1108\/revisions"}],"predecessor-version":[{"id":12816,"href":"https:\/\/bavarian-bondage.de\/fr\/wp-json\/wp\/v2\/pages\/1108\/revisions\/12816"}],"wp:attachment":[{"href":"https:\/\/bavarian-bondage.de\/fr\/wp-json\/wp\/v2\/media?parent=1108"}],"curies":[{"name":"wp","href":"https:\/\/api.w.org\/{rel}","templated":true}]}}