{"id":1120,"date":"2016-01-25T17:04:15","date_gmt":"2016-01-25T16:04:15","guid":{"rendered":"https:\/\/bavarian-bondage.mysupr.de\/workshops\/"},"modified":"2026-03-19T06:56:53","modified_gmt":"2026-03-19T05:56:53","slug":"ateliers","status":"publish","type":"page","link":"https:\/\/bavarian-bondage.de\/fr\/workshops\/","title":{"rendered":"Ateliers"},"content":{"rendered":"<div data-elementor-type=\"wp-post\" data-elementor-id=\"1120\" class=\"elementor elementor-1120\" data-elementor-post-type=\"page\">\n\t\t\t\t<div class=\"elementor-element elementor-element-207c85f e-flex e-con-boxed e-con e-parent\" data-id=\"207c85f\" data-element_type=\"container\" data-e-type=\"container\">\n\t\t\t\t\t<div class=\"e-con-inner\">\n\t\t<div class=\"elementor-element elementor-element-7a219d3 e-con-full e-flex e-con e-child\" data-id=\"7a219d3\" data-element_type=\"container\" data-e-type=\"container\">\n\t\t\t\t<div class=\"elementor-element elementor-element-6f55626 elementor-widget elementor-widget-heading\" data-id=\"6f55626\" data-element_type=\"widget\" data-e-type=\"widget\" data-widget_type=\"heading.default\">\n\t\t\t\t\t<h2 class=\"elementor-heading-title elementor-size-default\">Ateliers<\/h2>\t\t\t\t<\/div>\n\t\t\t\t<div class=\"elementor-element elementor-element-f6b62fc elementor-widget elementor-widget-heading\" data-id=\"f6b62fc\" data-element_type=\"widget\" data-e-type=\"widget\" data-widget_type=\"heading.default\">\n\t\t\t\t\t<h2 class=\"elementor-heading-title elementor-size-default\">individuel * personnel * priv\u00e9 * discret<\/h2>\t\t\t\t<\/div>\n\t\t\t\t<div class=\"elementor-element elementor-element-3484915 elementor-widget elementor-widget-text-editor\" data-id=\"3484915\" data-element_type=\"widget\" data-e-type=\"widget\" data-widget_type=\"text-editor.default\">\n\t\t\t\t\t\t\t\t\t<p style=\"text-align: center\">Peu importe que vous soyez d\u00e9butant dans le domaine ou que vous ayez d\u00e9j\u00e0 de l&#039;exp\u00e9rience dans l&#039;utilisation de la corde. L&#039;essentiel est que vous et votre partenaire vous amusiez avec. Bien entendu, je souhaite rendre les cours aussi individuels que possible et essayer de r\u00e9pondre au mieux \u00e0 vos souhaits et \u00e0 vos exp\u00e9riences.<\/p><p style=\"text-align: center\"><strong><span style=\"text-decoration: underline;color: #000080\">Composez votre programme personnel et contactez-moi !<\/span><\/strong><\/p><p>\u00a0<\/p><p style=\"text-align: center\">Tous les cours propos\u00e9s, ainsi que le prix, sont bas\u00e9s sur deux personnes. Des ateliers pour particuliers (avec mod\u00e8le), ainsi que des groupes ou des demandes individuelles sont bien entendu \u00e9galement possibles sur rendez-vous !<\/p><p style=\"text-align: center\">Si vous n&#039;avez pas de partenaire pour le moment, demandez simplement \u00e0 un ami ou \u00e0 une connaissance. Ne vous inqui\u00e9tez pas, un atelier n&#039;a rien \u00e0 voir avec un comportement immoral.<\/p><p style=\"text-align: center\">Alors pourquoi pas un atelier bondage plut\u00f4t qu&#039;un cin\u00e9ma ou un pub !?<\/p><p style=\"text-align: center\">\u00a0<\/p><p>\u00a0<\/p><p style=\"text-align: center\"><strong><span style=\"text-decoration: underline\"><span style=\"color: #000080;text-decoration: underline\">Ce qui nous am\u00e8ne au sujet des v\u00eatements :<\/span><\/span><\/strong><\/p><p style=\"text-align: center\">Il doit \u00eatre sportif et confortable et quelque peu pr\u00e8s du corps pour que vous puissiez bien guider les cordes.<\/p><p style=\"text-align: center\">(La combinaison de neige est \u00e9galement possible, mais un peu inappropri\u00e9e ^^)<\/p><p style=\"text-align: center\">De plus, lors du choix des v\u00eatements, il faut veiller \u00e0 \u00e9viter les boutons, les boucles de ceinture, les soutiens-gorge \u00e0 armatures, les bijoux, etc. De cette fa\u00e7on, les points de pression et les blessures caus\u00e9es par les cordes peuvent \u00eatre \u00e9vit\u00e9s.<\/p><p style=\"text-align: center\">\u00a0<\/p><p>\u00a0<\/p><p style=\"text-align: center\"><span style=\"color: #000080\"><strong><span style=\"text-decoration: underline\">Le lieu de l&#039;\u00e9v\u00e9nement :<\/span><\/strong><\/span><\/p>\t\t\t\t\t\t\t\t<\/div>\n\t\t\t\t<div class=\"elementor-element elementor-element-cb62c80 elementor-widget elementor-widget-text-editor\" data-id=\"cb62c80\" data-element_type=\"widget\" data-e-type=\"widget\" data-widget_type=\"text-editor.default\">\n\t\t\t\t\t\t\t\t\t<p style=\"text-align: center\">Andr\u00e9as V\u00e9nus<\/p><p style=\"text-align: center\">Haidberg2<\/p><p style=\"text-align: center\">94379 Saint-Englmar<\/p>\t\t\t\t\t\t\t\t<\/div>\n\t\t\t\t<div class=\"elementor-element elementor-element-9ccdabc elementor-widget elementor-widget-text-editor\" data-id=\"9ccdabc\" data-element_type=\"widget\" data-e-type=\"widget\" data-widget_type=\"text-editor.default\">\n\t\t\t\t\t\t\t\t\t<p style=\"text-align: center\"><strong>Participation \u00e0 partir de 18 ans<\/strong><\/p><p style=\"text-align: center\"><span style=\"color: #808080\">(s&#039;il y a des divergences, contr\u00f4le d&#039;identit\u00e9)<\/span><\/p><p style=\"text-align: center\">Rendez-vous par t\u00e9l\u00e9phone ou accord \u00e9crit.<\/p><p style=\"text-align: center\">\u00a0<\/p>\t\t\t\t\t\t\t\t<\/div>\n\t\t\t\t<div class=\"elementor-element elementor-element-daae2fe premium-lq__none elementor-widget elementor-widget-premium-addon-button\" data-id=\"daae2fe\" data-element_type=\"widget\" data-e-type=\"widget\" data-widget_type=\"premium-addon-button.default\">\n\t\t\t\t\t\n\n\t\t<a class=\"premium-button premium-button-none premium-btn-md premium-button-none\" href=\"https:\/\/bavarian-bondage.de\/fr\/formulaire-de-contact\/\">\n\t\t\t<div class=\"premium-button-text-icon-wrapper\">\n\t\t\t\t\n\t\t\t\t\t\t\t\t\t<span >\n\t\t\t\t\t\tFormulaire de contact\t\t\t\t\t<\/span>\n\t\t\t\t\t\t\t<\/div>\n\n\t\t\t\n\t\t\t\n\t\t\t\n\t\t<\/a>\n\n\n\t\t\t\t\t\t<\/div>\n\t\t\t\t<div class=\"elementor-element elementor-element-adc6e7d elementor-widget-divider--view-line elementor-widget elementor-widget-divider\" data-id=\"adc6e7d\" data-element_type=\"widget\" data-e-type=\"widget\" data-widget_type=\"divider.default\">\n\t\t\t\t\t\t\t<div class=\"elementor-divider\">\n\t\t\t<span class=\"elementor-divider-separator\">\n\t\t\t\t\t\t<\/span>\n\t\t<\/div>\n\t\t\t\t\t\t<\/div>\n\t\t\t\t<\/div>\n\t\t\t\t\t<\/div>\n\t\t\t\t<\/div>\n\t\t<div class=\"elementor-element elementor-element-082562f e-flex e-con-boxed e-con e-parent\" data-id=\"082562f\" data-element_type=\"container\" data-e-type=\"container\">\n\t\t\t\t\t<div class=\"e-con-inner\">\n\t\t<div class=\"elementor-element elementor-element-f4525ca e-con-full e-flex e-con e-child\" data-id=\"f4525ca\" data-element_type=\"container\" data-e-type=\"container\">\n\t\t\t\t<div class=\"elementor-element elementor-element-6228073 elementor-widget elementor-widget-heading\" data-id=\"6228073\" data-element_type=\"widget\" data-e-type=\"widget\" data-widget_type=\"heading.default\">\n\t\t\t\t\t<h2 class=\"elementor-heading-title elementor-size-default\">Aucun atelier n&#039;est propos\u00e9 actuellement !<\/h2>\t\t\t\t<\/div>\n\t\t\t\t<\/div>\n\t\t\t\t\t<\/div>\n\t\t\t\t<\/div>\n\t\t<div class=\"elementor-element elementor-element-7fc534f e-flex e-con-boxed e-con e-parent\" data-id=\"7fc534f\" data-element_type=\"container\" data-e-type=\"container\">\n\t\t\t\t\t<div class=\"e-con-inner\">\n\t\t\t\t<div class=\"elementor-element elementor-element-25b5f95 elementor-position-top elementor-widget elementor-widget-image-box\" data-id=\"25b5f95\" data-element_type=\"widget\" data-e-type=\"widget\" data-widget_type=\"image-box.default\">\n\t\t\t\t\t<div class=\"elementor-image-box-wrapper\"><figure class=\"elementor-image-box-img\"><a href=\"https:\/\/bavarian-bondage.de\/fr\/atelier-debutants\/\" tabindex=\"-1\"><img decoding=\"async\" src=\"https:\/\/bavarian-bondage.de\/wp-content\/plugins\/elementor\/assets\/images\/placeholder.png\" title=\"\" alt=\"\" loading=\"lazy\"><\/a><\/figure><div class=\"elementor-image-box-content\"><h3 class=\"elementor-image-box-title\"><a href=\"https:\/\/bavarian-bondage.de\/fr\/atelier-debutants\/\">Atelier d\u00e9butants<\/a><\/h3><\/div><\/div>\t\t\t\t<\/div>\n\t\t\t\t<div class=\"elementor-element elementor-element-aba3e8c elementor-position-top elementor-widget elementor-widget-image-box\" data-id=\"aba3e8c\" data-element_type=\"widget\" data-e-type=\"widget\" data-widget_type=\"image-box.default\">\n\t\t\t\t\t<div class=\"elementor-image-box-wrapper\"><figure class=\"elementor-image-box-img\"><a href=\"https:\/\/bavarian-bondage.de\/fr\/atelier-avance\/\" tabindex=\"-1\"><img decoding=\"async\" src=\"https:\/\/bavarian-bondage.de\/wp-content\/plugins\/elementor\/assets\/images\/placeholder.png\" title=\"\" alt=\"\" loading=\"lazy\"><\/a><\/figure><div class=\"elementor-image-box-content\"><h3 class=\"elementor-image-box-title\"><a href=\"https:\/\/bavarian-bondage.de\/fr\/atelier-avance\/\">Atelier avanc\u00e9<\/a><\/h3><\/div><\/div>\t\t\t\t<\/div>\n\t\t\t\t\t<\/div>\n\t\t\t\t<\/div>\n\t\t\t\t<\/div>","protected":false},"excerpt":{"rendered":"<p>Workshops individuell * pers\u00f6nlich * privat * diskret Ob Du nun Einsteiger auf dem Gebiet bist oder schon Erfahrung im Umgang mit dem Seil hast, spielt keine Rolle. Die Hauptsache Du und dein Partner habt Spa\u00df daran. Selbstverst\u00e4ndlich m\u00f6chte ich die Kurse so individuell wie m\u00f6glich gestalten und versuche so gut es geht auf Deine [&hellip;]<\/p>\n","protected":false},"author":3,"featured_media":0,"parent":0,"menu_order":0,"comment_status":"closed","ping_status":"closed","template":"elementor_header_footer","meta":{"footnotes":""},"class_list":["post-1120","page","type-page","status-publish","hentry"],"_links":{"self":[{"href":"https:\/\/bavarian-bondage.de\/fr\/wp-json\/wp\/v2\/pages\/1120","targetHints":{"allow":["GET"]}}],"collection":[{"href":"https:\/\/bavarian-bondage.de\/fr\/wp-json\/wp\/v2\/pages"}],"about":[{"href":"https:\/\/bavarian-bondage.de\/fr\/wp-json\/wp\/v2\/types\/page"}],"author":[{"embeddable":true,"href":"https:\/\/bavarian-bondage.de\/fr\/wp-json\/wp\/v2\/users\/3"}],"replies":[{"embeddable":true,"href":"https:\/\/bavarian-bondage.de\/fr\/wp-json\/wp\/v2\/comments?post=1120"}],"version-history":[{"count":5,"href":"https:\/\/bavarian-bondage.de\/fr\/wp-json\/wp\/v2\/pages\/1120\/revisions"}],"predecessor-version":[{"id":16989,"href":"https:\/\/bavarian-bondage.de\/fr\/wp-json\/wp\/v2\/pages\/1120\/revisions\/16989"}],"wp:attachment":[{"href":"https:\/\/bavarian-bondage.de\/fr\/wp-json\/wp\/v2\/media?parent=1120"}],"curies":[{"name":"wp","href":"https:\/\/api.w.org\/{rel}","templated":true}]}}