{"id":1127,"date":"2016-02-15T22:11:37","date_gmt":"2016-02-15T21:11:37","guid":{"rendered":"https:\/\/bavarian-bondage.mysupr.de\/fortgeschrittenen-workshop\/"},"modified":"2026-03-19T06:56:15","modified_gmt":"2026-03-19T05:56:15","slug":"atelier-avance","status":"publish","type":"page","link":"https:\/\/bavarian-bondage.de\/fr\/fortgeschrittenen-workshop\/","title":{"rendered":"Atelier avanc\u00e9"},"content":{"rendered":"<div data-elementor-type=\"wp-post\" data-elementor-id=\"1127\" class=\"elementor elementor-1127\" data-elementor-post-type=\"page\">\n\t\t\t\t<div class=\"elementor-element elementor-element-5ea8895 e-flex e-con-boxed e-con e-parent\" data-id=\"5ea8895\" data-element_type=\"container\" data-e-type=\"container\">\n\t\t\t\t\t<div class=\"e-con-inner\">\n\t\t<div class=\"elementor-element elementor-element-4e4e157 e-con-full e-flex e-con e-child\" data-id=\"4e4e157\" data-element_type=\"container\" data-e-type=\"container\">\n\t\t\t\t<div class=\"elementor-element elementor-element-b221294 elementor-widget elementor-widget-heading\" data-id=\"b221294\" data-element_type=\"widget\" data-e-type=\"widget\" data-widget_type=\"heading.default\">\n\t\t\t\t\t<h2 class=\"elementor-heading-title elementor-size-default\">Ateliers avanc\u00e9s<\/h2>\t\t\t\t<\/div>\n\t\t\t\t<div class=\"elementor-element elementor-element-9141d4d elementor-widget elementor-widget-text-editor\" data-id=\"9141d4d\" data-element_type=\"widget\" data-e-type=\"widget\" data-widget_type=\"text-editor.default\">\n\t\t\t\t\t\t\t\t\t<p>Tous les cours peuvent \u00eatre adapt\u00e9s individuellement \u00e0 vos souhaits.<\/p>\t\t\t\t\t\t\t\t<\/div>\n\t\t\t\t<div class=\"elementor-element elementor-element-ea2bff9 elementor-widget elementor-widget-text-editor\" data-id=\"ea2bff9\" data-element_type=\"widget\" data-e-type=\"widget\" data-widget_type=\"text-editor.default\">\n\t\t\t\t\t\t\t\t\t<p><span style=\"text-decoration: underline\"><span style=\"color: #000080;text-decoration: underline\">1. Le Takate Kote pour TK court ou Box Tie,<\/span><\/span><\/p><p>est un bondage classique du haut du corps et une base pour de nombreux autres bondages. De plus, le Takate Kote est l&#039;un des \u00e9l\u00e9ments les plus importants pour le bondage en suspension et doit donc \u00eatre ma\u00eetris\u00e9 correctement et en toute s\u00e9curit\u00e9 !<\/p><p style=\"text-align: left\"><span style=\"text-decoration: underline\">Nous traitons des sujets :<\/span><\/p><p style=\"text-align: left\"><span style=\"text-decoration: underline;color: #000080\">Takat\u00e9 Kote\u00a0:<\/span>\u00a0Version et variantes \u00e0 2 et 3 cordes ; Noeuds s\u00e9curis\u00e9s et acheminement des cordes<\/p><p style=\"text-align: left\"><span style=\"text-decoration: underline\"><span style=\"color: #000080;text-decoration: underline\">Esclavage:<\/span><\/span>\u00a0diverses options de bondage en lien avec le savant Takate Kote\u00a0<\/p><p style=\"text-align: left\"><span style=\"text-decoration: underline\"><span style=\"color: #000080;text-decoration: underline\">Servitude suspendue\u00a0:<\/span><\/span>\u00a0petite introduction au th\u00e8me de la suspension et de la suspension partielle\u00a0<\/p><p style=\"text-align: left;padding-left: 40px\"><span style=\"text-decoration: underline\"><span style=\"color: #000080;text-decoration: underline\">Dur\u00e9e:<\/span><\/span>\u00a02h30 (avec quelques courtes pauses)<\/p><p style=\"text-align: left;padding-left: 40px\"><span style=\"text-decoration: underline\"><span style=\"color: #000080;text-decoration: underline\">Prix:<\/span><\/span> 119,00 \u20ac pour 2 personnes (les boissons sont incluses dans le tarif)<\/p>\t\t\t\t\t\t\t\t<\/div>\n\t\t\t\t<div class=\"elementor-element elementor-element-b917dd8 elementor-widget elementor-widget-spacer\" data-id=\"b917dd8\" data-element_type=\"widget\" data-e-type=\"widget\" data-widget_type=\"spacer.default\">\n\t\t\t\t\t\t\t<div class=\"elementor-spacer\">\n\t\t\t<div class=\"elementor-spacer-inner\"><\/div>\n\t\t<\/div>\n\t\t\t\t\t\t<\/div>\n\t\t\t\t<div class=\"elementor-element elementor-element-f0be414 elementor-widget elementor-widget-text-editor\" data-id=\"f0be414\" data-element_type=\"widget\" data-e-type=\"widget\" data-widget_type=\"text-editor.default\">\n\t\t\t\t\t\t\t\t\t<p><span style=\"text-decoration: underline\"><span style=\"color: #000080;text-decoration: underline\">2. Les classiques<\/span><\/span><\/p><p style=\"text-align: center\">Beaucoup ont entendu des noms comme Hogtie, Karada, Strappado, Frogtie, etc.\u00a0! Il est maintenant temps de mettre ce nom en pratique et d&#039;apprendre les diff\u00e9rentes contraintes.<\/p><p style=\"text-align: left\"><span style=\"text-decoration: underline;color: #000000\">Nous traitons des sujets :<\/span><\/p><p style=\"text-align: left\"><span style=\"text-decoration: underline\"><span style=\"color: #000080;text-decoration: underline\">Bondage contre shibari ou kinbaku\u00a0:<\/span><\/span>\u00a0petite explication des significations, origines et diff\u00e9rences ; les servitudes classiques et leurs noms ; Y a-t-il des diff\u00e9rences entre le bondage et le shibari en Europe ?<\/p><p style=\"text-align: left\"><span style=\"text-decoration: underline\"><span style=\"color: #000080;text-decoration: underline\">Esclavage:<\/span><\/span>\u00a0Les dispositifs de retenue les plus connus que vous entendez et voyez encore et encore dans diff\u00e9rentes versions et applications possibles\u00a0; les bonnes techniques de nouage et les bons points de fixation<\/p><p style=\"text-align: left;padding-left: 40px\"><span style=\"text-decoration: underline\"><span style=\"color: #000080;text-decoration: underline\">Dur\u00e9e:<\/span><\/span>\u00a02h30 (avec quelques courtes pauses)<\/p><p style=\"text-align: left;padding-left: 40px\"><span style=\"text-decoration: underline\"><span style=\"color: #000080;text-decoration: underline\">Prix:<\/span><\/span> 119,00 \u20ac pour 2 personnes (les boissons sont incluses dans le tarif)<\/p>\t\t\t\t\t\t\t\t<\/div>\n\t\t\t\t<div class=\"elementor-element elementor-element-f8837b6 elementor-widget elementor-widget-spacer\" data-id=\"f8837b6\" data-element_type=\"widget\" data-e-type=\"widget\" data-widget_type=\"spacer.default\">\n\t\t\t\t\t\t\t<div class=\"elementor-spacer\">\n\t\t\t<div class=\"elementor-spacer-inner\"><\/div>\n\t\t<\/div>\n\t\t\t\t\t\t<\/div>\n\t\t\t\t<div class=\"elementor-element elementor-element-d50ed9b elementor-widget elementor-widget-text-editor\" data-id=\"d50ed9b\" data-element_type=\"widget\" data-e-type=\"widget\" data-widget_type=\"text-editor.default\">\n\t\t\t\t\t\t\t\t\t<p style=\"text-align: center\"><span style=\"text-decoration: underline;color: #000080\">3. Suspension (servitude suspendue)<\/span><\/p><p>Quand le sol sous vos pieds devient de moins en moins grand et que vous partagez votre espace avec le plafonnier, on parle de suspension ! La discipline supr\u00eame du bondage et du shibari.<\/p><p style=\"text-align: left\"><span style=\"text-decoration: underline\">Nous traitons des sujets :<\/span><\/p><p style=\"text-align: left\"><span style=\"text-decoration: underline\"><span style=\"color: #000080;text-decoration: underline\">S\u00e9curit\u00e9:<\/span><\/span> La s\u00e9curit\u00e9 est souvent sous-estim\u00e9e, mais c\u2019est pr\u00e9cis\u00e9ment l\u00e0 qu\u2019il est important de la conna\u00eetre. points de montage au plafond; s\u00e9curiser les n\u0153uds et la gestion des cordes\u00a0; Que faire en cas d&#039;urgence\u00a0; anatomie du corps; et bien plus encore.<\/p><p style=\"text-align: left\"><span style=\"text-decoration: underline\"><span style=\"color: #000080;text-decoration: underline\">Servitude suspendue\u00a0:<\/span><\/span>\u00a0\u00c9tape par \u00e9tape du d\u00e9but \u00e0 la suspension libre\u00a0;\u00a0<\/p><p style=\"text-align: left\">Pour cet atelier, des connaissances pr\u00e9alables appropri\u00e9es, telles que le bon bondage du haut du corps, constituent bien entendu la base.<\/p><p style=\"text-align: left\">Il doit \u00eatre clair pour vous tous qu&#039;avec un atelier de 3,5 heures, vous n&#039;en \u00eates qu&#039;au tout d\u00e9but et que vous \u00eates tout sauf un professionnel. Comme pour tous les ateliers, il ne s&#039;agit pas d&#039;en voir le plus possible le plus rapidement possible, non, il s&#039;agit de vraiment savoir ce que l&#039;on fait et comment on le fait.<\/p><p style=\"text-align: left\"><span style=\"text-decoration: underline\"><span style=\"color: #000080;text-decoration: underline\">Semi-suspension (bondage en suspension partielle)\u00a0:<\/span><\/span> Servitude suspendue en position couch\u00e9e, couch\u00e9e et lat\u00e9rale\u00a0; variations de l&#039;air; Les figures classiques ou suspendues s&#039;apprennent petit \u00e0 petit dans cet atelier. Mais comme mentionn\u00e9 ci-dessus, cela ne peut se faire uniquement dans un atelier.<\/p><p style=\"text-align: left;padding-left: 40px\"><span style=\"text-decoration: underline\"><span style=\"color: #000080;text-decoration: underline\">Dur\u00e9e:<\/span><\/span>\u00a03,5 heures (avec des pauses plus longues) sont n\u00e9cessaires car se suspendre aux cordes repr\u00e9sente un effort physique important.<\/p><p style=\"text-align: left;padding-left: 40px\"><span style=\"text-decoration: underline\"><span style=\"color: #000080;text-decoration: underline\">Prix:<\/span><\/span> 165,00 \u20ac pour 2 personnes (les boissons sont incluses dans le tarif)<\/p>\t\t\t\t\t\t\t\t<\/div>\n\t\t\t\t<div class=\"elementor-element elementor-element-adeb410 elementor-widget elementor-widget-spacer\" data-id=\"adeb410\" data-element_type=\"widget\" data-e-type=\"widget\" data-widget_type=\"spacer.default\">\n\t\t\t\t\t\t\t<div class=\"elementor-spacer\">\n\t\t\t<div class=\"elementor-spacer-inner\"><\/div>\n\t\t<\/div>\n\t\t\t\t\t\t<\/div>\n\t\t\t\t<div class=\"elementor-element elementor-element-334f269 elementor-widget elementor-widget-text-editor\" data-id=\"334f269\" data-element_type=\"widget\" data-e-type=\"widget\" data-widget_type=\"text-editor.default\">\n\t\t\t\t\t\t\t\t\t<p>Tous les prix indiqu\u00e9s sont des prix totaux incluant la TVA.<\/p><p>Avant le d\u00e9but d&#039;un atelier, un avertissement vous sera pr\u00e9sent\u00e9,<\/p><p>\u00a0que vous veuillez lire attentivement et signer.<\/p>\t\t\t\t\t\t\t\t<\/div>\n\t\t\t\t<\/div>\n\t\t\t\t\t<\/div>\n\t\t\t\t<\/div>\n\t\t<div class=\"elementor-element elementor-element-9d74ff7 e-flex e-con-boxed e-con e-parent\" data-id=\"9d74ff7\" data-element_type=\"container\" data-e-type=\"container\">\n\t\t\t\t\t<div class=\"e-con-inner\">\n\t\t<div class=\"elementor-element elementor-element-2737515 e-con-full e-flex e-con e-child\" data-id=\"2737515\" data-element_type=\"container\" data-e-type=\"container\">\n\t\t\t\t<div class=\"elementor-element elementor-element-4e4139e elementor-widget elementor-widget-heading\" data-id=\"4e4139e\" data-element_type=\"widget\" data-e-type=\"widget\" data-widget_type=\"heading.default\">\n\t\t\t\t\t<h2 class=\"elementor-heading-title elementor-size-default\">R\u00e9sum\u00e9<\/h2>\t\t\t\t<\/div>\n\t\t\t\t<\/div>\n\t\t\t\t\t<\/div>\n\t\t\t\t<\/div>\n\t\t<div class=\"elementor-element elementor-element-da54d56 e-flex e-con-boxed e-con e-parent\" data-id=\"da54d56\" data-element_type=\"container\" data-e-type=\"container\">\n\t\t\t\t\t<div class=\"e-con-inner\">\n\t\t<div class=\"elementor-element elementor-element-11fdd30 e-con-full e-flex e-con e-child\" data-id=\"11fdd30\" data-element_type=\"container\" data-e-type=\"container\">\n\t\t\t\t<div class=\"elementor-element elementor-element-ec0a4a4 elementor-tabs-view-horizontal elementor-widget elementor-widget-tabs\" data-id=\"ec0a4a4\" data-element_type=\"widget\" data-e-type=\"widget\" data-widget_type=\"tabs.default\">\n\t\t\t\t\t\t\t<div class=\"elementor-tabs\">\n\t\t\t<div class=\"elementor-tabs-wrapper\" role=\"tablist\" >\n\t\t\t\t\t\t\t\t\t<div id=\"elementor-tab-title-2471\" class=\"elementor-tab-title elementor-tab-desktop-title\" aria-selected=\"true\" data-tab=\"1\" role=\"tab\" tabindex=\"0\" aria-controls=\"elementor-tab-content-2471\" aria-expanded=\"false\">\u00c2ge:<\/div>\n\t\t\t\t\t\t\t\t\t<div id=\"elementor-tab-title-2472\" class=\"elementor-tab-title elementor-tab-desktop-title\" aria-selected=\"false\" data-tab=\"2\" role=\"tab\" tabindex=\"-1\" aria-controls=\"elementor-tab-content-2472\" aria-expanded=\"false\">Emplacement:<\/div>\n\t\t\t\t\t\t\t\t\t<div id=\"elementor-tab-title-2473\" class=\"elementor-tab-title elementor-tab-desktop-title\" aria-selected=\"false\" data-tab=\"3\" role=\"tab\" tabindex=\"-1\" aria-controls=\"elementor-tab-content-2473\" aria-expanded=\"false\">Tarifs :<\/div>\n\t\t\t\t\t\t\t\t\t<div id=\"elementor-tab-title-2474\" class=\"elementor-tab-title elementor-tab-desktop-title\" aria-selected=\"false\" data-tab=\"4\" role=\"tab\" tabindex=\"-1\" aria-controls=\"elementor-tab-content-2474\" aria-expanded=\"false\">payer<\/div>\n\t\t\t\t\t\t\t\t\t<div id=\"elementor-tab-title-2475\" class=\"elementor-tab-title elementor-tab-desktop-title\" aria-selected=\"false\" data-tab=\"5\" role=\"tab\" tabindex=\"-1\" aria-controls=\"elementor-tab-content-2475\" aria-expanded=\"false\">Clause de non-responsabilit\u00e9:<\/div>\n\t\t\t\t\t\t\t\t\t<div id=\"elementor-tab-title-2476\" class=\"elementor-tab-title elementor-tab-desktop-title\" aria-selected=\"false\" data-tab=\"6\" role=\"tab\" tabindex=\"-1\" aria-controls=\"elementor-tab-content-2476\" aria-expanded=\"false\">Divers:<\/div>\n\t\t\t\t\t\t\t<\/div>\n\t\t\t<div class=\"elementor-tabs-content-wrapper\" role=\"tablist\" aria-orientation=\"vertical\">\n\t\t\t\t\t\t\t\t\t<div class=\"elementor-tab-title elementor-tab-mobile-title\" aria-selected=\"true\" data-tab=\"1\" role=\"tab\" tabindex=\"0\" aria-controls=\"elementor-tab-content-2471\" aria-expanded=\"false\">\u00c2ge:<\/div>\n\t\t\t\t\t<div id=\"elementor-tab-content-2471\" class=\"elementor-tab-content elementor-clearfix\" data-tab=\"1\" role=\"tabpanel\" aria-labelledby=\"elementor-tab-title-2471\" tabindex=\"0\" hidden=\"false\"><p>A partir de 18 ans<\/p><\/div>\n\t\t\t\t\t\t\t\t\t<div class=\"elementor-tab-title elementor-tab-mobile-title\" aria-selected=\"false\" data-tab=\"2\" role=\"tab\" tabindex=\"-1\" aria-controls=\"elementor-tab-content-2472\" aria-expanded=\"false\">Emplacement:<\/div>\n\t\t\t\t\t<div id=\"elementor-tab-content-2472\" class=\"elementor-tab-content elementor-clearfix\" data-tab=\"2\" role=\"tabpanel\" aria-labelledby=\"elementor-tab-title-2472\" tabindex=\"0\" hidden=\"hidden\"><p>Servitude bavaroise<\/p><p>Andr\u00e9as V\u00e9nus<\/p><p>Haidberg2<\/p><p>94379 Saint-Englmar<\/p><\/div>\n\t\t\t\t\t\t\t\t\t<div class=\"elementor-tab-title elementor-tab-mobile-title\" aria-selected=\"false\" data-tab=\"3\" role=\"tab\" tabindex=\"-1\" aria-controls=\"elementor-tab-content-2473\" aria-expanded=\"false\">Tarifs :<\/div>\n\t\t\t\t\t<div id=\"elementor-tab-content-2473\" class=\"elementor-tab-content elementor-clearfix\" data-tab=\"3\" role=\"tabpanel\" aria-labelledby=\"elementor-tab-title-2473\" tabindex=\"0\" hidden=\"hidden\"><p>Tous les prix indiqu\u00e9s ci-dessus sont des prix totaux incluant la TVA.<\/p><\/div>\n\t\t\t\t\t\t\t\t\t<div class=\"elementor-tab-title elementor-tab-mobile-title\" aria-selected=\"false\" data-tab=\"4\" role=\"tab\" tabindex=\"-1\" aria-controls=\"elementor-tab-content-2474\" aria-expanded=\"false\">payer<\/div>\n\t\t\t\t\t<div id=\"elementor-tab-content-2474\" class=\"elementor-tab-content elementor-clearfix\" data-tab=\"4\" role=\"tabpanel\" aria-labelledby=\"elementor-tab-title-2474\" tabindex=\"0\" hidden=\"hidden\"><p>Avant le d\u00e9but de l&#039;atelier<\/p><\/div>\n\t\t\t\t\t\t\t\t\t<div class=\"elementor-tab-title elementor-tab-mobile-title\" aria-selected=\"false\" data-tab=\"5\" role=\"tab\" tabindex=\"-1\" aria-controls=\"elementor-tab-content-2475\" aria-expanded=\"false\">Clause de non-responsabilit\u00e9:<\/div>\n\t\t\t\t\t<div id=\"elementor-tab-content-2475\" class=\"elementor-tab-content elementor-clearfix\" data-tab=\"5\" role=\"tabpanel\" aria-labelledby=\"elementor-tab-title-2475\" tabindex=\"0\" hidden=\"hidden\"><p>Lisez et signez attentivement avant le d\u00e9but de l&#039;atelier.<\/p><\/div>\n\t\t\t\t\t\t\t\t\t<div class=\"elementor-tab-title elementor-tab-mobile-title\" aria-selected=\"false\" data-tab=\"6\" role=\"tab\" tabindex=\"-1\" aria-controls=\"elementor-tab-content-2476\" aria-expanded=\"false\">Divers:<\/div>\n\t\t\t\t\t<div id=\"elementor-tab-content-2476\" class=\"elementor-tab-content elementor-clearfix\" data-tab=\"6\" role=\"tabpanel\" aria-labelledby=\"elementor-tab-title-2476\" tabindex=\"0\" hidden=\"hidden\"><p>Tous les articles propos\u00e9s dans la boutique peuvent \u00eatre achet\u00e9s en atelier.<\/p><\/div>\n\t\t\t\t\t\t\t<\/div>\n\t\t<\/div>\n\t\t\t\t\t\t<\/div>\n\t\t\t\t<div class=\"elementor-element elementor-element-e131a80 premium-lq__none elementor-widget elementor-widget-premium-addon-button\" data-id=\"e131a80\" data-element_type=\"widget\" data-e-type=\"widget\" data-widget_type=\"premium-addon-button.default\">\n\t\t\t\t\t\n\n\t\t<a class=\"premium-button premium-button-none premium-btn-md premium-button-none\" href=\"https:\/\/bavarian-bondage.de\/fr\/formulaire-de-contact\/\">\n\t\t\t<div class=\"premium-button-text-icon-wrapper\">\n\t\t\t\t\n\t\t\t\t\t\t\t\t\t<span >\n\t\t\t\t\t\tFormulaire de contact\t\t\t\t\t<\/span>\n\t\t\t\t\t\t\t<\/div>\n\n\t\t\t\n\t\t\t\n\t\t\t\n\t\t<\/a>\n\n\n\t\t\t\t\t\t<\/div>\n\t\t\t\t<\/div>\n\t\t\t\t\t<\/div>\n\t\t\t\t<\/div>\n\t\t<div class=\"elementor-element elementor-element-56284fd e-flex e-con-boxed e-con e-parent\" data-id=\"56284fd\" data-element_type=\"container\" data-e-type=\"container\">\n\t\t\t\t\t<div class=\"e-con-inner\">\n\t\t<div class=\"elementor-element elementor-element-5b366aa e-con-full e-flex e-con e-child\" data-id=\"5b366aa\" data-element_type=\"container\" data-e-type=\"container\">\n\t\t\t\t<div class=\"elementor-element elementor-element-79888ce elementor-widget elementor-widget-heading\" data-id=\"79888ce\" data-element_type=\"widget\" data-e-type=\"widget\" data-widget_type=\"heading.default\">\n\t\t\t\t\t<h2 class=\"elementor-heading-title elementor-size-default\">Aktuell werden keine Workshops angeboten!<\/h2>\t\t\t\t<\/div>\n\t\t\t\t<\/div>\n\t\t\t\t\t<\/div>\n\t\t\t\t<\/div>\n\t\t\t\t<\/div>","protected":false},"excerpt":{"rendered":"<p>Fortgeschrittenen Workshops Alle Kurse k\u00f6nnen individuell nach deinen W\u00fcnschen angepasst werden. 1. Der Takate Kote kurz TK oder auch Box Tie, ist eine klassische Oberk\u00f6rperfesselung und ein Grundstein f\u00fcr viele weitere Fesselungen. Des Weiteren ist der Takate Kote eines der wichtigsten Elemente f\u00fcr H\u00e4ngebondage und sollte daher fehlerfrei und sicher beherrscht werden! Wir befassen uns [&hellip;]<\/p>\n","protected":false},"author":3,"featured_media":0,"parent":0,"menu_order":0,"comment_status":"closed","ping_status":"closed","template":"elementor_header_footer","meta":{"footnotes":""},"class_list":["post-1127","page","type-page","status-publish","hentry"],"_links":{"self":[{"href":"https:\/\/bavarian-bondage.de\/fr\/wp-json\/wp\/v2\/pages\/1127","targetHints":{"allow":["GET"]}}],"collection":[{"href":"https:\/\/bavarian-bondage.de\/fr\/wp-json\/wp\/v2\/pages"}],"about":[{"href":"https:\/\/bavarian-bondage.de\/fr\/wp-json\/wp\/v2\/types\/page"}],"author":[{"embeddable":true,"href":"https:\/\/bavarian-bondage.de\/fr\/wp-json\/wp\/v2\/users\/3"}],"replies":[{"embeddable":true,"href":"https:\/\/bavarian-bondage.de\/fr\/wp-json\/wp\/v2\/comments?post=1127"}],"version-history":[{"count":5,"href":"https:\/\/bavarian-bondage.de\/fr\/wp-json\/wp\/v2\/pages\/1127\/revisions"}],"predecessor-version":[{"id":16986,"href":"https:\/\/bavarian-bondage.de\/fr\/wp-json\/wp\/v2\/pages\/1127\/revisions\/16986"}],"wp:attachment":[{"href":"https:\/\/bavarian-bondage.de\/fr\/wp-json\/wp\/v2\/media?parent=1127"}],"curies":[{"name":"wp","href":"https:\/\/api.w.org\/{rel}","templated":true}]}}