{"id":1139,"date":"2016-05-24T16:03:59","date_gmt":"2016-05-24T14:03:59","guid":{"rendered":"https:\/\/bavarian-bondage.mysupr.de\/ueber-mich\/"},"modified":"2023-02-02T13:46:18","modified_gmt":"2023-02-02T12:46:18","slug":"sur-moi","status":"publish","type":"page","link":"https:\/\/bavarian-bondage.de\/fr\/ueber-mich\/","title":{"rendered":"Sur moi"},"content":{"rendered":"<div data-elementor-type=\"wp-post\" data-elementor-id=\"1139\" class=\"elementor elementor-1139\" data-elementor-post-type=\"page\">\n\t\t\t\t\t\t<section class=\"elementor-section elementor-top-section elementor-element elementor-element-c0abc2b elementor-section-boxed elementor-section-height-default elementor-section-height-default\" data-id=\"c0abc2b\" data-element_type=\"section\" data-e-type=\"section\">\n\t\t\t\t\t\t<div class=\"elementor-container elementor-column-gap-default\">\n\t\t\t\t\t<div class=\"elementor-column elementor-col-100 elementor-top-column elementor-element elementor-element-a395192\" data-id=\"a395192\" data-element_type=\"column\" data-e-type=\"column\">\n\t\t\t<div class=\"elementor-widget-wrap elementor-element-populated\">\n\t\t\t\t\t\t<div class=\"elementor-element elementor-element-923671e elementor-widget elementor-widget-heading\" data-id=\"923671e\" data-element_type=\"widget\" data-e-type=\"widget\" data-widget_type=\"heading.default\">\n\t\t\t\t\t<h2 class=\"elementor-heading-title elementor-size-default\">Le temps des moments captivants<\/h2>\t\t\t\t<\/div>\n\t\t\t\t<div class=\"elementor-element elementor-element-0865faa elementor-widget elementor-widget-text-editor\" data-id=\"0865faa\" data-element_type=\"widget\" data-e-type=\"widget\" data-widget_type=\"text-editor.default\">\n\t\t\t\t\t\t\t\t\t<p style=\"text-align: center\">Dans les lignes suivantes, vous d\u00e9couvrirez une ou deux choses sur moi, le site et la boutique.<br \/>et pourquoi vous \u00eates au bon endroit\u00a0!<\/p><p style=\"text-align: center\">Pour rendre la lecture moins ennuyeuse, je n&#039;\u00e9cris que les d\u00e9tails les plus importants et non un roman.<\/p><p style=\"text-align: center\">Je vais juste commencer par moi-m\u00eame pour que vous sachiez qui est responsable de la page d&#039;accueil, des ateliers, des produits et bien s\u00fbr des fautes de frappe occasionnelles ^^<\/p><p style=\"text-align: center\">Je m&#039;appelle Andreas, j&#039;ai 37 ans et j&#039;ai longtemps travaill\u00e9 dans le secteur de la restauration. Depuis plus de 17 ans, je pratique le bondage et le shibari, parfois plus et parfois moins intens\u00e9ment. Ces derni\u00e8res ann\u00e9es, presque tout pour moi tournait autour de ce sujet. ^^<\/p><p style=\"text-align: center\"><span style=\"color: #000000\"><strong>Craquez pour les cordes !<\/strong><\/span><\/p><p style=\"text-align: center\">C&#039;est exactement cette passion que j&#039;aimerais vous apporter sur ma page d&#039;accueil ! Le bondage, c&#039;est plus que simplement attacher quelqu&#039;un, plus que jouer, plus que ce que le nom bondage peut m\u00eame dire !<\/p><p style=\"text-align: center\"><span style=\"color: #0000ff\"><strong>Le temps des moments captivants<\/strong><\/span><\/p><p style=\"text-align: center\">est plus qu&#039;un simple slogan pour moi !<\/p><p style=\"text-align: center\">\u2665<\/p><h3 style=\"text-align: center\"><strong>L&#039;id\u00e9e<\/strong><\/h3><p style=\"text-align: center\">L&#039;id\u00e9e de bavarian-bondage.de est n\u00e9e \u00e0 l&#039;\u00e9t\u00e9 2015 \u00e0 la suite d&#039;un atelier priv\u00e9 de bondage. Quelques mois plus tard, la planification du site a r\u00e9ellement commenc\u00e9, avec un blog, des instructions, des ateliers et le but de diffuser le bondage et le shibari et de transmettre la joie du bondage aux gens.<\/p><p style=\"text-align: center\">Au milieu de la planification et apr\u00e8s un achat de corde d\u00e9cevant, une autre id\u00e9e est venue.\u00a0<\/p><p style=\"text-align: center\">\u2665<\/p><h3 style=\"text-align: center\"><strong>Une boutique en ligne !<\/strong><\/h3><p style=\"text-align: center\">Une boutique qui impressionne ses clients par son individualit\u00e9, sa cr\u00e9ativit\u00e9 et sa qualit\u00e9 raisonnable. La boutique qui se d\u00e9marque par un design et une authenticit\u00e9 m\u00e9morables. Fid\u00e8les \u00e0 la devise \u00ab\u00a0La qualit\u00e9 plut\u00f4t que la quantit\u00e9\u00a0\u00bb, mes produits sont pour la plupart fabriqu\u00e9s \u00e0 la main et personnalisables individuellement.<\/p><p style=\"text-align: center\">\u2665<\/p><h3 style=\"text-align: center\"><strong>Ateliers :<\/strong>\u00a0<\/h3><p style=\"text-align: center\">Vous lisez souvent les r\u00e9f\u00e9rences des fournisseurs\u00a0; quelle est la qualit\u00e9 des ateliers propos\u00e9s\u00a0; le prestataire peut-il faire quelque chose\u00a0? et est-ce que \u00e7a vaut le coup pour moi d&#039;y participer ?<\/p><p style=\"text-align: center\">Non. Je n&#039;ai re\u00e7u aucune formation au Japon, je ne suis pas auteur et je ne suis pas non plus connu \u00e0 travers des reportages t\u00e9l\u00e9vis\u00e9s ou des vid\u00e9os sur Internet. Mes r\u00e9f\u00e9rences r\u00e9sident dans les ann\u00e9es d&#039;exp\u00e9rience que j&#039;ai acquises gr\u00e2ce \u00e0 de nombreuses participations \u00e0 des cours et \u00e0 ma propre initiative.<\/p><p style=\"text-align: center\">Je ne me consid\u00e8re pas comme un artiste du bondage, un ma\u00eetre du shibari ou un professeur. Non, je suis juste moi, j&#039;aime transmettre mes connaissances et vous montrer comment utiliser les cordes.<\/p><p style=\"text-align: center\">C&#039;est \u00e0 vous de d\u00e9cider si cela vaut la peine de participer \u00e0 mes ateliers. Dans tous les cas, j&#039;essaie toujours de faire au mieux et de r\u00e9pondre au mieux \u00e0 vous et \u00e0 vos souhaits d&#039;apprentissage.<\/p><p style=\"text-align: center\">\u2665<\/p><h3 style=\"text-align: center\"><strong>Le nom<\/strong><\/h3><p style=\"text-align: center\">Le nom de mon site ou de ma boutique est tr\u00e8s r\u00e9gional car l&#039;objectif a \u00e9t\u00e9 clairement d\u00e9fini d\u00e8s le d\u00e9part. Proposer des ateliers aux personnes de ma r\u00e9gion.<\/p><p style=\"text-align: center\">Reste \u00e0 savoir si Bavarian Bondage convient \u00e0 une boutique en ligne. Je pense que le nom est bon et qu&#039;il le restera \u00e0 l&#039;avenir ^^\u00a0<\/p><p style=\"text-align: center\">\u2665<\/p><h3 style=\"text-align: center\"><strong>L&#039;avenir du bondage bavarois<\/strong><\/h3><p style=\"text-align: center\">Qui sait ce que l\u2019avenir nous r\u00e9serve. Mes objectifs sont d\u00e9finitivement de continuer \u00e0 d\u00e9velopper le site, de toujours proposer de nouveaux produits, d&#039;\u00e9crire des entr\u00e9es de blog, peut-\u00eatre de cr\u00e9er quelques instructions de bondage, etc. Bien s\u00fbr pas du jour au lendemain, mais le voyage est le but et je m&#039;y tiens !<\/p><p style=\"text-align: center\">J&#039;ai commenc\u00e9 \u00e0 proposer r\u00e9guli\u00e8rement mes produits lors de salons et d&#039;\u00e9v\u00e9nements divers afin de donner la possibilit\u00e9 \u00e0 mes clients de voir les offres et bien s\u00fbr \u00e0 tous ceux qui souhaiteraient faire ma connaissance sur place. Quand et o\u00f9 j&#039;ai un stand seront r\u00e9guli\u00e8rement mis \u00e0 jour sur la page d&#039;accueil.<\/p><p style=\"text-align: center\">\u2665<\/p><h3 style=\"text-align: center\"><strong>Le plus important vient \u00e0 la fin<\/strong><\/h3><p style=\"text-align: center\">A quoi servent les meilleures id\u00e9es, le plus beau design et la bonne volont\u00e9 !? Au final rien, un site ou une boutique ne vit que de la confiance de ses visiteurs, de ses clients. La chose la plus importante sur tout le site, c&#039;est vous !<\/p><p style=\"text-align: center\">J&#039;esp\u00e8re que vous avez pu vous faire une petite impression de moi, de mon site et des objectifs que je poursuis.<\/p><p style=\"text-align: center\">Bien entendu, je suis toujours disponible pour r\u00e9pondre \u00e0 vos questions et suggestions.<\/p><p style=\"text-align: center\"><strong>Salutations Andr\u00e9as<\/strong><\/p>\t\t\t\t\t\t\t\t<\/div>\n\t\t\t\t\t<\/div>\n\t\t<\/div>\n\t\t\t\t\t<\/div>\n\t\t<\/section>\n\t\t\t\t<\/div>","protected":false},"excerpt":{"rendered":"<p>Zeit f\u00fcr fesselnde Momente In den folgenden Zeilen erf\u00e4hrst Du das ein oder andere \u00fcber mich, die Seite, den Shopund warum Du hier genau richtig bist! Damit das lesen nicht ganz so langweilig wird, schreibe ich nur die wichtigsten Details und keinen Roman. Ich beginne jetzt einfach mal bei mir, damit du wei\u00dft wer f\u00fcr [&hellip;]<\/p>\n","protected":false},"author":3,"featured_media":0,"parent":0,"menu_order":0,"comment_status":"closed","ping_status":"closed","template":"elementor_header_footer","meta":{"footnotes":""},"class_list":["post-1139","page","type-page","status-publish","hentry"],"_links":{"self":[{"href":"https:\/\/bavarian-bondage.de\/fr\/wp-json\/wp\/v2\/pages\/1139","targetHints":{"allow":["GET"]}}],"collection":[{"href":"https:\/\/bavarian-bondage.de\/fr\/wp-json\/wp\/v2\/pages"}],"about":[{"href":"https:\/\/bavarian-bondage.de\/fr\/wp-json\/wp\/v2\/types\/page"}],"author":[{"embeddable":true,"href":"https:\/\/bavarian-bondage.de\/fr\/wp-json\/wp\/v2\/users\/3"}],"replies":[{"embeddable":true,"href":"https:\/\/bavarian-bondage.de\/fr\/wp-json\/wp\/v2\/comments?post=1139"}],"version-history":[{"count":8,"href":"https:\/\/bavarian-bondage.de\/fr\/wp-json\/wp\/v2\/pages\/1139\/revisions"}],"predecessor-version":[{"id":9546,"href":"https:\/\/bavarian-bondage.de\/fr\/wp-json\/wp\/v2\/pages\/1139\/revisions\/9546"}],"wp:attachment":[{"href":"https:\/\/bavarian-bondage.de\/fr\/wp-json\/wp\/v2\/media?parent=1139"}],"curies":[{"name":"wp","href":"https:\/\/api.w.org\/{rel}","templated":true}]}}