{"id":1145,"date":"2016-06-01T10:24:58","date_gmt":"2016-06-01T08:24:58","guid":{"rendered":"https:\/\/bavarian-bondage.mysupr.de\/widerrufsrecht-fuer-waren\/"},"modified":"2025-07-20T08:32:20","modified_gmt":"2025-07-20T06:32:20","slug":"droit-de-retractation-pour-les-marchandises","status":"publish","type":"page","link":"https:\/\/bavarian-bondage.de\/fr\/widerrufsrecht-fuer-waren\/","title":{"rendered":"Droit de r\u00e9tractation pour les marchandises"},"content":{"rendered":"<div data-elementor-type=\"wp-post\" data-elementor-id=\"1145\" class=\"elementor elementor-1145\" data-elementor-post-type=\"page\">\n\t\t\t\t<div class=\"elementor-element elementor-element-eb1d6f5 e-flex e-con-boxed e-con e-parent\" data-id=\"eb1d6f5\" data-element_type=\"container\" data-e-type=\"container\">\n\t\t\t\t\t<div class=\"e-con-inner\">\n\t\t\t\t<div class=\"elementor-element elementor-element-7a6ac82 elementor-widget elementor-widget-text-editor\" data-id=\"7a6ac82\" data-element_type=\"widget\" data-e-type=\"widget\" data-widget_type=\"text-editor.default\">\n\t\t\t\t\t\t\t\t\t<p><strong>Droit de r\u00e9tractation pour les consommateurs\u00a0<\/strong><br \/>(Un consommateur est toute personne physique qui conclut une transaction juridique \u00e0 des fins qui ne peuvent \u00eatre attribu\u00e9es principalement \u00e0 son activit\u00e9 commerciale ou professionnelle ind\u00e9pendante.)<br \/><br \/><strong>Politique d&#039;annulation<\/strong><br \/><br \/><strong>Droit de r\u00e9tractation<\/strong><br \/>Vous avez le droit de r\u00e9silier ce contrat dans un d\u00e9lai de 14 jours sans donner de raisons.<br \/>Le d\u00e9lai de r\u00e9tractation est de 14 jours \u00e0 compter du jour<br \/><br \/>\u2013 sur lequel vous ou un tiers d\u00e9sign\u00e9 par vous qui n&#039;est pas le transporteur avez pris possession des marchandises, \u00e0 condition que vous ayez command\u00e9 une ou plusieurs marchandises dans le cadre d&#039;une commande uniforme et que celles-ci soient ou soient livr\u00e9es de mani\u00e8re uniforme\u00a0;<br \/><br \/>\u2013 au cours duquel vous ou un tiers d\u00e9sign\u00e9 par vous qui n&#039;est pas le transporteur avez pris possession des derni\u00e8res marchandises, \u00e0 condition que vous ayez command\u00e9 plusieurs marchandises dans le cadre d&#039;une seule commande et que celles-ci soient livr\u00e9es s\u00e9par\u00e9ment\u00a0;<br \/><br \/>Afin d&#039;exercer votre droit de r\u00e9tractation, vous devez nous contacter\u00a0<strong>(Andreas Venus, Haidberg 2, 94379 Sankt Englmar, num\u00e9ro de t\u00e9l\u00e9phone : 016091594448, adresse e-mail : info@bavarian-bondage.de)<\/strong>\u00a0vous informer de votre d\u00e9cision de vous r\u00e9tracter du pr\u00e9sent contrat au moyen d&#039;une d\u00e9claration claire (par exemple une lettre envoy\u00e9e par courrier ou un e-mail). Vous pouvez utiliser le mod\u00e8le de formulaire d\u2019annulation ci-joint, bien que cela ne soit pas obligatoire.<br \/><br \/>Afin de respecter le d\u00e9lai de r\u00e9tractation, il suffit que vous envoyiez la notification de votre exercice du droit de r\u00e9tractation avant l&#039;expiration du d\u00e9lai de r\u00e9tractation.<br \/><br \/><strong>Cons\u00e9quences de la r\u00e9vocation<\/strong><br \/><br \/>Si vous annulez ce contrat, nous vous rembourserons tous les paiements re\u00e7us de votre part, y compris les frais de livraison (\u00e0 l&#039;exception des frais suppl\u00e9mentaires r\u00e9sultant du choix d&#039;un mode de livraison autre que la livraison standard la moins ch\u00e8re que nous proposons, \u00e0 rembourser imm\u00e9diatement et au plus tard. au plus tard dans les 14 jours \u00e0 compter du jour o\u00f9 nous avons re\u00e7u notification de votre r\u00e9siliation du pr\u00e9sent contrat. Pour ce remboursement, nous utilisons le m\u00eame mode de paiement que celui que vous avez utilis\u00e9 pour la transaction initiale, \u00e0 moins que quelque chose de diff\u00e9rent n&#039;ait \u00e9t\u00e9 express\u00e9ment convenu avec vous ; en aucun cas des frais ne vous seront factur\u00e9s du fait de ce remboursement.<br \/><br \/>Nous pouvons refuser le remboursement jusqu&#039;\u00e0 ce que nous ayons re\u00e7u les marchandises ou jusqu&#039;\u00e0 ce que vous ayez fourni la preuve que vous avez renvoy\u00e9 les marchandises, la date la plus proche \u00e9tant retenue.<br \/><br \/>Vous devez nous retourner ou nous remettre la marchandise imm\u00e9diatement et en tout cas au plus tard 14 jours \u00e0 compter du jour o\u00f9 vous nous informez de votre r\u00e9siliation du pr\u00e9sent contrat. Le d\u00e9lai est respect\u00e9 si vous envoyez la marchandise avant l&#039;expiration du d\u00e9lai de 14 jours.<br \/><br \/>Vous supportez les frais directs de retour de la marchandise.<br \/><br \/>Vous n&#039;\u00eates responsable de toute perte de valeur des marchandises que si cette perte de valeur est due \u00e0 une manipulation autre que celle n\u00e9cessaire pour \u00e9tablir la nature, les caract\u00e9ristiques et la fonctionnalit\u00e9 des marchandises.<br \/><br \/><strong>Motifs d&#039;exclusion ou d&#039;expiration<\/strong><br \/><br \/>Le droit de r\u00e9tractation ne s&#039;applique pas aux contrats<br \/><br \/>\u2013 pour la fourniture de biens qui ne sont pas pr\u00e9fabriqu\u00e9s et pour la production desquels une s\u00e9lection ou une d\u00e9termination individuelle du consommateur est d\u00e9terminante ou qui sont clairement adapt\u00e9s aux besoins personnels du consommateur ;<br \/>\u2013 pour la livraison de marchandises pouvant s\u2019ab\u00eemer rapidement ou dont la date de p\u00e9remption serait rapidement d\u00e9pass\u00e9e ;<br \/>\u2013 pour la livraison de boissons alcoolis\u00e9es dont le prix a \u00e9t\u00e9 convenu lors de la conclusion du contrat, mais qui peuvent \u00eatre livr\u00e9es au plus t\u00f4t 30 jours apr\u00e8s la conclusion du contrat et dont la valeur actuelle d\u00e9pend des fluctuations du march\u00e9 sur lequel l&#039;entrepreneur a aucune influence ;<br \/>\u2013 pour la livraison de journaux, magazines ou magazines \u00e0 l\u2019exception des contrats d\u2019abonnement.<br \/><br \/>Le droit de r\u00e9tractation expire pr\u00e9matur\u00e9ment pour les contrats<br \/><br \/>\u2013 pour la livraison de marchandises scell\u00e9es qui ne peuvent pas \u00eatre retourn\u00e9es pour des raisons de protection de la sant\u00e9 ou d&#039;hygi\u00e8ne si leur sceau a \u00e9t\u00e9 retir\u00e9 apr\u00e8s la livraison ;<br \/>\u2013 pour la livraison de marchandises si, en raison de leur nature, elles ont \u00e9t\u00e9 m\u00e9lang\u00e9es de mani\u00e8re indissociable \u00e0 d\u2019autres marchandises apr\u00e8s la livraison ;<br \/>\u2013 de livrer des enregistrements audio ou vid\u00e9o ou des logiciels informatiques dans un emballage scell\u00e9 si le scell\u00e9 a \u00e9t\u00e9 retir\u00e9 apr\u00e8s la livraison.<br \/><br \/><\/p><hr \/><p><br \/><strong>Exemple de formulaire d&#039;annulation<\/strong><br \/><br \/>(Si vous souhaitez annuler le contrat, veuillez remplir ce formulaire et le renvoyer.)<br \/><br \/>\u2013 \u00c0 Andreas Venus, Haidberg 2, 94379 Sankt Englmar, adresse e-mail : info@bavarian-bondage.de :<br \/><br \/>\u2013 Je\/nous (*) r\u00e9voquons par la pr\u00e9sente le contrat conclu par moi\/nous (*) pour l&#039;achat des marchandises suivantes (*)\/<br \/>\u00a0 la fourniture du service suivant (*)<br \/><br \/>\u2013 Command\u00e9 le (*)\/re\u00e7u le (*)<br \/><br \/>\u2013 Nom du ou des consommateurs<br \/>\u2013 Adresse du ou des consommateurs<br \/>\u2013 Signature du ou des consommateurs (uniquement pour la notification papier)<br \/>- Date<br \/><br \/>(*) Supprimer ce qui n&#039;est pas applicable.<br \/><br \/><\/p>\t\t\t\t\t\t\t\t<\/div>\n\t\t\t\t\t<\/div>\n\t\t\t\t<\/div>\n\t\t\t\t<\/div>","protected":false},"excerpt":{"rendered":"<p>Widerrufsrecht f\u00fcr Verbraucher\u00a0(Verbraucher ist jede nat\u00fcrliche Person, die ein Rechtsgesch\u00e4ft zu Zwecken abschlie\u00dft, die \u00fcberwiegend weder ihrer gewerblichen noch ihrer selbstst\u00e4ndigen beruflichen T\u00e4tigkeit zugerechnet werden k\u00f6nnen.) Widerrufsbelehrung WiderrufsrechtSie haben das Recht, binnen 14 Tagen ohne Angabe von Gr\u00fcnden diesen Vertrag zu widerrufen.Die Widerrufsfrist betr\u00e4gt 14 Tage ab dem Tag, &#8211; an dem Sie oder ein [&hellip;]<\/p>\n","protected":false},"author":3,"featured_media":0,"parent":0,"menu_order":0,"comment_status":"closed","ping_status":"closed","template":"","meta":{"footnotes":""},"class_list":["post-1145","page","type-page","status-publish","hentry"],"_links":{"self":[{"href":"https:\/\/bavarian-bondage.de\/fr\/wp-json\/wp\/v2\/pages\/1145","targetHints":{"allow":["GET"]}}],"collection":[{"href":"https:\/\/bavarian-bondage.de\/fr\/wp-json\/wp\/v2\/pages"}],"about":[{"href":"https:\/\/bavarian-bondage.de\/fr\/wp-json\/wp\/v2\/types\/page"}],"author":[{"embeddable":true,"href":"https:\/\/bavarian-bondage.de\/fr\/wp-json\/wp\/v2\/users\/3"}],"replies":[{"embeddable":true,"href":"https:\/\/bavarian-bondage.de\/fr\/wp-json\/wp\/v2\/comments?post=1145"}],"version-history":[{"count":5,"href":"https:\/\/bavarian-bondage.de\/fr\/wp-json\/wp\/v2\/pages\/1145\/revisions"}],"predecessor-version":[{"id":15405,"href":"https:\/\/bavarian-bondage.de\/fr\/wp-json\/wp\/v2\/pages\/1145\/revisions\/15405"}],"wp:attachment":[{"href":"https:\/\/bavarian-bondage.de\/fr\/wp-json\/wp\/v2\/media?parent=1145"}],"curies":[{"name":"wp","href":"https:\/\/api.w.org\/{rel}","templated":true}]}}