{"id":1146,"date":"2016-06-01T17:42:08","date_gmt":"2016-06-01T15:42:08","guid":{"rendered":"https:\/\/bavarian-bondage.mysupr.de\/widerrufsrecht-fuer-kurse\/"},"modified":"2025-07-20T08:33:24","modified_gmt":"2025-07-20T06:33:24","slug":"droit-de-retractation-pour-les-cours","status":"publish","type":"page","link":"https:\/\/bavarian-bondage.de\/fr\/widerrufsrecht-fuer-kurse\/","title":{"rendered":"Droit de r\u00e9tractation pour les cours"},"content":{"rendered":"<div data-elementor-type=\"wp-post\" data-elementor-id=\"1146\" class=\"elementor elementor-1146\" data-elementor-post-type=\"page\">\n\t\t\t\t<div class=\"elementor-element elementor-element-e1f9e83 e-flex e-con-boxed e-con e-parent\" data-id=\"e1f9e83\" data-element_type=\"container\" data-e-type=\"container\">\n\t\t\t\t\t<div class=\"e-con-inner\">\n\t\t\t\t<div class=\"elementor-element elementor-element-f81c21d elementor-widget elementor-widget-text-editor\" data-id=\"f81c21d\" data-element_type=\"widget\" data-e-type=\"widget\" data-widget_type=\"text-editor.default\">\n\t\t\t\t\t\t\t\t\t<p><strong>Droit de r\u00e9tractation pour les consommateurs<\/strong><br \/>(Un consommateur est toute personne physique qui conclut une transaction juridique \u00e0 des fins qui ne peuvent \u00eatre attribu\u00e9es principalement \u00e0 son activit\u00e9 commerciale ou professionnelle ind\u00e9pendante.)<br \/><br \/><strong>Politique d&#039;annulation<\/strong><br \/><br \/><strong>Droit de r\u00e9tractation<\/strong><br \/>Vous avez le droit de r\u00e9silier ce contrat dans un d\u00e9lai de quatorze jours sans donner de motif.<br \/>Le d\u00e9lai de r\u00e9tractation est de quatorze jours \u00e0 compter du jour de la conclusion du contrat.<br \/><br \/>Pour exercer votre droit de r\u00e9tractation, vous devez nous contacter (<strong>Andreas Venus, Haidberg 2, 94379 Sankt Englmar, num\u00e9ro de t\u00e9l\u00e9phone : 016091594448, adresse e-mail : info@bavarian-bondage.de<\/strong>) vous informer de votre d\u00e9cision de vous r\u00e9tracter du pr\u00e9sent contrat au moyen d&#039;une d\u00e9claration claire (par exemple une lettre envoy\u00e9e par courrier ou un e-mail). Vous pouvez utiliser le mod\u00e8le de formulaire d\u2019annulation ci-joint, bien que cela ne soit pas obligatoire.<br \/><br \/>Afin de respecter le d\u00e9lai de r\u00e9tractation, il suffit que vous envoyiez la notification de votre exercice du droit de r\u00e9tractation avant l&#039;expiration du d\u00e9lai de r\u00e9tractation.<br \/><br \/><strong>Cons\u00e9quences de la r\u00e9vocation<\/strong><br \/>\u00a0<br \/>Si vous annulez ce contrat, nous vous rembourserons tous les paiements re\u00e7us de votre part, y compris les frais de livraison (\u00e0 l&#039;exception des frais suppl\u00e9mentaires r\u00e9sultant du choix d&#039;un mode de livraison autre que la livraison standard la moins ch\u00e8re que nous proposons, \u00e0 rembourser imm\u00e9diatement et au plus tard. au plus tard quatorze jours \u00e0 compter du jour o\u00f9 nous avons re\u00e7u notification de votre r\u00e9siliation du pr\u00e9sent contrat. Pour ce remboursement, nous utilisons le m\u00eame mode de paiement que celui que vous avez utilis\u00e9 pour la transaction initiale, \u00e0 moins que quelque chose de diff\u00e9rent n&#039;ait \u00e9t\u00e9 express\u00e9ment convenu avec vous ; en aucun cas des frais ne vous seront factur\u00e9s du fait de ce remboursement.<br \/><br \/>Si vous avez demand\u00e9 que les prestations pour lesquelles le contrat pr\u00e9voit le paiement d&#039;un prix d\u00e9butent pendant le d\u00e9lai de r\u00e9tractation, vous devez nous verser un montant raisonnable correspondant \u00e0 la proportion des prestations jusqu&#039;au moment o\u00f9 vous nous informez du Lors de l&#039;exercice du droit de r\u00e9tractation au titre du pr\u00e9sent contrat, les prestations d\u00e9j\u00e0 fournies correspondent \u00e0 l&#039;\u00e9tendue totale des prestations pr\u00e9vues au contrat.<br \/><br \/><strong>Motifs d&#039;exclusion ou d&#039;expiration<\/strong><br \/><br \/>Le droit de r\u00e9tractation ne s&#039;applique pas aux contrats de prestation de services li\u00e9s aux activit\u00e9s de loisirs si le contrat pr\u00e9voit une date ou une p\u00e9riode pr\u00e9cise pour la prestation.<br \/><br \/>Dans le cas d&#039;un contrat de prestation de services qui oblige le consommateur \u00e0 payer un prix, le droit de r\u00e9tractation expire apr\u00e8s la fourniture compl\u00e8te du service, si le consommateur a express\u00e9ment convenu avant le d\u00e9but de la prestation que l&#039;entrepreneur commencerait en fournissant le service avant l&#039;expiration du d\u00e9lai de r\u00e9tractation commence et il a confirm\u00e9 que son droit de r\u00e9vocation expire apr\u00e8s l&#039;ex\u00e9cution compl\u00e8te du contrat par l&#039;entrepreneur.<\/p><div>\u00a0<\/div><p>\u00a0<\/p><hr \/><p><br \/><strong>Exemple de formulaire d&#039;annulation<\/strong><br \/><br \/>(Si vous souhaitez annuler le contrat, veuillez remplir ce formulaire et le renvoyer.)<br \/><br \/>\u2013 \u00c0 Andreas Venus, Haidberg 2, 94379 Sankt Englmar, adresse e-mail : info@bavarian-bondage.de :<br \/><br \/>\u2013 Je\/nous (*) r\u00e9voquons par la pr\u00e9sente le contrat conclu par moi\/nous (*) pour l&#039;achat des marchandises suivantes (*)\/<br \/>\u00a0 la fourniture du service suivant (*)<br \/><br \/>\u2013 Command\u00e9 le (*)\/re\u00e7u le (*)<br \/><br \/>\u2013 Nom du ou des consommateurs<br \/>\u2013 Adresse du ou des consommateurs<br \/>\u2013 Signature du ou des consommateurs (uniquement pour la notification papier)<br \/>- Date<br \/><br \/>(*) Supprimer ce qui n&#039;est pas applicable.<br \/><br \/><\/p>\t\t\t\t\t\t\t\t<\/div>\n\t\t\t\t\t<\/div>\n\t\t\t\t<\/div>\n\t\t\t\t<\/div>","protected":false},"excerpt":{"rendered":"<p>Widerrufsrecht f\u00fcr Verbraucher(Verbraucher ist jede nat\u00fcrliche Person, die ein Rechtsgesch\u00e4ft zu Zwecken abschlie\u00dft, die \u00fcberwiegend weder ihrer gewerblichen noch ihrer selbstst\u00e4ndigen beruflichen T\u00e4tigkeit zugerechnet werden k\u00f6nnen.) Widerrufsbelehrung WiderrufsrechtSie haben das Recht, binnen vierzehn Tagen ohne Angabe von Gr\u00fcnden diesen Vertrag zu widerrufen.Die Widerrufsfrist betr\u00e4gt vierzehn Tage ab dem Tag des Vertragsabschlusses. Um Ihr Widerrufsrecht auszu\u00fcben, [&hellip;]<\/p>\n","protected":false},"author":3,"featured_media":0,"parent":0,"menu_order":0,"comment_status":"closed","ping_status":"closed","template":"","meta":{"footnotes":""},"class_list":["post-1146","page","type-page","status-publish","hentry"],"_links":{"self":[{"href":"https:\/\/bavarian-bondage.de\/fr\/wp-json\/wp\/v2\/pages\/1146","targetHints":{"allow":["GET"]}}],"collection":[{"href":"https:\/\/bavarian-bondage.de\/fr\/wp-json\/wp\/v2\/pages"}],"about":[{"href":"https:\/\/bavarian-bondage.de\/fr\/wp-json\/wp\/v2\/types\/page"}],"author":[{"embeddable":true,"href":"https:\/\/bavarian-bondage.de\/fr\/wp-json\/wp\/v2\/users\/3"}],"replies":[{"embeddable":true,"href":"https:\/\/bavarian-bondage.de\/fr\/wp-json\/wp\/v2\/comments?post=1146"}],"version-history":[{"count":5,"href":"https:\/\/bavarian-bondage.de\/fr\/wp-json\/wp\/v2\/pages\/1146\/revisions"}],"predecessor-version":[{"id":15408,"href":"https:\/\/bavarian-bondage.de\/fr\/wp-json\/wp\/v2\/pages\/1146\/revisions\/15408"}],"wp:attachment":[{"href":"https:\/\/bavarian-bondage.de\/fr\/wp-json\/wp\/v2\/media?parent=1146"}],"curies":[{"name":"wp","href":"https:\/\/api.w.org\/{rel}","templated":true}]}}