{"id":12,"date":"2018-09-04T13:47:19","date_gmt":"2018-09-04T11:47:19","guid":{"rendered":"http:\/\/bavarian-bondage.mysupr.de\/versandarten\/"},"modified":"2018-09-04T13:47:19","modified_gmt":"2018-09-04T11:47:19","slug":"methodes-dexpedition","status":"publish","type":"page","link":"https:\/\/bavarian-bondage.de\/fr\/versandarten\/","title":{"rendered":"Versandarten"},"content":{"rendered":"<div data-elementor-type=\"wp-post\" data-elementor-id=\"12\" class=\"elementor elementor-12\" data-elementor-post-type=\"page\">\n\t\t\t\t\t\t<section class=\"elementor-section elementor-top-section elementor-element elementor-element-07d64f3 elementor-section-boxed elementor-section-height-default elementor-section-height-default\" data-id=\"07d64f3\" data-element_type=\"section\" data-e-type=\"section\">\n\t\t\t\t\t\t<div class=\"elementor-container elementor-column-gap-default\">\n\t\t\t\t\t<div class=\"elementor-column elementor-col-100 elementor-top-column elementor-element elementor-element-6935983\" data-id=\"6935983\" data-element_type=\"column\" data-e-type=\"column\">\n\t\t\t<div class=\"elementor-widget-wrap elementor-element-populated\">\n\t\t\t\t\t\t<div class=\"elementor-element elementor-element-4538605 elementor-widget elementor-widget-text-editor\" data-id=\"4538605\" data-element_type=\"widget\" data-e-type=\"widget\" data-widget_type=\"text-editor.default\">\n\t\t\t\t\t\t\t\t\t<h3><strong>Paiement et exp\u00e9dition<\/strong><\/h3><p>Les conditions suivantes s&#039;appliquent :<\/p><p><strong>conditions d&#039;exp\u00e9dition<\/strong><\/p><p>La livraison a lieu en Allemagne et dans les pays suivants : Belgique, Danemark, France, Italie, Luxembourg, Pays-Bas, Su\u00e8de, Espagne, Autriche.<\/p><p>Aucune exp\u00e9dition n&#039;est effectu\u00e9e vers les \u00eeles \u00e9trang\u00e8res suivantes : El Hierro, Fuerteventura, Gran Canaria, La Gomera, La Palma, Lanzarote, Tenerife<\/p><p><strong>Frais d&#039;exp\u00e9dition<\/strong>\u00a0(y compris TVA l\u00e9gale)<\/p><p><strong>Livraisons nationales (Allemagne)\u00a0:\u00a0<\/strong><\/p><p>Nous facturons des frais d&#039;exp\u00e9dition forfaitaires de 4,90 \u20ac par commande.<\/p><p>Pour les commandes sup\u00e9rieures \u00e0 120,00 \u20ac nous offrons la livraison gratuite.<\/p><p><strong>Livraisons \u00e0 l&#039;\u00e9tranger :<\/strong><\/p><p>Nous calculons les frais d&#039;exp\u00e9dition \u00e0 l&#039;\u00e9tranger comme suit :<\/p><p>Belgique : 13,99 \u20ac<br \/>Danemark : 13,99 \u20ac<br \/>France : 13,99 \u20ac<br \/>Italie : 13,99 \u20ac<br \/>Luxembourg: 13,99 \u20ac<br \/>Pays-Bas : 13,99 \u20ac<br \/>Su\u00e8de 13,99 \u20ac<br \/>Espagne : 13,99 \u20ac<br \/>Autriche : 13,99 \u20ac<br \/><strong>D\u00e9lais de livraison<\/strong><\/p><p>Sauf indication contraire dans l&#039;offre respective, la livraison des marchandises s&#039;effectue dans un d\u00e9lai de 5 \u00e0 7 jours en Allemagne et dans un d\u00e9lai de 5 \u00e0 7 jours pour les livraisons internationales apr\u00e8s la conclusion du contrat (si un paiement anticip\u00e9 a \u00e9t\u00e9 convenu, apr\u00e8s le moment de votre instruction de paiement).<br \/>Attention, il n&#039;y a pas de livraison le dimanche et les jours f\u00e9ri\u00e9s.<br \/>Si vous avez command\u00e9 des articles avec des d\u00e9lais de livraison diff\u00e9rents, nous enverrons les marchandises en un seul envoi, sauf si nous avons pris des dispositions diff\u00e9rentes avec vous. Dans ce cas, le d\u00e9lai de livraison est d\u00e9termin\u00e9 par l&#039;article avec le d\u00e9lai de livraison le plus long que vous avez command\u00e9.<\/p><p><strong>Options de paiement accept\u00e9es<\/strong><\/p><p><strong>\u2013\u00a0\u00a0<\/strong>Paiement \u00e0 l&#039;avance par virement bancaire<br \/><strong>\u2013\u00a0\u00a0<\/strong>Paiement par carte bancaire<br \/><strong>\u2013<\/strong>\u00a0 paiement via PayPal\u00a0<br \/><strong>\u2013<\/strong><strong>\u00a0\u00a0<\/strong>paiement par virement instantan\u00e9<\/p><p><strong>Autres d\u00e9tails de paiement<\/strong><\/p><p>Si vous payez par carte de cr\u00e9dit, votre compte de carte de cr\u00e9dit sera d\u00e9bit\u00e9 lors de la conclusion du contrat.<\/p><p>Si vous avez des questions, vous trouverez nos coordonn\u00e9es dans les mentions l\u00e9gales.<\/p>\t\t\t\t\t\t\t\t<\/div>\n\t\t\t\t\t<\/div>\n\t\t<\/div>\n\t\t\t\t\t<\/div>\n\t\t<\/section>\n\t\t\t\t<\/div>","protected":false},"excerpt":{"rendered":"<p>Zahlung und Versand Es gelten folgende Bedingungen: Versandbedingungen Die Lieferung erfolgt im Inland (Deutschland)\u00a0und in die nachstehenden L\u00e4nder:\u00a0Belgien, D\u00e4nemark, Frankreich, Italien, Luxemburg, Niederlande, Schweden, Spanien, \u00d6sterreich. Keine Versendung erfolgt auf die nachstehenden ausl\u00e4ndischen Inseln: El Hierro, Fuerteventura, Gran Canaria, La Gomera, La Palma, Lanzarote,Teneriffa Versandkosten\u00a0(inklusive gesetzliche Mehrwertsteuer) Lieferungen im Inland (Deutschland):\u00a0 Wir berechnen die Versandkosten [&hellip;]<\/p>\n","protected":false},"author":3,"featured_media":0,"parent":0,"menu_order":0,"comment_status":"closed","ping_status":"closed","template":"","meta":{"footnotes":""},"class_list":["post-12","page","type-page","status-publish","hentry"],"_links":{"self":[{"href":"https:\/\/bavarian-bondage.de\/fr\/wp-json\/wp\/v2\/pages\/12","targetHints":{"allow":["GET"]}}],"collection":[{"href":"https:\/\/bavarian-bondage.de\/fr\/wp-json\/wp\/v2\/pages"}],"about":[{"href":"https:\/\/bavarian-bondage.de\/fr\/wp-json\/wp\/v2\/types\/page"}],"author":[{"embeddable":true,"href":"https:\/\/bavarian-bondage.de\/fr\/wp-json\/wp\/v2\/users\/3"}],"replies":[{"embeddable":true,"href":"https:\/\/bavarian-bondage.de\/fr\/wp-json\/wp\/v2\/comments?post=12"}],"version-history":[{"count":0,"href":"https:\/\/bavarian-bondage.de\/fr\/wp-json\/wp\/v2\/pages\/12\/revisions"}],"wp:attachment":[{"href":"https:\/\/bavarian-bondage.de\/fr\/wp-json\/wp\/v2\/media?parent=12"}],"curies":[{"name":"wp","href":"https:\/\/api.w.org\/{rel}","templated":true}]}}