{"id":13,"date":"2018-09-04T13:47:19","date_gmt":"2018-09-04T11:47:19","guid":{"rendered":"http:\/\/bavarian-bondage.mysupr.de\/bezahlmoeglichkeiten\/"},"modified":"2025-07-20T08:35:49","modified_gmt":"2025-07-20T06:35:49","slug":"paiement-et-expedition","status":"publish","type":"page","link":"https:\/\/bavarian-bondage.de\/fr\/zahlung-und-versand\/","title":{"rendered":"Paiement et exp\u00e9dition"},"content":{"rendered":"<div data-elementor-type=\"wp-post\" data-elementor-id=\"13\" class=\"elementor elementor-13\" data-elementor-post-type=\"page\">\n\t\t\t\t<div class=\"elementor-element elementor-element-5ac5788 e-flex e-con-boxed e-con e-parent\" data-id=\"5ac5788\" data-element_type=\"container\" data-e-type=\"container\">\n\t\t\t\t\t<div class=\"e-con-inner\">\n\t\t\t\t<div class=\"elementor-element elementor-element-197797c elementor-widget elementor-widget-text-editor\" data-id=\"197797c\" data-element_type=\"widget\" data-e-type=\"widget\" data-widget_type=\"text-editor.default\">\n\t\t\t\t\t\t\t\t\t<p><strong>Paiement et exp\u00e9dition<\/strong><br \/><br \/>Les conditions suivantes s&#039;appliquent :<br \/><br \/>La livraison a lieu en Allemagne et dans les pays suivants : Belgique, Danemark, France, Italie, Luxembourg, Pays-Bas, Portugal, Su\u00e8de, Espagne, Autriche.<br \/><br \/>L&#039;exp\u00e9dition vers les \u00eeles allemandes et \u00e9trang\u00e8res est exclue.<br \/><br \/><strong>Frais d&#039;exp\u00e9dition<\/strong>\u00a0(y compris TVA l\u00e9gale)<br \/><br \/><strong>Livraisons nationales (Allemagne)\u00a0:\u00a0<\/strong><br \/><br \/>Nous facturons un forfait de 5,90 \u20ac par commande pour les frais de port.<br \/><br \/>Nous offrons la livraison gratuite pour les commandes sup\u00e9rieures \u00e0 130,00 \u20ac.<br \/><br \/><strong>Livraisons \u00e0 l&#039;\u00e9tranger :<\/strong><br \/><br \/>Nous calculons les frais d&#039;exp\u00e9dition \u00e0 l&#039;\u00e9tranger comme suit :<br \/><br \/>Portugal : 15,99 \u20ac Belgique : 15,99 \u20ac<br \/>Danemark : 15,99 \u20ac<br \/>France : 15,99 \u20ac<br \/>Italie : 15,99 \u20ac<br \/>Luxembourg : 15,99 \u20ac<br \/>Pays-Bas : 15,99 \u20ac<br \/>Su\u00e8de 15,99 \u20ac<br \/>Espagne : 15,99 \u20ac<br \/>Autriche : 15,99 \u20ac<br \/><br \/><br \/><br \/><br \/><br \/><br \/><br \/><br \/><br \/><br \/><br \/><br \/><strong>D\u00e9lais de livraison<\/strong><br \/><br \/>Sauf indication contraire dans l&#039;offre respective, les marchandises seront livr\u00e9es en Suisse (Allemagne) dans un d\u00e9lai de 5 \u00e0 7 jours, pour les livraisons \u00e0 l&#039;\u00e9tranger dans un d\u00e9lai de 10 \u00e0 12 jours apr\u00e8s la conclusion du contrat (si un paiement anticip\u00e9 a \u00e9t\u00e9 convenu, apr\u00e8s le d\u00e9lai de votre instruction de paiement).<br \/>Attention, il n&#039;y a pas de livraison le dimanche et les jours f\u00e9ri\u00e9s.<br \/>Si vous avez command\u00e9 des articles avec des d\u00e9lais de livraison diff\u00e9rents, les marchandises seront exp\u00e9di\u00e9es en une seule fois, sauf accord contraire. Dans ce cas, le d\u00e9lai de livraison sera d\u00e9termin\u00e9 par l&#039;article dont le d\u00e9lai de livraison est le plus long.<br \/><br \/><strong>Options de paiement accept\u00e9es<\/strong><br \/><br \/><strong>\u2013\u00a0\u00a0<\/strong>Paiement \u00e0 l&#039;avance par virement bancaire<br \/>\u2013 Paiement par virement bancaire instantan\u00e9 (via Klarna)<br \/>\u2013 Paiement par pr\u00e9l\u00e8vement automatique (via Klarna)<br \/>\u2013 Paiement par carte de cr\u00e9dit (via Klarna)<br \/><br \/><strong>Paiement via PayPal\u00a0:<\/strong><br \/>\u2013 Paiement via PayPal Express<br \/>\u2013 Paiement par carte bancaire<br \/><br \/><strong>Par PayPal\u00a0:<\/strong><br \/>\u2013 Paiement via PayPal<br \/>\u2013 Paiement par carte bancaire<br \/>\u2013 Paiement par pr\u00e9l\u00e8vement SEPA<br \/>\u2013 Paiement via \u00ab Payer plus tard \u00bb<br \/><br \/>Si vous avez des questions, vous trouverez nos coordonn\u00e9es dans les mentions l\u00e9gales.<\/p><p>\u00a0<\/p>\t\t\t\t\t\t\t\t<\/div>\n\t\t\t\t\t<\/div>\n\t\t\t\t<\/div>\n\t\t\t\t<\/div>","protected":false},"excerpt":{"rendered":"<p>Zahlung und Versand Es gelten folgende Bedingungen: Die Lieferung erfolgt im Inland (Deutschland)\u00a0und in die nachstehenden L\u00e4nder:\u00a0Belgien, D\u00e4nemark, Frankreich, Italien, Luxemburg, Niederlande, Portugal, Schweden, Spanien, \u00d6sterreich. Der Versand auf deutsche und ausl\u00e4ndische Inseln ist ausgeschlossen. Versandkosten\u00a0(inklusive gesetzliche Mehrwertsteuer) Lieferungen im Inland (Deutschland):\u00a0 Wir berechnen die Versandkosten pauschal mit 5,90 \u20ac pro Bestellung. Ab einem Bestellwert [&hellip;]<\/p>\n","protected":false},"author":3,"featured_media":0,"parent":0,"menu_order":0,"comment_status":"closed","ping_status":"closed","template":"","meta":{"footnotes":""},"class_list":["post-13","page","type-page","status-publish","hentry"],"_links":{"self":[{"href":"https:\/\/bavarian-bondage.de\/fr\/wp-json\/wp\/v2\/pages\/13","targetHints":{"allow":["GET"]}}],"collection":[{"href":"https:\/\/bavarian-bondage.de\/fr\/wp-json\/wp\/v2\/pages"}],"about":[{"href":"https:\/\/bavarian-bondage.de\/fr\/wp-json\/wp\/v2\/types\/page"}],"author":[{"embeddable":true,"href":"https:\/\/bavarian-bondage.de\/fr\/wp-json\/wp\/v2\/users\/3"}],"replies":[{"embeddable":true,"href":"https:\/\/bavarian-bondage.de\/fr\/wp-json\/wp\/v2\/comments?post=13"}],"version-history":[{"count":5,"href":"https:\/\/bavarian-bondage.de\/fr\/wp-json\/wp\/v2\/pages\/13\/revisions"}],"predecessor-version":[{"id":15414,"href":"https:\/\/bavarian-bondage.de\/fr\/wp-json\/wp\/v2\/pages\/13\/revisions\/15414"}],"wp:attachment":[{"href":"https:\/\/bavarian-bondage.de\/fr\/wp-json\/wp\/v2\/media?parent=13"}],"curies":[{"name":"wp","href":"https:\/\/api.w.org\/{rel}","templated":true}]}}