{"id":8446,"date":"2023-01-29T18:05:42","date_gmt":"2023-01-29T17:05:42","guid":{"rendered":"https:\/\/bavarian-bondage.de\/?page_id=8446"},"modified":"2025-11-18T16:59:18","modified_gmt":"2025-11-18T15:59:18","slug":"cordes-de-jute-naturelles","status":"publish","type":"page","link":"https:\/\/bavarian-bondage.de\/fr\/juteseile-natur\/","title":{"rendered":"Cordes de jute naturelles"},"content":{"rendered":"<div data-elementor-type=\"wp-post\" data-elementor-id=\"8446\" class=\"elementor elementor-8446\" data-elementor-post-type=\"page\">\n\t\t\t\t<div class=\"elementor-element elementor-element-e464c43 e-flex e-con-boxed e-con e-parent\" data-id=\"e464c43\" data-element_type=\"container\" data-e-type=\"container\" data-settings=\"{&quot;background_background&quot;:&quot;classic&quot;}\">\n\t\t\t\t\t<div class=\"e-con-inner\">\n\t\t<div class=\"elementor-element elementor-element-13ea099 e-con-full e-flex e-con e-child\" data-id=\"13ea099\" data-element_type=\"container\" data-e-type=\"container\" data-settings=\"{&quot;background_background&quot;:&quot;classic&quot;}\">\n\t\t\t\t<div class=\"elementor-element elementor-element-40b57b6 elementor-widget elementor-widget-heading\" data-id=\"40b57b6\" data-element_type=\"widget\" data-e-type=\"widget\" data-widget_type=\"heading.default\">\n\t\t\t\t\t<h2 class=\"elementor-heading-title elementor-size-default\">Cordes de jute naturelles<\/h2>\t\t\t\t<\/div>\n\t\t\t\t<div class=\"elementor-element elementor-element-ae1b0bf elementor-widget elementor-widget-text-editor\" data-id=\"ae1b0bf\" data-element_type=\"widget\" data-e-type=\"widget\" data-widget_type=\"text-editor.default\">\n\t\t\t\t\t\t\t\t\t<p>Il existe de nombreuses diff\u00e9rences entre les cordes en jute, et nos clients ont tout autant de pr\u00e9f\u00e9rences. C&#039;est pourquoi nous proposons quatre types de cordes en jute dans notre gamme de produits, chacune pr\u00e9sentant des caract\u00e9ristiques et des avantages uniques.\u00a0<\/p><p>Vous trouverez des informations plus d\u00e9taill\u00e9es sur les pages produits individuelles des cordes.<\/p>\t\t\t\t\t\t\t\t<\/div>\n\t\t\t\t<div class=\"elementor-element elementor-element-f5a47a1 elementor-widget elementor-widget-spacer\" data-id=\"f5a47a1\" data-element_type=\"widget\" data-e-type=\"widget\" data-widget_type=\"spacer.default\">\n\t\t\t\t\t\t\t<div class=\"elementor-spacer\">\n\t\t\t<div class=\"elementor-spacer-inner\"><\/div>\n\t\t<\/div>\n\t\t\t\t\t\t<\/div>\n\t\t\t\t<\/div>\n\t\t\t\t\t<\/div>\n\t\t\t\t<\/div>\n\t\t<div class=\"elementor-element elementor-element-2c6b960 e-flex e-con-boxed e-con e-parent\" data-id=\"2c6b960\" data-element_type=\"container\" data-e-type=\"container\">\n\t\t\t\t\t<div class=\"e-con-inner\">\n\t\t<div class=\"elementor-element elementor-element-8c5a5e7 e-con-full e-flex e-con e-child\" data-id=\"8c5a5e7\" data-element_type=\"container\" data-e-type=\"container\">\n\t\t\t\t<div class=\"elementor-element elementor-element-e6b776a elementor-widget elementor-widget-text-editor\" data-id=\"e6b776a\" data-element_type=\"widget\" data-e-type=\"widget\" data-widget_type=\"text-editor.default\">\n\t\t\t\t\t\t\t\t\t<p style=\"text-align: center\">Jute standard<\/p>\t\t\t\t\t\t\t\t<\/div>\n\t\t\t\t<div class=\"elementor-element elementor-element-173f032 elementor-widget elementor-widget-text-editor\" data-id=\"173f032\" data-element_type=\"widget\" data-e-type=\"widget\" data-widget_type=\"text-editor.default\">\n\t\t\t\t\t\t\t\t\t<p style=\"text-align: center\">Notre corde d&#039;entr\u00e9e de gamme, \u00e0 prix abordable, est disponible en diam\u00e8tres de 5 et 6 mm. Robuste, elle pr\u00e9sente un tressage moyen \u00e0 serr\u00e9. Comme la plupart des cordes, elle s&#039;assouplit et gagne en souplesse \u00e0 l&#039;usage. \u00c0 l&#039;instar de toutes nos cordes non teintes, la corde en jute standard est \u00e9galement propos\u00e9e en finitions Classique ou Exclusive.<\/p>\t\t\t\t\t\t\t\t<\/div>\n\t\t\t\t<div class=\"elementor-element elementor-element-1a7f322 elementor-widget elementor-widget-image\" data-id=\"1a7f322\" data-element_type=\"widget\" data-e-type=\"widget\" data-widget_type=\"image.default\">\n\t\t\t\t\t\t\t\t\t\t\t\t\t\t\t\t<a href=\"https:\/\/bavarian-bondage.de\/fr\/norme-de-corde-de-jute\/\">\n\t\t\t\t\t\t\t<img fetchpriority=\"high\" decoding=\"async\" width=\"400\" height=\"200\" src=\"https:\/\/bavarian-bondage.de\/wp-content\/uploads\/2023\/01\/Standard-Jute-Vorschau.png\" class=\"attachment-full size-full wp-image-8282\" alt=\"\" srcset=\"https:\/\/bavarian-bondage.de\/wp-content\/uploads\/2023\/01\/Standard-Jute-Vorschau.png 400w, https:\/\/bavarian-bondage.de\/wp-content\/uploads\/2023\/01\/Standard-Jute-Vorschau-18x9.png 18w\" sizes=\"(max-width: 400px) 100vw, 400px\" title=\"\">\t\t\t\t\t\t\t\t<\/a>\n\t\t\t\t\t\t\t\t\t\t\t\t\t\t\t<\/div>\n\t\t\t\t<div class=\"elementor-element elementor-element-dba7a4c elementor-widget elementor-widget-spacer\" data-id=\"dba7a4c\" data-element_type=\"widget\" data-e-type=\"widget\" data-widget_type=\"spacer.default\">\n\t\t\t\t\t\t\t<div class=\"elementor-spacer\">\n\t\t\t<div class=\"elementor-spacer-inner\"><\/div>\n\t\t<\/div>\n\t\t\t\t\t\t<\/div>\n\t\t\t\t<\/div>\n\t\t<div class=\"elementor-element elementor-element-ded6750 e-con-full e-flex e-con e-child\" data-id=\"ded6750\" data-element_type=\"container\" data-e-type=\"container\">\n\t\t\t\t<div class=\"elementor-element elementor-element-11da9a5 elementor-widget elementor-widget-text-editor\" data-id=\"11da9a5\" data-element_type=\"widget\" data-e-type=\"widget\" data-widget_type=\"text-editor.default\">\n\t\t\t\t\t\t\t\t\t<p style=\"text-align: center\">Jute haut de gamme<\/p>\t\t\t\t\t\t\t\t<\/div>\n\t\t\t\t<div class=\"elementor-element elementor-element-a261722 elementor-widget elementor-widget-text-editor\" data-id=\"a261722\" data-element_type=\"widget\" data-e-type=\"widget\" data-widget_type=\"text-editor.default\">\n\t\t\t\t\t\t\t\t\t<p style=\"text-align: center\">Comme son nom l&#039;indique, il s&#039;agit d&#039;une corde de tr\u00e8s haute qualit\u00e9. Fabriqu\u00e9e en jute Tossa \u00e0 fibres longues, elle est disponible en diam\u00e8tres de 4 mm, 5 mm et 6 mm. Cette corde pr\u00e9sente une texture belle et r\u00e9guli\u00e8re et se pr\u00eate parfaitement \u00e0 la r\u00e9alisation de n\u0153uds. Id\u00e9ale pour les d\u00e9butants comme pour les professionnels\u00a0!<\/p>\t\t\t\t\t\t\t\t<\/div>\n\t\t\t\t<div class=\"elementor-element elementor-element-b30ca74 elementor-widget elementor-widget-image\" data-id=\"b30ca74\" data-element_type=\"widget\" data-e-type=\"widget\" data-widget_type=\"image.default\">\n\t\t\t\t\t\t\t\t\t\t\t\t\t\t\t\t<a href=\"https:\/\/bavarian-bondage.de\/fr\/corde-de-jute-haut-de-gamme\/\">\n\t\t\t\t\t\t\t<img decoding=\"async\" width=\"400\" height=\"200\" src=\"https:\/\/bavarian-bondage.de\/wp-content\/uploads\/2023\/01\/High-class-Jute-Vorschau.png\" class=\"attachment-full size-full wp-image-8280\" alt=\"\" srcset=\"https:\/\/bavarian-bondage.de\/wp-content\/uploads\/2023\/01\/High-class-Jute-Vorschau.png 400w, https:\/\/bavarian-bondage.de\/wp-content\/uploads\/2023\/01\/High-class-Jute-Vorschau-18x9.png 18w\" sizes=\"(max-width: 400px) 100vw, 400px\" title=\"\">\t\t\t\t\t\t\t\t<\/a>\n\t\t\t\t\t\t\t\t\t\t\t\t\t\t\t<\/div>\n\t\t\t\t<\/div>\n\t\t<div class=\"elementor-element elementor-element-947a217 e-con-full e-flex e-con e-child\" data-id=\"947a217\" data-element_type=\"container\" data-e-type=\"container\">\n\t\t\t\t<div class=\"elementor-element elementor-element-dedc42c elementor-widget elementor-widget-spacer\" data-id=\"dedc42c\" data-element_type=\"widget\" data-e-type=\"widget\" data-widget_type=\"spacer.default\">\n\t\t\t\t\t\t\t<div class=\"elementor-spacer\">\n\t\t\t<div class=\"elementor-spacer-inner\"><\/div>\n\t\t<\/div>\n\t\t\t\t\t\t<\/div>\n\t\t\t\t<div class=\"elementor-element elementor-element-569d4f1 elementor-widget elementor-widget-text-editor\" data-id=\"569d4f1\" data-element_type=\"widget\" data-e-type=\"widget\" data-widget_type=\"text-editor.default\">\n\t\t\t\t\t\t\t\t\t<p style=\"text-align: center\">\u00c9dition S<\/p>\t\t\t\t\t\t\t\t<\/div>\n\t\t\t\t<div class=\"elementor-element elementor-element-445f526 elementor-widget elementor-widget-text-editor\" data-id=\"445f526\" data-element_type=\"widget\" data-e-type=\"widget\" data-widget_type=\"text-editor.default\">\n\t\t\t\t\t\t\t\t\t<p style=\"text-align: center\">Corde \u00e0 double brin tr\u00e8s serr\u00e9e, tress\u00e9e en S, qui se distingue par sa grande r\u00e9sistance et sa stabilit\u00e9 \u00e0 long terme. De plus, elle perd tr\u00e8s peu de fibres et n&#039;est pas particuli\u00e8rement irritante pour la peau, contrairement \u00e0 d&#039;autres cordes en jute.<\/p>\t\t\t\t\t\t\t\t<\/div>\n\t\t\t\t<div class=\"elementor-element elementor-element-b8fbd7a elementor-widget elementor-widget-image\" data-id=\"b8fbd7a\" data-element_type=\"widget\" data-e-type=\"widget\" data-widget_type=\"image.default\">\n\t\t\t\t\t\t\t\t\t\t\t\t\t\t\t\t<a href=\"https:\/\/bavarian-bondage.de\/fr\/edition-des-cordes-de-jute\/\">\n\t\t\t\t\t\t\t<img decoding=\"async\" width=\"400\" height=\"200\" src=\"https:\/\/bavarian-bondage.de\/wp-content\/uploads\/2023\/01\/Jute-S-Line-Vorschau.png\" class=\"attachment-large size-large wp-image-8281\" alt=\"\" srcset=\"https:\/\/bavarian-bondage.de\/wp-content\/uploads\/2023\/01\/Jute-S-Line-Vorschau.png 400w, https:\/\/bavarian-bondage.de\/wp-content\/uploads\/2023\/01\/Jute-S-Line-Vorschau-18x9.png 18w\" sizes=\"(max-width: 400px) 100vw, 400px\" title=\"\">\t\t\t\t\t\t\t\t<\/a>\n\t\t\t\t\t\t\t\t\t\t\t\t\t\t\t<\/div>\n\t\t\t\t<\/div>\n\t\t<div class=\"elementor-element elementor-element-af9831a e-con-full e-flex e-con e-child\" data-id=\"af9831a\" data-element_type=\"container\" data-e-type=\"container\">\n\t\t\t\t<div class=\"elementor-element elementor-element-2808452 elementor-widget elementor-widget-spacer\" data-id=\"2808452\" data-element_type=\"widget\" data-e-type=\"widget\" data-widget_type=\"spacer.default\">\n\t\t\t\t\t\t\t<div class=\"elementor-spacer\">\n\t\t\t<div class=\"elementor-spacer-inner\"><\/div>\n\t\t<\/div>\n\t\t\t\t\t\t<\/div>\n\t\t\t\t<div class=\"elementor-element elementor-element-e43b577 elementor-widget elementor-widget-text-editor\" data-id=\"e43b577\" data-element_type=\"widget\" data-e-type=\"widget\" data-widget_type=\"text-editor.default\">\n\t\t\t\t\t\t\t\t\t<p style=\"text-align: center\">Jute Soft<\/p>\t\t\t\t\t\t\t\t<\/div>\n\t\t\t\t<div class=\"elementor-element elementor-element-7bf76ae elementor-widget elementor-widget-text-editor\" data-id=\"7bf76ae\" data-element_type=\"widget\" data-e-type=\"widget\" data-widget_type=\"text-editor.default\">\n\t\t\t\t\t\t\t\t\t<p style=\"text-align: center\">Une corde tr\u00e8s douce et moelleuse d&#039;une belle couleur dor\u00e9e. Gr\u00e2ce \u00e0 son tressage tr\u00e8s l\u00e2che, cette corde pour gauchers se noue extr\u00eamement rapidement et facilement. Elle n&#039;est pas forc\u00e9ment le meilleur choix pour les d\u00e9butants.<\/p>\t\t\t\t\t\t\t\t<\/div>\n\t\t\t\t<div class=\"elementor-element elementor-element-1e7118f elementor-widget elementor-widget-image\" data-id=\"1e7118f\" data-element_type=\"widget\" data-e-type=\"widget\" data-widget_type=\"image.default\">\n\t\t\t\t\t\t\t\t\t\t\t\t\t\t\t\t<a href=\"https:\/\/bavarian-bondage.de\/fr\/jute-doux\/\">\n\t\t\t\t\t\t\t<img loading=\"lazy\" decoding=\"async\" width=\"400\" height=\"200\" src=\"https:\/\/bavarian-bondage.de\/wp-content\/uploads\/2025\/11\/Jute-Soft.png\" class=\"attachment-large size-large wp-image-16131\" alt=\"\" srcset=\"https:\/\/bavarian-bondage.de\/wp-content\/uploads\/2025\/11\/Jute-Soft.png 400w, https:\/\/bavarian-bondage.de\/wp-content\/uploads\/2025\/11\/Jute-Soft-18x9.png 18w\" sizes=\"(max-width: 400px) 100vw, 400px\" title=\"\">\t\t\t\t\t\t\t\t<\/a>\n\t\t\t\t\t\t\t\t\t\t\t\t\t\t\t<\/div>\n\t\t\t\t<div class=\"elementor-element elementor-element-9d4f510 elementor-widget elementor-widget-spacer\" data-id=\"9d4f510\" data-element_type=\"widget\" data-e-type=\"widget\" data-widget_type=\"spacer.default\">\n\t\t\t\t\t\t\t<div class=\"elementor-spacer\">\n\t\t\t<div class=\"elementor-spacer-inner\"><\/div>\n\t\t<\/div>\n\t\t\t\t\t\t<\/div>\n\t\t\t\t<\/div>\n\t\t\t\t\t<\/div>\n\t\t\t\t<\/div>\n\t\t\t\t<\/div>","protected":false},"excerpt":{"rendered":"<p>Juteseile Natur Bei Juteseilen gibt es zahlreiche Unterschiede und ebenso viele Vorlieben unserer Kunden. Daher haben wir insgesamt vier verschiedene Juteseile, mit unterschiedlichen Eigenschaften und Vorz\u00fcgen in unserem Sortiment.\u00a0 N\u00e4here Informationen findet ihr auf den einzelnen Produktseiten der Seile. Standard Jute Unser g\u00fcnstiges Einsteigerseil bieten wir in 5mm und 6mm an. Es ist robust und [&hellip;]<\/p>\n","protected":false},"author":3,"featured_media":0,"parent":0,"menu_order":0,"comment_status":"closed","ping_status":"closed","template":"elementor_header_footer","meta":{"footnotes":""},"class_list":["post-8446","page","type-page","status-publish","hentry"],"_links":{"self":[{"href":"https:\/\/bavarian-bondage.de\/fr\/wp-json\/wp\/v2\/pages\/8446","targetHints":{"allow":["GET"]}}],"collection":[{"href":"https:\/\/bavarian-bondage.de\/fr\/wp-json\/wp\/v2\/pages"}],"about":[{"href":"https:\/\/bavarian-bondage.de\/fr\/wp-json\/wp\/v2\/types\/page"}],"author":[{"embeddable":true,"href":"https:\/\/bavarian-bondage.de\/fr\/wp-json\/wp\/v2\/users\/3"}],"replies":[{"embeddable":true,"href":"https:\/\/bavarian-bondage.de\/fr\/wp-json\/wp\/v2\/comments?post=8446"}],"version-history":[{"count":5,"href":"https:\/\/bavarian-bondage.de\/fr\/wp-json\/wp\/v2\/pages\/8446\/revisions"}],"predecessor-version":[{"id":16216,"href":"https:\/\/bavarian-bondage.de\/fr\/wp-json\/wp\/v2\/pages\/8446\/revisions\/16216"}],"wp:attachment":[{"href":"https:\/\/bavarian-bondage.de\/fr\/wp-json\/wp\/v2\/media?parent=8446"}],"curies":[{"name":"wp","href":"https:\/\/api.w.org\/{rel}","templated":true}]}}