{"id":9,"date":"2018-09-04T13:47:19","date_gmt":"2018-09-04T11:47:19","guid":{"rendered":"http:\/\/bavarian-bondage.mysupr.de\/impressum\/"},"modified":"2025-07-20T08:28:49","modified_gmt":"2025-07-20T06:28:49","slug":"imprimer","status":"publish","type":"page","link":"https:\/\/bavarian-bondage.de\/fr\/impressum\/","title":{"rendered":"imprimer"},"content":{"rendered":"<div data-elementor-type=\"wp-post\" data-elementor-id=\"9\" class=\"elementor elementor-9\" data-elementor-post-type=\"page\">\n\t\t\t\t<div class=\"elementor-element elementor-element-413ebf4 e-flex e-con-boxed e-con e-parent\" data-id=\"413ebf4\" data-element_type=\"container\" data-e-type=\"container\">\n\t\t\t\t\t<div class=\"e-con-inner\">\n\t\t\t\t<div class=\"elementor-element elementor-element-1c0f452 elementor-widget elementor-widget-text-editor\" data-id=\"1c0f452\" data-element_type=\"widget\" data-e-type=\"widget\" data-widget_type=\"text-editor.default\">\n\t\t\t\t\t\t\t\t\t<p><strong>imprimer<\/strong><\/p><strong>\n<\/strong><p><strong>Identification du fournisseur l\u00e9gal\u00a0:<\/strong><\/p>\n<p><strong>Andr\u00e9as V\u00e9nus<br>Servitude bavaroise<br>Haidberg2<br>94379 Saint-Englmar<br>Allemagne<\/strong><\/p><p><strong><br>T\u00e9l\u00e9phone : 016091594448<br>E-mail:&nbsp;<\/strong><strong>info@bavarian-bondage.de<\/strong><br><strong>WhatsApp 0160\/91594448<\/strong><br><strong><br>Num\u00e9ro d&#039;identification TVA : DE320922388<\/strong><\/p>\n<p>Nous sommes dispos\u00e9s, mais non oblig\u00e9s, \u00e0 participer aux proc\u00e9dures de r\u00e8glement des litiges devant les conseils d&#039;arbitrage des consommateurs.<\/p>\n<p><strong>Nous sommes depuis&nbsp;<\/strong><strong>10.05.2016&nbsp;<\/strong><strong>Membre de l&#039;initiative \u00ab FairCommerce \u00bb.<\/strong><br>De plus amples informations peuvent \u00eatre trouv\u00e9es sur&nbsp;<a href=\"https:\/\/www.haendlerbund.de\/de\/haendlerbund\/interessenvertretung\/faircommerce\" target=\"_blank\" rel=\"noopener\">www.haendlerbund.de\/faircommerce<\/a>.<\/p>\t\t\t\t\t\t\t\t<\/div>\n\t\t\t\t\t<\/div>\n\t\t\t\t<\/div>\n\t\t\t\t<\/div>","protected":false},"excerpt":{"rendered":"<p>Mentions l\u00e9gales Identification du prestataire l\u00e9gal : Andreas Venus Bavarian-Bondage Haidberg 294379 Sankt Englmar Allemagne T\u00e9l\u00e9phone : 016091594448 E-mail : info@bavarian-bondage.de WhatsApp 0160\/91594448 N\u00b0 de TVA : DE320922388 Nous sommes dispos\u00e9s, mais non oblig\u00e9s, de participer aux proc\u00e9dures de r\u00e8glement des litiges devant les commissions d&#039;arbitrage des consommateurs. Nous sommes membre de l&#039;initiative \u00ab FairCommerce \u00bb depuis le 10 mai 2016. Vous trouverez de plus amples informations sur www.haendlerbund.de\/faircommerce.<\/p>","protected":false},"author":3,"featured_media":0,"parent":0,"menu_order":0,"comment_status":"closed","ping_status":"closed","template":"elementor_header_footer","meta":{"footnotes":""},"class_list":["post-9","page","type-page","status-publish","hentry"],"_links":{"self":[{"href":"https:\/\/bavarian-bondage.de\/fr\/wp-json\/wp\/v2\/pages\/9","targetHints":{"allow":["GET"]}}],"collection":[{"href":"https:\/\/bavarian-bondage.de\/fr\/wp-json\/wp\/v2\/pages"}],"about":[{"href":"https:\/\/bavarian-bondage.de\/fr\/wp-json\/wp\/v2\/types\/page"}],"author":[{"embeddable":true,"href":"https:\/\/bavarian-bondage.de\/fr\/wp-json\/wp\/v2\/users\/3"}],"replies":[{"embeddable":true,"href":"https:\/\/bavarian-bondage.de\/fr\/wp-json\/wp\/v2\/comments?post=9"}],"version-history":[{"count":5,"href":"https:\/\/bavarian-bondage.de\/fr\/wp-json\/wp\/v2\/pages\/9\/revisions"}],"predecessor-version":[{"id":15402,"href":"https:\/\/bavarian-bondage.de\/fr\/wp-json\/wp\/v2\/pages\/9\/revisions\/15402"}],"wp:attachment":[{"href":"https:\/\/bavarian-bondage.de\/fr\/wp-json\/wp\/v2\/media?parent=9"}],"curies":[{"name":"wp","href":"https:\/\/api.w.org\/{rel}","templated":true}]}}