{"id":9565,"date":"2023-02-03T11:40:31","date_gmt":"2023-02-03T10:40:31","guid":{"rendered":"https:\/\/bavarian-bondage.de\/?page_id=9565"},"modified":"2024-09-01T19:08:14","modified_gmt":"2024-09-01T17:08:14","slug":"bons","status":"publish","type":"page","link":"https:\/\/bavarian-bondage.de\/fr\/gutscheine\/","title":{"rendered":"Bons d&#039;achat"},"content":{"rendered":"<div data-elementor-type=\"wp-page\" data-elementor-id=\"9565\" class=\"elementor elementor-9565\" data-elementor-post-type=\"page\">\n\t\t\t\t<div class=\"elementor-element elementor-element-2a4b4ba e-flex e-con-boxed e-con e-parent\" data-id=\"2a4b4ba\" data-element_type=\"container\" data-e-type=\"container\">\n\t\t\t\t\t<div class=\"e-con-inner\">\n\t\t\t\t<div class=\"elementor-element elementor-element-42c5034 elementor-widget elementor-widget-heading\" data-id=\"42c5034\" data-element_type=\"widget\" data-e-type=\"widget\" data-widget_type=\"heading.default\">\n\t\t\t\t\t<h2 class=\"elementor-heading-title elementor-size-default\">Bons d&#039;achat<\/h2>\t\t\t\t<\/div>\n\t\t\t\t<div class=\"elementor-element elementor-element-388b416 elementor-widget elementor-widget-text-editor\" data-id=\"388b416\" data-element_type=\"widget\" data-e-type=\"widget\" data-widget_type=\"text-editor.default\">\n\t\t\t\t\t\t\t\t\t<p>\u00c0 la demande g\u00e9n\u00e9rale, il est d\u00e9sormais possible d&#039;acheter un bon.<\/p><p>Si vous achetez plusieurs bons, ils seront \u00e9galement r\u00e9pertori\u00e9s individuellement et pourront \u00eatre utilis\u00e9s en combinaison.<\/p>\t\t\t\t\t\t\t\t<\/div>\n\t\t\t\t\t<\/div>\n\t\t\t\t<\/div>\n\t\t<div class=\"elementor-element elementor-element-2cafeaa e-flex e-con-boxed e-con e-parent\" data-id=\"2cafeaa\" data-element_type=\"container\" data-e-type=\"container\" data-settings=\"{&quot;background_background&quot;:&quot;classic&quot;}\">\n\t\t\t\t\t<div class=\"e-con-inner\">\n\t\t\t\t<div class=\"elementor-element elementor-element-f5d240c uael-woo--align-center uael-sale-flash-custom elementor-widget elementor-widget-uael-woo-products\" data-id=\"f5d240c\" data-element_type=\"widget\" data-e-type=\"widget\" data-settings=\"{&quot;products_columns&quot;:&quot;1&quot;,&quot;products_columns_tablet&quot;:&quot;1&quot;,&quot;products_columns_mobile&quot;:&quot;1&quot;}\" data-widget_type=\"uael-woo-products.grid-franko\">\n\t\t\t\t<div class=\"elementor-widget-container\">\n\t\t\t\t\t<div class=\"uael-woocommerce uael-woo-products-grid uael-woo-skin-grid-franko uael-woo-query-manual\" data-page=\"9565\" data-skin=\"grid_franko\"><div class=\"columns-1 uael-woo-products-inner uael-woo-product__column-1 uael-woo-product__column-tablet-1 uael-woo-product__column-mobile-1 uael-woo-product__hover-zoom\"><ul class=\"products columns-1\">\n\n<li class=\"zubeh\u00f6r alle produkte post-9569 product first instock purchasable product-type-variable\">\n\t<div class=\"uael-woo-product-wrapper\">\n\t\t<div class=\"uael-woo-products-thumbnail-wrap\"><div class=\"uael-flash-container\"><\/div><a href=\"https:\/\/bavarian-bondage.de\/fr\/produkt\/gutschein\/\" class=\"woocommerce-LoopProduct-link woocommerce-loop-product__link\"><img fetchpriority=\"high\" decoding=\"async\" width=\"300\" height=\"300\" src=\"https:\/\/bavarian-bondage.de\/wp-content\/uploads\/2023\/02\/20230215_1309521-300x300.png\" class=\"attachment-woocommerce_thumbnail size-woocommerce_thumbnail\" alt=\"Coupon\" title=\"\"><\/a><div class=\"uael-product-actions\"><\/div><\/div><div class=\"uael-woo-products-summary-wrap\"><a href=\"https:\/\/bavarian-bondage.de\/fr\/produkt\/gutschein\/\" class=\"uael-loop-product__link\"><h2 class=\"woocommerce-loop-product__title\">Coupon<\/h2><\/a>\n\t<span class=\"price\"><span class=\"woocommerce-Price-amount amount\"><bdi>30,00&nbsp;<span class=\"woocommerce-Price-currencySymbol\">\u20ac<\/span><\/bdi><\/span> \u2013 <span class=\"woocommerce-Price-amount amount\"><bdi>300,00&nbsp;<span class=\"woocommerce-Price-currencySymbol\">\u20ac<\/span><\/bdi><\/span><\/span>\n<div class=\"uael-woo-products-description\"><p>D\u00e9lai de livraison : 5-7 jours*<\/p>\n<\/div><\/div>\t<\/div>\n<\/li>\n<\/ul>\n<\/div><\/div>\t\t\t\t<\/div>\n\t\t\t\t<\/div>\n\t\t\t\t\t<\/div>\n\t\t\t\t<\/div>\n\t\t\t\t<\/div>","protected":false},"excerpt":{"rendered":"<p>Bons d&#039;achat\u00a0: Suite \u00e0 la forte demande, il est d\u00e9sormais possible d&#039;acheter un bon d&#039;achat. En cas d&#039;achat multiple, ils seront list\u00e9s individuellement et pourront \u00eatre utilis\u00e9s ensemble. Bons d&#039;achat de 30,00\u00a0\u20ac \u00e0 200,00\u00a0\u20ac. D\u00e9lai de livraison\u00a0: 5 \u00e0 7\u00a0jours*.<\/p>","protected":false},"author":3,"featured_media":0,"parent":0,"menu_order":0,"comment_status":"closed","ping_status":"closed","template":"elementor_header_footer","meta":{"footnotes":""},"class_list":["post-9565","page","type-page","status-publish","hentry"],"_links":{"self":[{"href":"https:\/\/bavarian-bondage.de\/fr\/wp-json\/wp\/v2\/pages\/9565","targetHints":{"allow":["GET"]}}],"collection":[{"href":"https:\/\/bavarian-bondage.de\/fr\/wp-json\/wp\/v2\/pages"}],"about":[{"href":"https:\/\/bavarian-bondage.de\/fr\/wp-json\/wp\/v2\/types\/page"}],"author":[{"embeddable":true,"href":"https:\/\/bavarian-bondage.de\/fr\/wp-json\/wp\/v2\/users\/3"}],"replies":[{"embeddable":true,"href":"https:\/\/bavarian-bondage.de\/fr\/wp-json\/wp\/v2\/comments?post=9565"}],"version-history":[{"count":25,"href":"https:\/\/bavarian-bondage.de\/fr\/wp-json\/wp\/v2\/pages\/9565\/revisions"}],"predecessor-version":[{"id":12950,"href":"https:\/\/bavarian-bondage.de\/fr\/wp-json\/wp\/v2\/pages\/9565\/revisions\/12950"}],"wp:attachment":[{"href":"https:\/\/bavarian-bondage.de\/fr\/wp-json\/wp\/v2\/media?parent=9565"}],"curies":[{"name":"wp","href":"https:\/\/api.w.org\/{rel}","templated":true}]}}