{"id":10206,"date":"2022-04-23T16:44:10","date_gmt":"2022-04-23T14:44:10","guid":{"rendered":"https:\/\/bavarian-bondage.de\/?post_type=product&#038;p=10206"},"modified":"2026-04-12T14:09:16","modified_gmt":"2026-04-12T12:09:16","slug":"coupe-corde","status":"publish","type":"product","link":"https:\/\/bavarian-bondage.de\/fr\/produkt\/ropecutter\/","title":{"rendered":"Coupe-cordes"},"content":{"rendered":"<h3 style=\"text-align: center\">Coupe-corde<\/h3>\n<p style=\"text-align: center\">Ce petit outil \u00e0 double tranchant est parfaitement con\u00e7u pour couper les cordes de bondage jusqu&#039;\u00e0 8 mm de diam\u00e8tre.<\/p>\n<p style=\"text-align: center\">L&#039;outil est livr\u00e9 avec un sac en nylon pouvant \u00eatre attach\u00e9 \u00e0 une ceinture par exemple, ainsi que deux lames de rechange. La fermeture velcro le maintient solidement dans le sac.<\/p>\n<p style=\"text-align: center\">Un petit outil pointu et efficace en cas d&#039;urgence\u00a0!<\/p>\n<p><strong>D\u00e9tails:<\/strong><\/p>\n<p>Mat\u00e9riel: plastique, nylon, m\u00e9tal<br \/>\nLongueur totale avec boucle : 20 cm<br \/>\nLongueur sans boucle : 9cm<br \/>\nTaille du sac : L 10 cm ; B 5 cm<\/p>\n<p>&nbsp;<\/p>\n<p><strong>Contenu de la livraison : <\/strong>1 coupe-corde avec sac en nylon<\/p>\n<p>&nbsp;<\/p>\n<hr \/>\n<blockquote>\n<p style=\"text-align: center\"><span style=\"color: #333399\">Les informations sur les produits sont fournies au meilleur de nos connaissances et convictions. Toutes les dimensions sont approximatives. L&#039;utilisation des produits propos\u00e9s ici dans la boutique est \u00e0 vos propres risques. Chaque personne r\u00e9agit diff\u00e9remment aux influences ext\u00e9rieures, au plaisir ou \u00e0 la douleur, etc. Par cons\u00e9quent, aucune responsabilit\u00e9 ne peut \u00eatre accept\u00e9e en cas d&#039;utilisation inappropri\u00e9e.  Chaque utilisateur assume l&#039;enti\u00e8re responsabilit\u00e9 de l&#039;utilisation ou de la bonne utilisation des produits et de ses cons\u00e9quences impr\u00e9visibles.<\/span><\/p>\n<\/blockquote>","protected":false},"excerpt":{"rendered":"<p>D\u00e9lai de livraison : 5-7 jours*<\/p>","protected":false},"featured_media":14061,"template":"","meta":[],"product_brand":[],"product_cat":[223],"product_tag":[],"class_list":{"0":"post-10206","1":"product","2":"type-product","3":"status-publish","4":"has-post-thumbnail","6":"product_cat-zubehoer","8":"first","9":"instock","10":"taxable","11":"shipping-taxable","12":"purchasable","13":"product-type-variable"},"_links":{"self":[{"href":"https:\/\/bavarian-bondage.de\/fr\/wp-json\/wp\/v2\/product\/10206","targetHints":{"allow":["GET"]}}],"collection":[{"href":"https:\/\/bavarian-bondage.de\/fr\/wp-json\/wp\/v2\/product"}],"about":[{"href":"https:\/\/bavarian-bondage.de\/fr\/wp-json\/wp\/v2\/types\/product"}],"version-history":[{"count":5,"href":"https:\/\/bavarian-bondage.de\/fr\/wp-json\/wp\/v2\/product\/10206\/revisions"}],"predecessor-version":[{"id":16517,"href":"https:\/\/bavarian-bondage.de\/fr\/wp-json\/wp\/v2\/product\/10206\/revisions\/16517"}],"wp:featuredmedia":[{"embeddable":true,"href":"https:\/\/bavarian-bondage.de\/fr\/wp-json\/wp\/v2\/media\/14061"}],"wp:attachment":[{"href":"https:\/\/bavarian-bondage.de\/fr\/wp-json\/wp\/v2\/media?parent=10206"}],"wp:term":[{"taxonomy":"product_brand","embeddable":true,"href":"https:\/\/bavarian-bondage.de\/fr\/wp-json\/wp\/v2\/product_brand?post=10206"},{"taxonomy":"product_cat","embeddable":true,"href":"https:\/\/bavarian-bondage.de\/fr\/wp-json\/wp\/v2\/product_cat?post=10206"},{"taxonomy":"product_tag","embeddable":true,"href":"https:\/\/bavarian-bondage.de\/fr\/wp-json\/wp\/v2\/product_tag?post=10206"}],"curies":[{"name":"wp","href":"https:\/\/api.w.org\/{rel}","templated":true}]}}