{"id":14345,"date":"2024-12-27T12:38:03","date_gmt":"2024-12-27T11:38:03","guid":{"rendered":"https:\/\/bavarian-bondage.de\/?post_type=product&#038;p=14345"},"modified":"2026-05-12T05:39:00","modified_gmt":"2026-05-12T03:39:00","slug":"pivotant-noir","status":"publish","type":"product","link":"https:\/\/bavarian-bondage.de\/fr\/produkt\/drehwirbel-schwarz\/","title":{"rendered":"\u00c9merillon noir"},"content":{"rendered":"<h3 style=\"text-align: center\">\u00c9merillon noir<\/h3>\n<p style=\"text-align: center\">Le pivot, aussi appel\u00e9 \u00e9merillon, rend toute s\u00e9ance de bondage en suspension encore plus agr\u00e9able. Mont\u00e9 sur roulements \u00e0 billes, il offre, malgr\u00e9 sa petite taille, une grande capacit\u00e9 de charge. Gr\u00e2ce \u00e0 ses roulements \u00e0 billes int\u00e9gr\u00e9s, il tourne tr\u00e8s rapidement, silencieusement et quasiment sans r\u00e9sistance.<\/p>\n<p style=\"text-align: center\">Pour \u00e9viter la rotation, il suffit de tirer une ou deux fois une corde \u00e0 travers les deux ouvertures.<\/p>\n<p><strong>D\u00e9tails:<\/strong><\/p>\n<pre>Taille : L 10,5 cm \/ l 4,2 cm Diam\u00e8tre des ouvertures : 3,5 cm x 3,0 cm \u00c9paisseur du mat\u00e9riau : environ 1 cm Capacit\u00e9 de charge : 30 kN Mat\u00e9riau : aluminium Couleur : noir Poids : 130 g EN12275 2008 EN363<\/pre>\n<pre><\/pre>\n<p>&nbsp;<\/p>\n<p><strong>Contenu de la livraison :<\/strong> \u00e9merillon noir 30KN<\/p>\n<p>&nbsp;<\/p>\n<hr \/>\n<blockquote>\n<p style=\"text-align: center\"><span style=\"color: #333399\">Les informations sur les produits sont fournies au meilleur de nos connaissances et convictions. Toutes les dimensions sont approximatives. L&#039;utilisation des produits propos\u00e9s ici dans la boutique est \u00e0 vos propres risques. Chaque personne r\u00e9agit diff\u00e9remment aux influences ext\u00e9rieures, au plaisir ou \u00e0 la douleur, etc. Par cons\u00e9quent, aucune responsabilit\u00e9 ne peut \u00eatre accept\u00e9e en cas d&#039;utilisation inappropri\u00e9e.  Chaque utilisateur assume l&#039;enti\u00e8re responsabilit\u00e9 de l&#039;utilisation ou de la bonne utilisation des produits et de ses cons\u00e9quences impr\u00e9visibles.<\/span><\/p>\n<\/blockquote>","protected":false},"excerpt":{"rendered":"<p>D\u00e9lai de livraison : 5-7 jours*<\/p>","protected":false},"featured_media":14347,"template":"","meta":[],"product_brand":[],"product_cat":[222,223,233],"product_tag":[],"class_list":{"0":"post-14345","1":"product","2":"type-product","3":"status-publish","4":"has-post-thumbnail","6":"product_cat-alle-produkte","7":"product_cat-zubehoer","8":"product_cat-bondage-zubehoer","10":"first","11":"instock","12":"taxable","13":"shipping-taxable","14":"purchasable","15":"product-type-simple"},"_links":{"self":[{"href":"https:\/\/bavarian-bondage.de\/fr\/wp-json\/wp\/v2\/product\/14345","targetHints":{"allow":["GET"]}}],"collection":[{"href":"https:\/\/bavarian-bondage.de\/fr\/wp-json\/wp\/v2\/product"}],"about":[{"href":"https:\/\/bavarian-bondage.de\/fr\/wp-json\/wp\/v2\/types\/product"}],"version-history":[{"count":3,"href":"https:\/\/bavarian-bondage.de\/fr\/wp-json\/wp\/v2\/product\/14345\/revisions"}],"predecessor-version":[{"id":14351,"href":"https:\/\/bavarian-bondage.de\/fr\/wp-json\/wp\/v2\/product\/14345\/revisions\/14351"}],"wp:featuredmedia":[{"embeddable":true,"href":"https:\/\/bavarian-bondage.de\/fr\/wp-json\/wp\/v2\/media\/14347"}],"wp:attachment":[{"href":"https:\/\/bavarian-bondage.de\/fr\/wp-json\/wp\/v2\/media?parent=14345"}],"wp:term":[{"taxonomy":"product_brand","embeddable":true,"href":"https:\/\/bavarian-bondage.de\/fr\/wp-json\/wp\/v2\/product_brand?post=14345"},{"taxonomy":"product_cat","embeddable":true,"href":"https:\/\/bavarian-bondage.de\/fr\/wp-json\/wp\/v2\/product_cat?post=14345"},{"taxonomy":"product_tag","embeddable":true,"href":"https:\/\/bavarian-bondage.de\/fr\/wp-json\/wp\/v2\/product_tag?post=14345"}],"curies":[{"name":"wp","href":"https:\/\/api.w.org\/{rel}","templated":true}]}}