{"id":14355,"date":"2024-12-27T13:38:50","date_gmt":"2024-12-27T12:38:50","guid":{"rendered":"https:\/\/bavarian-bondage.de\/?post_type=product&#038;p=14355"},"modified":"2025-09-09T07:50:50","modified_gmt":"2025-09-09T05:50:50","slug":"mousqueton-en-aluminium-noir","status":"publish","type":"product","link":"https:\/\/bavarian-bondage.de\/fr\/produkt\/aluminium-karabiner-schwarz\/","title":{"rendered":"Mousqueton en aluminium noir"},"content":{"rendered":"<h3 style=\"text-align: center\">Mousqueton en aluminium noir<\/h3>\n<p style=\"text-align: center\">Le mousqueton en aluminium est habituellement utilis\u00e9 en escalade. Il s&#039;agit d&#039;un mousqueton de s\u00e9curit\u00e9 avec un verrou tournant.<\/p>\n<p style=\"text-align: center\">Tr\u00e8s adapt\u00e9 pour attacher un anneau, directement sur l&#039;anneau ou bien s\u00fbr sur les cordes elles-m\u00eames. Il n&#039;y a pas d&#039;ar\u00eates vives ni angulaires qui pourraient endommager une corde.<\/p>\n<p>&nbsp;<\/p>\n<h3 style=\"text-align: center\"><\/h3>\n<p><strong>D\u00e9tails:<\/strong><\/p>\n<p>Mat\u00e9riau : aluminium<br \/>\nTaille: L 9,5 cm \/ L 6 cm<br \/>\nOuverture : 1,7 cm<br \/>\nCapacit\u00e9 de charge : ferm\u00e9 25 KN<br \/>\nPoids : environ 50g<br \/>\nCouleur : noir<br \/>\nEN12275 2008<\/p>\n<p>&nbsp;<\/p>\n<p><strong>Contenu de la livraison :<\/strong> 1 mousqueton aluminium noir<\/p>\n<p>&nbsp;<\/p>\n<hr \/>\n<blockquote>\n<p style=\"text-align: center\"><span style=\"color: #333399\">Les informations sur les produits sont fournies au meilleur de nos connaissances et convictions. Toutes les dimensions sont approximatives. L&#039;utilisation des produits propos\u00e9s ici dans la boutique est \u00e0 vos propres risques. Chaque personne r\u00e9agit diff\u00e9remment aux influences ext\u00e9rieures, au plaisir ou \u00e0 la douleur, etc. Par cons\u00e9quent, aucune responsabilit\u00e9 ne peut \u00eatre accept\u00e9e en cas d&#039;utilisation inappropri\u00e9e.  Chaque utilisateur assume l&#039;enti\u00e8re responsabilit\u00e9 de l&#039;utilisation ou de la bonne utilisation des produits et de ses cons\u00e9quences impr\u00e9visibles.<\/span><\/p>\n<\/blockquote>","protected":false},"excerpt":{"rendered":"<p>D\u00e9lai de livraison : 5-7 jours*<\/p>","protected":false},"featured_media":14356,"template":"","meta":[],"product_brand":[],"product_cat":[222,223,233],"product_tag":[],"class_list":{"0":"post-14355","1":"product","2":"type-product","3":"status-publish","4":"has-post-thumbnail","6":"product_cat-alle-produkte","7":"product_cat-zubehoer","8":"product_cat-bondage-zubehoer","10":"first","11":"outofstock","12":"taxable","13":"shipping-taxable","14":"purchasable","15":"product-type-simple"},"_links":{"self":[{"href":"https:\/\/bavarian-bondage.de\/fr\/wp-json\/wp\/v2\/product\/14355","targetHints":{"allow":["GET"]}}],"collection":[{"href":"https:\/\/bavarian-bondage.de\/fr\/wp-json\/wp\/v2\/product"}],"about":[{"href":"https:\/\/bavarian-bondage.de\/fr\/wp-json\/wp\/v2\/types\/product"}],"version-history":[{"count":1,"href":"https:\/\/bavarian-bondage.de\/fr\/wp-json\/wp\/v2\/product\/14355\/revisions"}],"predecessor-version":[{"id":14357,"href":"https:\/\/bavarian-bondage.de\/fr\/wp-json\/wp\/v2\/product\/14355\/revisions\/14357"}],"wp:featuredmedia":[{"embeddable":true,"href":"https:\/\/bavarian-bondage.de\/fr\/wp-json\/wp\/v2\/media\/14356"}],"wp:attachment":[{"href":"https:\/\/bavarian-bondage.de\/fr\/wp-json\/wp\/v2\/media?parent=14355"}],"wp:term":[{"taxonomy":"product_brand","embeddable":true,"href":"https:\/\/bavarian-bondage.de\/fr\/wp-json\/wp\/v2\/product_brand?post=14355"},{"taxonomy":"product_cat","embeddable":true,"href":"https:\/\/bavarian-bondage.de\/fr\/wp-json\/wp\/v2\/product_cat?post=14355"},{"taxonomy":"product_tag","embeddable":true,"href":"https:\/\/bavarian-bondage.de\/fr\/wp-json\/wp\/v2\/product_tag?post=14355"}],"curies":[{"name":"wp","href":"https:\/\/api.w.org\/{rel}","templated":true}]}}