{"id":15906,"date":"2025-11-16T12:42:07","date_gmt":"2025-11-16T11:42:07","guid":{"rendered":"https:\/\/bavarian-bondage.de\/?post_type=product&#038;p=15906"},"modified":"2026-04-03T16:30:20","modified_gmt":"2026-04-03T14:30:20","slug":"autschisv1","status":"publish","type":"product","link":"https:\/\/bavarian-bondage.de\/fr\/produkt\/autschisv1\/","title":{"rendered":"A\u00efe V1"},"content":{"rendered":"<h3 style=\"text-align: center\">A\u00efe V 1<\/h3>\n<p style=\"text-align: center\" data-start=\"0\" data-end=\"542\">Ces \u00ab\u00a0Autschis\u00a0\u00bb artisanaux en bois d&#039;\u00e9rable huil\u00e9 sont sp\u00e9cialement con\u00e7us pour les pratiques de bondage et de Shibari. Le bois de haute qualit\u00e9, finement ponc\u00e9, offre un toucher agr\u00e9able et une stabilit\u00e9 optimale. Deux encoches sur la face inf\u00e9rieure assurent une prise en main parfaite des cordes et emp\u00eachent tout glissement. La face sup\u00e9rieure est munie de neuf pointes permettant de cibler des points de pression pr\u00e9cis, pour des jeux encore plus stimulants.<\/p>\n<p style=\"text-align: center\" data-start=\"544\" data-end=\"917\">Avec un diam\u00e8tre de 4,9 cm, une hauteur de 2 cm et un poids de seulement 14 g chacun, les anneaux Autschis sont compacts, l\u00e9gers et polyvalents. Ils s&#039;int\u00e8grent facilement \u00e0 diverses techniques de bondage. Un lot de deux est fourni, id\u00e9al pour des applications sym\u00e9triques ou des combinaisons vari\u00e9es.<\/p>\n<p><strong>D\u00e9tails:<\/strong><\/p>\n<p>Mat\u00e9riau : \u00c9rable<br \/>\nCouleur : \u00c9rable<br \/>\nDiam\u00e8tre : 4,9 cm<br \/>\nHauteur : 2 cm<br \/>\nPoids : environ 14 g par pi\u00e8ce<\/p>\n<p>(Corde non incluse)<\/p>\n<p>&nbsp;<\/p>\n<p><strong>Contenu de la livraison :<\/strong> Autschies V1, 2 pi\u00e8ces<\/p>\n<p>&nbsp;<\/p>\n<hr \/>\n<blockquote>\n<p style=\"text-align: center\"><span style=\"color: #333399\">Les informations sur les produits sont fournies au meilleur de nos connaissances et convictions. Toutes les dimensions sont approximatives. L&#039;utilisation des produits propos\u00e9s ici dans la boutique est \u00e0 vos propres risques. Chaque personne r\u00e9agit diff\u00e9remment aux influences ext\u00e9rieures, au plaisir ou \u00e0 la douleur, etc. Par cons\u00e9quent, aucune responsabilit\u00e9 ne peut \u00eatre accept\u00e9e en cas d&#039;utilisation inappropri\u00e9e.  Chaque utilisateur assume l&#039;enti\u00e8re responsabilit\u00e9 de l&#039;utilisation ou de la bonne utilisation des produits et de ses cons\u00e9quences impr\u00e9visibles.<\/span><\/p>\n<\/blockquote>","protected":false},"excerpt":{"rendered":"<p>D\u00e9lai de livraison : 5 \u00e0 7 jours<\/p>","protected":false},"featured_media":15919,"template":"","meta":[],"product_brand":[],"product_cat":[223,222],"product_tag":[],"class_list":{"0":"post-15906","1":"product","2":"type-product","3":"status-publish","4":"has-post-thumbnail","6":"product_cat-zubehoer","7":"product_cat-alle-produkte","9":"first","10":"instock","11":"taxable","12":"shipping-taxable","13":"purchasable","14":"product-type-simple"},"_links":{"self":[{"href":"https:\/\/bavarian-bondage.de\/fr\/wp-json\/wp\/v2\/product\/15906","targetHints":{"allow":["GET"]}}],"collection":[{"href":"https:\/\/bavarian-bondage.de\/fr\/wp-json\/wp\/v2\/product"}],"about":[{"href":"https:\/\/bavarian-bondage.de\/fr\/wp-json\/wp\/v2\/types\/product"}],"version-history":[{"count":5,"href":"https:\/\/bavarian-bondage.de\/fr\/wp-json\/wp\/v2\/product\/15906\/revisions"}],"predecessor-version":[{"id":15933,"href":"https:\/\/bavarian-bondage.de\/fr\/wp-json\/wp\/v2\/product\/15906\/revisions\/15933"}],"wp:featuredmedia":[{"embeddable":true,"href":"https:\/\/bavarian-bondage.de\/fr\/wp-json\/wp\/v2\/media\/15919"}],"wp:attachment":[{"href":"https:\/\/bavarian-bondage.de\/fr\/wp-json\/wp\/v2\/media?parent=15906"}],"wp:term":[{"taxonomy":"product_brand","embeddable":true,"href":"https:\/\/bavarian-bondage.de\/fr\/wp-json\/wp\/v2\/product_brand?post=15906"},{"taxonomy":"product_cat","embeddable":true,"href":"https:\/\/bavarian-bondage.de\/fr\/wp-json\/wp\/v2\/product_cat?post=15906"},{"taxonomy":"product_tag","embeddable":true,"href":"https:\/\/bavarian-bondage.de\/fr\/wp-json\/wp\/v2\/product_tag?post=15906"}],"curies":[{"name":"wp","href":"https:\/\/api.w.org\/{rel}","templated":true}]}}