{"id":15911,"date":"2025-11-16T12:56:00","date_gmt":"2025-11-16T11:56:00","guid":{"rendered":"https:\/\/bavarian-bondage.de\/?post_type=product&#038;p=15911"},"modified":"2026-04-12T09:14:45","modified_gmt":"2026-04-12T07:14:45","slug":"aie-v2","status":"publish","type":"product","link":"https:\/\/bavarian-bondage.de\/fr\/produkt\/autschis-v2\/","title":{"rendered":"A\u00efe V2"},"content":{"rendered":"<h3 style=\"text-align: center\">A\u00efe V 2<\/h3>\n<p style=\"text-align: center\" data-start=\"0\" data-end=\"542\">Ces baguettes en bois, fabriqu\u00e9es artisanalement et huil\u00e9es, sont sp\u00e9cialement con\u00e7ues pour les pratiques de bondage et de shibari. Le bois de haute qualit\u00e9, finement ponc\u00e9, offre un toucher agr\u00e9able et une stabilit\u00e9 optimale. Deux encoches sur la face inf\u00e9rieure assurent une prise en main parfaite des cordes et emp\u00eachent tout glissement. La pointe sur le dessus permet de cibler des points de pression et d&#039;intensifier les jeux.<\/p>\n<p style=\"text-align: center\" data-start=\"544\" data-end=\"917\">Avec un diam\u00e8tre de 3,6 cm, une hauteur de 2,5 cm et un poids de seulement 10 g chacun, les anneaux Autschis sont compacts, l\u00e9gers et polyvalents. Ils s&#039;int\u00e8grent facilement \u00e0 diverses techniques de bondage. Un lot de deux est fourni, id\u00e9al pour des applications sym\u00e9triques ou des combinaisons vari\u00e9es.<\/p>\n<p><strong>D\u00e9tails:<\/strong><\/p>\n<p>Mat\u00e9riau : au choix, \u00e9rable ou noyer<br \/>\nCouleur : \u00c9rable ou Noyer<br \/>\nDiam\u00e8tre : 3,6 cm<br \/>\nHauteur : 2,5 cm<br \/>\nPoids : environ 10 g par pi\u00e8ce<\/p>\n<p>&nbsp;<\/p>\n<p>&nbsp;<\/p>\n<p><strong>Contenu de la livraison :<\/strong> Autschies V1, 2 pi\u00e8ces<\/p>\n<p>&nbsp;<\/p>\n<hr \/>\n<blockquote>\n<p style=\"text-align: center\"><span style=\"color: #333399\">Les informations sur les produits sont fournies au meilleur de nos connaissances et convictions. Toutes les dimensions sont approximatives. L&#039;utilisation des produits propos\u00e9s ici dans la boutique est \u00e0 vos propres risques. Chaque personne r\u00e9agit diff\u00e9remment aux influences ext\u00e9rieures, au plaisir ou \u00e0 la douleur, etc. Par cons\u00e9quent, aucune responsabilit\u00e9 ne peut \u00eatre accept\u00e9e en cas d&#039;utilisation inappropri\u00e9e.  Chaque utilisateur assume l&#039;enti\u00e8re responsabilit\u00e9 de l&#039;utilisation ou de la bonne utilisation des produits et de ses cons\u00e9quences impr\u00e9visibles.<\/span><\/p>\n<\/blockquote>","protected":false},"excerpt":{"rendered":"<p>D\u00e9lai de livraison : 5 \u00e0 7 jours<\/p>","protected":false},"featured_media":15922,"template":"","meta":[],"product_brand":[],"product_cat":[223],"product_tag":[],"class_list":{"0":"post-15911","1":"product","2":"type-product","3":"status-publish","4":"has-post-thumbnail","6":"product_cat-zubehoer","8":"first","9":"instock","10":"taxable","11":"shipping-taxable","12":"purchasable","13":"product-type-variable"},"_links":{"self":[{"href":"https:\/\/bavarian-bondage.de\/fr\/wp-json\/wp\/v2\/product\/15911","targetHints":{"allow":["GET"]}}],"collection":[{"href":"https:\/\/bavarian-bondage.de\/fr\/wp-json\/wp\/v2\/product"}],"about":[{"href":"https:\/\/bavarian-bondage.de\/fr\/wp-json\/wp\/v2\/types\/product"}],"version-history":[{"count":3,"href":"https:\/\/bavarian-bondage.de\/fr\/wp-json\/wp\/v2\/product\/15911\/revisions"}],"predecessor-version":[{"id":15928,"href":"https:\/\/bavarian-bondage.de\/fr\/wp-json\/wp\/v2\/product\/15911\/revisions\/15928"}],"wp:featuredmedia":[{"embeddable":true,"href":"https:\/\/bavarian-bondage.de\/fr\/wp-json\/wp\/v2\/media\/15922"}],"wp:attachment":[{"href":"https:\/\/bavarian-bondage.de\/fr\/wp-json\/wp\/v2\/media?parent=15911"}],"wp:term":[{"taxonomy":"product_brand","embeddable":true,"href":"https:\/\/bavarian-bondage.de\/fr\/wp-json\/wp\/v2\/product_brand?post=15911"},{"taxonomy":"product_cat","embeddable":true,"href":"https:\/\/bavarian-bondage.de\/fr\/wp-json\/wp\/v2\/product_cat?post=15911"},{"taxonomy":"product_tag","embeddable":true,"href":"https:\/\/bavarian-bondage.de\/fr\/wp-json\/wp\/v2\/product_tag?post=15911"}],"curies":[{"name":"wp","href":"https:\/\/api.w.org\/{rel}","templated":true}]}}