{"id":15954,"date":"2025-11-17T11:02:58","date_gmt":"2025-11-17T10:02:58","guid":{"rendered":"https:\/\/bavarian-bondage.de\/?post_type=product&#038;p=15954"},"modified":"2026-01-04T19:37:11","modified_gmt":"2026-01-04T18:37:11","slug":"corde-de-jute-standard-5-mm-lot-exclusif-3-x-8-m","status":"publish","type":"product","link":"https:\/\/bavarian-bondage.de\/fr\/produkt\/juteseil-standard-5mm-exklusiv-set-3x8m\/","title":{"rendered":"Corde de jute standard 5 mm Exclusive ; Lot de 3 x 8 m"},"content":{"rendered":"<h3 style=\"text-align: center\">La corde en jute de 5 mm EXCLUSIVE<\/h3>\n<p style=\"text-align: center\">Id\u00e9al pour d\u00e9buter en tant que gr\u00e9eur ou pour agrandir un ensemble existant.<\/p>\n<p style=\"text-align: center\">La corde de jute est \u00e9troitement tordue et au d\u00e9part un peu rigide et rugueuse, mais cela s&#039;am\u00e9liore avec l&#039;utilisation ! De plus, la corde \u00e9tait munie de petits n\u0153uds aux extr\u00e9mit\u00e9s. Le raffinage donne \u00e0 la corde de jute un bel aspect couleur caramel. La corde est compos\u00e9e d&#039;un seul fil et est donc uniforme et g\u00e9n\u00e9ralement sans n\u0153uds sur toute sa longueur.<\/p>\n<p><strong>\u00a0D\u00e9tails:<\/strong><\/p>\n<p>Corde de jute 5 mm EXCLUSIVE<br \/>\n3 arbres \u00e9troitement torsad\u00e9s<br \/>\nCouleurs caramel<br \/>\nPetits noeuds de bout<br \/>\nLongueur : 3x8m<br \/>\n(La longueur de la corde peut varier jusqu&#039;\u00e0 3% par rapport \u00e0 la longueur sp\u00e9cifi\u00e9e.)<\/p>\n<p>&nbsp;<\/p>\n<p><span style=\"color: #ff0000\"><strong>Un avis :<\/strong><\/span><\/p>\n<p>V\u00e9rifiez r\u00e9guli\u00e8rement l&#039;usure et les dommages des cordes\u00a0!<br \/>\nSi les cordes sont battues ou tordues, elles peuvent se d\u00e9tacher pendant l&#039;utilisation !<br \/>\nNe lavez pas les cordes de jute. Il est pr\u00e9f\u00e9rable de nettoyer avec un chiffon humide.<\/p>\n<p>&nbsp;<\/p>\n<p><strong>Contenu de la livraison :<\/strong> Corde de jute 3x8m 5mm EXCLUSIVE<\/p>\n<p>&nbsp;<\/p>\n<hr \/>\n<blockquote>\n<p style=\"text-align: center\"><span style=\"color: #333399\">Les informations sur les produits sont fournies au meilleur de nos connaissances et convictions. Toutes les dimensions sont approximatives. L&#039;utilisation des produits propos\u00e9s ici dans la boutique est \u00e0 vos propres risques. Chaque personne r\u00e9agit diff\u00e9remment aux influences ext\u00e9rieures, au plaisir ou \u00e0 la douleur, etc. Par cons\u00e9quent, aucune responsabilit\u00e9 ne peut \u00eatre accept\u00e9e en cas d&#039;utilisation inappropri\u00e9e.  Chaque utilisateur assume l&#039;enti\u00e8re responsabilit\u00e9 de l&#039;utilisation ou de la bonne utilisation des produits et de ses cons\u00e9quences impr\u00e9visibles.<\/span><\/p>\n<\/blockquote>","protected":false},"excerpt":{"rendered":"<p>Prix de base : 2,21 \u20ac\/m<\/p>\n<p>D\u00e9lai de livraison : 5-7 jours*<\/p>","protected":false},"featured_media":15996,"template":"","meta":[],"product_brand":[],"product_cat":[222,294,560,216],"product_tag":[221,273,297,329],"class_list":{"0":"post-15954","1":"product","2":"type-product","3":"status-publish","4":"has-post-thumbnail","6":"product_cat-alle-produkte","7":"product_cat-juteseile","8":"product_cat-jute-standard-5mm","9":"product_cat-bondageseile","10":"product_tag-seilset","11":"product_tag-5mm","12":"product_tag-juteseil","13":"product_tag-bondageseile","15":"first","16":"instock","17":"taxable","18":"shipping-taxable","19":"purchasable","20":"product-type-simple"},"_links":{"self":[{"href":"https:\/\/bavarian-bondage.de\/fr\/wp-json\/wp\/v2\/product\/15954","targetHints":{"allow":["GET"]}}],"collection":[{"href":"https:\/\/bavarian-bondage.de\/fr\/wp-json\/wp\/v2\/product"}],"about":[{"href":"https:\/\/bavarian-bondage.de\/fr\/wp-json\/wp\/v2\/types\/product"}],"version-history":[{"count":3,"href":"https:\/\/bavarian-bondage.de\/fr\/wp-json\/wp\/v2\/product\/15954\/revisions"}],"predecessor-version":[{"id":15993,"href":"https:\/\/bavarian-bondage.de\/fr\/wp-json\/wp\/v2\/product\/15954\/revisions\/15993"}],"wp:featuredmedia":[{"embeddable":true,"href":"https:\/\/bavarian-bondage.de\/fr\/wp-json\/wp\/v2\/media\/15996"}],"wp:attachment":[{"href":"https:\/\/bavarian-bondage.de\/fr\/wp-json\/wp\/v2\/media?parent=15954"}],"wp:term":[{"taxonomy":"product_brand","embeddable":true,"href":"https:\/\/bavarian-bondage.de\/fr\/wp-json\/wp\/v2\/product_brand?post=15954"},{"taxonomy":"product_cat","embeddable":true,"href":"https:\/\/bavarian-bondage.de\/fr\/wp-json\/wp\/v2\/product_cat?post=15954"},{"taxonomy":"product_tag","embeddable":true,"href":"https:\/\/bavarian-bondage.de\/fr\/wp-json\/wp\/v2\/product_tag?post=15954"}],"curies":[{"name":"wp","href":"https:\/\/api.w.org\/{rel}","templated":true}]}}