{"id":15956,"date":"2025-11-17T11:03:01","date_gmt":"2025-11-17T10:03:01","guid":{"rendered":"https:\/\/bavarian-bondage.de\/?post_type=product&#038;p=15956"},"modified":"2025-11-17T15:32:11","modified_gmt":"2025-11-17T14:32:11","slug":"corde-en-jute-standard-5-mm-corde-simple-exclusive-8-m","status":"publish","type":"product","link":"https:\/\/bavarian-bondage.de\/fr\/produkt\/juteseil-standard-5mm-exklusiv-einzelseil-8m\/","title":{"rendered":"Corde en jute standard 5 mm (exclusive) ; corde simple 8 m"},"content":{"rendered":"<h3 style=\"text-align: center\">La corde en jute de 5 mm EXCLUSIVE<\/h3>\n<p style=\"text-align: center\">Remplacez une corde, agrandissez l&#039;ensemble ou v\u00e9rifiez simplement la qualit\u00e9.<\/p>\n<p style=\"text-align: center\">La corde de jute est \u00e9troitement tordue et au d\u00e9part un peu rigide et rugueuse, mais cela s&#039;am\u00e9liore avec l&#039;utilisation ! Les cordes sont nettoy\u00e9es, cass\u00e9es, flamb\u00e9es puis huil\u00e9es. La corde est compos\u00e9e d&#039;un seul fil et est donc continue, uniforme et sans n\u0153uds.<\/p>\n<p><strong>D\u00e9tails:<\/strong><\/p>\n<p>Corde de jute 5 mm EXCLUSIVE<br \/>\n3 arbres \u00e9troitement torsad\u00e9s<br \/>\nCouleurs caramel<br \/>\nPetits noeuds de bout<br \/>\nLongueur : 1x8m<br \/>\n(La longueur de la corde peut varier jusqu&#039;\u00e0 3% par rapport \u00e0 la longueur sp\u00e9cifi\u00e9e.)<\/p>\n<p>&nbsp;<\/p>\n<p><span style=\"color: #ff0000\"><strong>Un avis :<\/strong><\/span><\/p>\n<p>V\u00e9rifiez r\u00e9guli\u00e8rement l&#039;usure et les dommages des cordes\u00a0!<br \/>\nSi les cordes sont battues ou tordues, elles peuvent se d\u00e9tacher pendant l&#039;utilisation !<br \/>\nSi possible, ne lavez pas les cordes de jute. Il est pr\u00e9f\u00e9rable de nettoyer avec un chiffon humide.<\/p>\n<p>&nbsp;<\/p>\n<p><strong>Contenu de la livraison :<\/strong> Corde de jute 1x8m 5mm EXCLUSIVE<\/p>\n<p>&nbsp;<\/p>\n<hr \/>\n<blockquote>\n<p style=\"text-align: center\"><span style=\"color: #333399\">Les informations sur les produits sont fournies au meilleur de nos connaissances et convictions. Toutes les dimensions sont approximatives. L&#039;utilisation des produits propos\u00e9s ici dans la boutique est \u00e0 vos propres risques. Chaque personne r\u00e9agit diff\u00e9remment aux influences ext\u00e9rieures, au plaisir ou \u00e0 la douleur, etc. Par cons\u00e9quent, aucune responsabilit\u00e9 ne peut \u00eatre accept\u00e9e en cas d&#039;utilisation inappropri\u00e9e.  Chaque utilisateur assume l&#039;enti\u00e8re responsabilit\u00e9 de l&#039;utilisation ou de la bonne utilisation des produits et de ses cons\u00e9quences impr\u00e9visibles.<\/span><\/p>\n<\/blockquote>","protected":false},"excerpt":{"rendered":"<p>Prix de base : 2,38 \u20ac\/m<\/p>\n<p>D\u00e9lai de livraison : 5-7 jours*<\/p>","protected":false},"featured_media":15999,"template":"","meta":[],"product_brand":[],"product_cat":[216,222,294,560],"product_tag":[261,273,297,347],"class_list":{"0":"post-15956","1":"product","2":"type-product","3":"status-publish","4":"has-post-thumbnail","6":"product_cat-bondageseile","7":"product_cat-alle-produkte","8":"product_cat-juteseile","9":"product_cat-jute-standard-5mm","10":"product_tag-bondageseil","11":"product_tag-5mm","12":"product_tag-juteseil","13":"product_tag-fesselset","15":"first","16":"instock","17":"taxable","18":"shipping-taxable","19":"purchasable","20":"product-type-simple"},"_links":{"self":[{"href":"https:\/\/bavarian-bondage.de\/fr\/wp-json\/wp\/v2\/product\/15956","targetHints":{"allow":["GET"]}}],"collection":[{"href":"https:\/\/bavarian-bondage.de\/fr\/wp-json\/wp\/v2\/product"}],"about":[{"href":"https:\/\/bavarian-bondage.de\/fr\/wp-json\/wp\/v2\/types\/product"}],"version-history":[{"count":3,"href":"https:\/\/bavarian-bondage.de\/fr\/wp-json\/wp\/v2\/product\/15956\/revisions"}],"predecessor-version":[{"id":15992,"href":"https:\/\/bavarian-bondage.de\/fr\/wp-json\/wp\/v2\/product\/15956\/revisions\/15992"}],"wp:featuredmedia":[{"embeddable":true,"href":"https:\/\/bavarian-bondage.de\/fr\/wp-json\/wp\/v2\/media\/15999"}],"wp:attachment":[{"href":"https:\/\/bavarian-bondage.de\/fr\/wp-json\/wp\/v2\/media?parent=15956"}],"wp:term":[{"taxonomy":"product_brand","embeddable":true,"href":"https:\/\/bavarian-bondage.de\/fr\/wp-json\/wp\/v2\/product_brand?post=15956"},{"taxonomy":"product_cat","embeddable":true,"href":"https:\/\/bavarian-bondage.de\/fr\/wp-json\/wp\/v2\/product_cat?post=15956"},{"taxonomy":"product_tag","embeddable":true,"href":"https:\/\/bavarian-bondage.de\/fr\/wp-json\/wp\/v2\/product_tag?post=15956"}],"curies":[{"name":"wp","href":"https:\/\/api.w.org\/{rel}","templated":true}]}}