{"id":15963,"date":"2025-11-17T11:07:37","date_gmt":"2025-11-17T10:07:37","guid":{"rendered":"https:\/\/bavarian-bondage.de\/?post_type=product&#038;p=15963"},"modified":"2026-03-16T15:09:06","modified_gmt":"2026-03-16T14:09:06","slug":"corde-en-jute-standard-5-mm-lot-classique-10x8-m-et-2x4-m","status":"publish","type":"product","link":"https:\/\/bavarian-bondage.de\/fr\/produkt\/juteseil-standard-5mm-klassik-set-10x8m-und-2x4m\/","title":{"rendered":"Corde en jute classique standard de 5 mm\u00a0; lot de 10 cordes de 8 m et 2 cordes de 4 m"},"content":{"rendered":"<h3 style=\"text-align: center\">La corde en jute classique de 5 mm<\/h3>\n<p style=\"text-align: center\">Le grand kit professionnel offre suffisamment de corde pour un bondage exigeant. Les quatre cordes courtes compl\u00e8tent parfaitement l&#039;ensemble et offrent un large \u00e9ventail d&#039;utilisations possibles !<\/p>\n<p style=\"text-align: center\">Au d\u00e9but, la corde est un peu raide et rugueuse en raison de la rotation serr\u00e9e. La corde de jute n&#039;a pas d&#039;odeur propre, elle sent tr\u00e8s peu l&#039;huile de traitement utilis\u00e9e. Les extr\u00e9mit\u00e9s de la corde sont nou\u00e9es avec un n\u0153ud simple normal. La couleur caramel cr\u00e9\u00e9e par oxycoupage offre un bel aspect. La corde est compos\u00e9e d&#039;un seul fil et est donc uniforme et sans n\u0153uds sur toute sa longueur.<\/p>\n<p><strong>D\u00e9tails:<\/strong><\/p>\n<p>Corde de jute 5 mm CLASSIQUE<br \/>\n3 arbres \u00e9troitement torsad\u00e9s<br \/>\nCouleurs caramel<br \/>\nN\u0153uds simples normaux<br \/>\nLongueur : 10x8m \/ 2x4m<br \/>\n(La longueur de la corde peut varier jusqu&#039;\u00e0 3% par rapport \u00e0 la longueur sp\u00e9cifi\u00e9e.)<\/p>\n<p><span style=\"color: #ff0000\"><strong>Un avis :<\/strong><\/span><\/p>\n<p>V\u00e9rifiez r\u00e9guli\u00e8rement l&#039;usure et les dommages des cordes\u00a0!<br \/>\nSi les cordes sont battues ou tordues, elles peuvent se d\u00e9tacher pendant l&#039;utilisation !<br \/>\nNe lavez pas les cordes de jute. Il est pr\u00e9f\u00e9rable de nettoyer avec un chiffon humide.<\/p>\n<p><strong>Contenu de la livraison :<\/strong> Corde en jute 10x8m \/ 2x4m 5mm CLASSIQUE<\/p>\n<p>&nbsp;<\/p>\n<hr \/>\n<blockquote>\n<p style=\"text-align: center\"><span style=\"color: #333399\">Les informations sur les produits sont fournies au meilleur de nos connaissances et convictions. Toutes les dimensions sont approximatives. L&#039;utilisation des produits propos\u00e9s ici dans la boutique est \u00e0 vos propres risques. Chaque personne r\u00e9agit diff\u00e9remment aux influences ext\u00e9rieures, au plaisir ou \u00e0 la douleur, etc. Par cons\u00e9quent, aucune responsabilit\u00e9 ne peut \u00eatre accept\u00e9e en cas d&#039;utilisation inappropri\u00e9e.  Chaque utilisateur assume l&#039;enti\u00e8re responsabilit\u00e9 de l&#039;utilisation ou de la bonne utilisation des produits et de ses cons\u00e9quences impr\u00e9visibles.<\/span><\/p>\n<\/blockquote>","protected":false},"excerpt":{"rendered":"<p>Prix de base : 1,61 \u20ac\/m<\/p>\n<p>D\u00e9lai de livraison : 5-7 jours*<\/p>","protected":false},"featured_media":16027,"template":"","meta":[],"product_brand":[],"product_cat":[216,222,294,560],"product_tag":[221,261,273,297],"class_list":{"0":"post-15963","1":"product","2":"type-product","3":"status-publish","4":"has-post-thumbnail","6":"product_cat-bondageseile","7":"product_cat-alle-produkte","8":"product_cat-juteseile","9":"product_cat-jute-standard-5mm","10":"product_tag-seilset","11":"product_tag-bondageseil","12":"product_tag-5mm","13":"product_tag-juteseil","15":"first","16":"instock","17":"taxable","18":"shipping-taxable","19":"purchasable","20":"product-type-simple"},"_links":{"self":[{"href":"https:\/\/bavarian-bondage.de\/fr\/wp-json\/wp\/v2\/product\/15963","targetHints":{"allow":["GET"]}}],"collection":[{"href":"https:\/\/bavarian-bondage.de\/fr\/wp-json\/wp\/v2\/product"}],"about":[{"href":"https:\/\/bavarian-bondage.de\/fr\/wp-json\/wp\/v2\/types\/product"}],"version-history":[{"count":3,"href":"https:\/\/bavarian-bondage.de\/fr\/wp-json\/wp\/v2\/product\/15963\/revisions"}],"predecessor-version":[{"id":15991,"href":"https:\/\/bavarian-bondage.de\/fr\/wp-json\/wp\/v2\/product\/15963\/revisions\/15991"}],"wp:featuredmedia":[{"embeddable":true,"href":"https:\/\/bavarian-bondage.de\/fr\/wp-json\/wp\/v2\/media\/16027"}],"wp:attachment":[{"href":"https:\/\/bavarian-bondage.de\/fr\/wp-json\/wp\/v2\/media?parent=15963"}],"wp:term":[{"taxonomy":"product_brand","embeddable":true,"href":"https:\/\/bavarian-bondage.de\/fr\/wp-json\/wp\/v2\/product_brand?post=15963"},{"taxonomy":"product_cat","embeddable":true,"href":"https:\/\/bavarian-bondage.de\/fr\/wp-json\/wp\/v2\/product_cat?post=15963"},{"taxonomy":"product_tag","embeddable":true,"href":"https:\/\/bavarian-bondage.de\/fr\/wp-json\/wp\/v2\/product_tag?post=15963"}],"curies":[{"name":"wp","href":"https:\/\/api.w.org\/{rel}","templated":true}]}}