{"id":15969,"date":"2025-11-17T11:07:46","date_gmt":"2025-11-17T10:07:46","guid":{"rendered":"https:\/\/bavarian-bondage.de\/?post_type=product&#038;p=15969"},"modified":"2026-03-25T23:14:38","modified_gmt":"2026-03-25T22:14:38","slug":"corde-en-jute-standard-5-mm-corde-simple-classique-de-8-m","status":"publish","type":"product","link":"https:\/\/bavarian-bondage.de\/fr\/produkt\/juteseil-standard-5mm-klassik-einzelseil-8m\/","title":{"rendered":"Corde en jute standard de 5 mm, style classique\u00a0; corde simple de 8 m"},"content":{"rendered":"<h3 style=\"text-align: center\">La corde en jute classique de 5 mm<\/h3>\n<p style=\"text-align: center\">Remplacez une corde, agrandissez l&#039;ensemble ou v\u00e9rifiez simplement la qualit\u00e9.<\/p>\n<p style=\"text-align: center\">Du fait de son tressage serr\u00e9, la corde est initialement un peu rigide et rugueuse. La corde en jute est pratiquement inodore\u00a0; elle d\u00e9gage un l\u00e9ger parfum d&#039;huile de traitement. Les extr\u00e9mit\u00e9s sont finies par un n\u0153ud simple. La couleur caramel, obtenue par le traitement \u00e0 la flamme, lui conf\u00e8re une belle apparence. Fabriqu\u00e9e \u00e0 partir d&#039;un seul fil, la corde est uniforme et sans n\u0153uds sur toute sa longueur.<\/p>\n<p><strong>D\u00e9tails:<\/strong><\/p>\n<p>Corde de jute 5 mm CLASSIQUE<br \/>\n3 arbres \u00e9troitement torsad\u00e9s<br \/>\nCouleurs caramel<br \/>\nN\u0153uds simples normaux<br \/>\nLongueur : 1x8m<br \/>\n(la longueur de la corde peut varier jusqu&#039;\u00e0 3% par rapport \u00e0 la longueur sp\u00e9cifi\u00e9e.)<\/p>\n<p>&nbsp;<\/p>\n<p><strong><span style=\"color: #ff0000\">Un avis :<\/span><\/strong><\/p>\n<p>V\u00e9rifiez r\u00e9guli\u00e8rement l&#039;usure et les dommages des cordes\u00a0!<br \/>\nSi les cordes sont battues ou tordues, elles peuvent se d\u00e9tacher pendant l&#039;utilisation !<br \/>\nNe lavez pas les cordes de jute. Il est pr\u00e9f\u00e9rable de nettoyer avec un chiffon humide.<\/p>\n<p><span style=\"color: #000000\"><strong>Contenu de la livraison :<\/strong><\/span> Corde de jute 1x8m 5mm CLASSIQUE<\/p>\n<p>&nbsp;<\/p>\n<hr \/>\n<blockquote>\n<p style=\"text-align: center\"><span style=\"color: #333399\">Les informations sur les produits sont fournies au meilleur de nos connaissances et convictions. Toutes les dimensions sont approximatives. L&#039;utilisation des produits propos\u00e9s ici dans la boutique est \u00e0 vos propres risques. Chaque personne r\u00e9agit diff\u00e9remment aux influences ext\u00e9rieures, au plaisir ou \u00e0 la douleur, etc. Par cons\u00e9quent, aucune responsabilit\u00e9 ne peut \u00eatre accept\u00e9e en cas d&#039;utilisation inappropri\u00e9e.  Chaque utilisateur assume l&#039;enti\u00e8re responsabilit\u00e9 de l&#039;utilisation ou de la bonne utilisation des produits et de ses cons\u00e9quences impr\u00e9visibles.<\/span><\/p>\n<\/blockquote>","protected":false},"excerpt":{"rendered":"<p>Tarif de base : 2,00 \u20ac\/m<\/p>\n<p>D\u00e9lai de livraison : 5-7 jours*<\/p>","protected":false},"featured_media":16028,"template":"","meta":[],"product_brand":[],"product_cat":[560,216,222,294],"product_tag":[221,261,297],"class_list":{"0":"post-15969","1":"product","2":"type-product","3":"status-publish","4":"has-post-thumbnail","6":"product_cat-jute-standard-5mm","7":"product_cat-bondageseile","8":"product_cat-alle-produkte","9":"product_cat-juteseile","10":"product_tag-seilset","11":"product_tag-bondageseil","12":"product_tag-juteseil","14":"first","15":"instock","16":"taxable","17":"shipping-taxable","18":"purchasable","19":"product-type-simple"},"_links":{"self":[{"href":"https:\/\/bavarian-bondage.de\/fr\/wp-json\/wp\/v2\/product\/15969","targetHints":{"allow":["GET"]}}],"collection":[{"href":"https:\/\/bavarian-bondage.de\/fr\/wp-json\/wp\/v2\/product"}],"about":[{"href":"https:\/\/bavarian-bondage.de\/fr\/wp-json\/wp\/v2\/types\/product"}],"version-history":[{"count":4,"href":"https:\/\/bavarian-bondage.de\/fr\/wp-json\/wp\/v2\/product\/15969\/revisions"}],"predecessor-version":[{"id":16515,"href":"https:\/\/bavarian-bondage.de\/fr\/wp-json\/wp\/v2\/product\/15969\/revisions\/16515"}],"wp:featuredmedia":[{"embeddable":true,"href":"https:\/\/bavarian-bondage.de\/fr\/wp-json\/wp\/v2\/media\/16028"}],"wp:attachment":[{"href":"https:\/\/bavarian-bondage.de\/fr\/wp-json\/wp\/v2\/media?parent=15969"}],"wp:term":[{"taxonomy":"product_brand","embeddable":true,"href":"https:\/\/bavarian-bondage.de\/fr\/wp-json\/wp\/v2\/product_brand?post=15969"},{"taxonomy":"product_cat","embeddable":true,"href":"https:\/\/bavarian-bondage.de\/fr\/wp-json\/wp\/v2\/product_cat?post=15969"},{"taxonomy":"product_tag","embeddable":true,"href":"https:\/\/bavarian-bondage.de\/fr\/wp-json\/wp\/v2\/product_tag?post=15969"}],"curies":[{"name":"wp","href":"https:\/\/api.w.org\/{rel}","templated":true}]}}