{"id":16065,"date":"2025-11-17T17:23:58","date_gmt":"2025-11-17T16:23:58","guid":{"rendered":"https:\/\/bavarian-bondage.de\/?post_type=product&#038;p=16065"},"modified":"2025-11-18T16:51:49","modified_gmt":"2025-11-18T15:51:49","slug":"corde-simple-classique-en-jute-souple-de-5-mm-4-m","status":"publish","type":"product","link":"https:\/\/bavarian-bondage.de\/fr\/produkt\/jute-soft-5mm-klassik-einzelseil-4m\/","title":{"rendered":"Jute souple 5 mm CLASSIQUE ; corde simple 4 m"},"content":{"rendered":"<h3 style=\"text-align: center\">Jute souple 5 mm CLASSIQUE<\/h3>\n<p style=\"text-align: center\">Remplacez une corde, agrandissez l&#039;ensemble ou v\u00e9rifiez simplement la qualit\u00e9.<\/p>\n<p style=\"text-align: center\">Notre corde en jute souple s\u00e9duit par sa magnifique couleur dor\u00e9e et son incroyable douceur au contact de la peau. Son coude en S tr\u00e8s souple permet de la guider sans effort, pour un nouage rapide et facile.<\/p>\n<p style=\"text-align: center\">D\u00e8s la fabrication des cordes, un fil de la plus haute qualit\u00e9 est utilis\u00e9, ce qui am\u00e9liore consid\u00e9rablement leur durabilit\u00e9. Les cordes sont ensuite soigneusement travaill\u00e9es et finies \u00e0 la main.<\/p>\n<p style=\"text-align: center\">Les extr\u00e9mit\u00e9s sont ferm\u00e9es par un simple n\u0153ud simple.<\/p>\n<p style=\"text-align: center\"><strong>Les cordes \u00e9tant enroul\u00e9es tr\u00e8s l\u00e2chement et pr\u00e9sentant un risque de coincement des doigts entre les brins, nous recommandons ce produit uniquement aux utilisateurs ayant une certaine exp\u00e9rience. En cas de doute, nous vous conseillons de commander une corde d&#039;essai au pr\u00e9alable.<\/strong><\/p>\n<p style=\"text-align: center\"><span style=\"color: #ff0000\"><strong>Ces cordes ne doivent pas \u00eatre utilis\u00e9es pour les lignes de levage (cordes de transport) car leur r\u00e9sistance \u00e0 la rupture est inf\u00e9rieure \u00e0 celle de nos autres cordes en jute !<\/strong><\/span><\/p>\n<p>&nbsp;<\/p>\n<p><strong>D\u00e9tails:<\/strong><\/p>\n<p>Jute souple 5 mm CLASSIQUE<br \/>\n3 arbres tourn\u00e9s<br \/>\nteinte dor\u00e9e claire<br \/>\nNoeud simple<br \/>\nLongueur : 4 m<br \/>\n(La longueur de la corde peut varier jusqu&#039;\u00e0 3% par rapport \u00e0 la longueur sp\u00e9cifi\u00e9e.)<\/p>\n<p>&nbsp;<\/p>\n<p><span style=\"color: #ff0000\"><strong>Un avis :<\/strong><\/span><\/p>\n<p>V\u00e9rifiez r\u00e9guli\u00e8rement l&#039;usure et les dommages des cordes\u00a0!<br \/>\nSi les cordes sont battues ou tordues, elles peuvent se d\u00e9tacher pendant l&#039;utilisation !<br \/>\nNe lavez pas les cordes de jute. Il est pr\u00e9f\u00e9rable de nettoyer avec un chiffon humide.<\/p>\n<p>&nbsp;<\/p>\n<p><strong>Contenu de la livraison :<\/strong> Toile de jute souple classique de 4 m<\/p>\n<p>&nbsp;<\/p>\n<hr \/>\n<blockquote>\n<p style=\"text-align: center\"><span style=\"color: #333399\">Les informations sur les produits sont fournies au meilleur de nos connaissances et convictions. Toutes les dimensions sont approximatives. L&#039;utilisation des produits propos\u00e9s ici dans la boutique est \u00e0 vos propres risques. Chaque personne r\u00e9agit diff\u00e9remment aux influences ext\u00e9rieures, au plaisir ou \u00e0 la douleur, etc. Par cons\u00e9quent, aucune responsabilit\u00e9 ne peut \u00eatre accept\u00e9e en cas d&#039;utilisation inappropri\u00e9e.  Chaque utilisateur assume l&#039;enti\u00e8re responsabilit\u00e9 de l&#039;utilisation ou de la bonne utilisation des produits et de ses cons\u00e9quences impr\u00e9visibles.<\/span><\/p>\n<\/blockquote>","protected":false},"excerpt":{"rendered":"<p>Tarif de base : 2,75 \u20ac\/m<\/p>\n<p>D\u00e9lai de livraison : 5-7 jours*<\/p>","protected":false},"featured_media":16100,"template":"","meta":[],"product_brand":[],"product_cat":[563,216,222,294],"product_tag":[221,261,273,559],"class_list":{"0":"post-16065","1":"product","2":"type-product","3":"status-publish","4":"has-post-thumbnail","6":"product_cat-jute-soft-5mm-klassik","7":"product_cat-bondageseile","8":"product_cat-alle-produkte","9":"product_cat-juteseile","10":"product_tag-seilset","11":"product_tag-bondageseil","12":"product_tag-5mm","13":"product_tag-jute-soft","15":"first","16":"instock","17":"taxable","18":"shipping-taxable","19":"purchasable","20":"product-type-simple"},"_links":{"self":[{"href":"https:\/\/bavarian-bondage.de\/fr\/wp-json\/wp\/v2\/product\/16065","targetHints":{"allow":["GET"]}}],"collection":[{"href":"https:\/\/bavarian-bondage.de\/fr\/wp-json\/wp\/v2\/product"}],"about":[{"href":"https:\/\/bavarian-bondage.de\/fr\/wp-json\/wp\/v2\/types\/product"}],"version-history":[{"count":4,"href":"https:\/\/bavarian-bondage.de\/fr\/wp-json\/wp\/v2\/product\/16065\/revisions"}],"predecessor-version":[{"id":16192,"href":"https:\/\/bavarian-bondage.de\/fr\/wp-json\/wp\/v2\/product\/16065\/revisions\/16192"}],"wp:featuredmedia":[{"embeddable":true,"href":"https:\/\/bavarian-bondage.de\/fr\/wp-json\/wp\/v2\/media\/16100"}],"wp:attachment":[{"href":"https:\/\/bavarian-bondage.de\/fr\/wp-json\/wp\/v2\/media?parent=16065"}],"wp:term":[{"taxonomy":"product_brand","embeddable":true,"href":"https:\/\/bavarian-bondage.de\/fr\/wp-json\/wp\/v2\/product_brand?post=16065"},{"taxonomy":"product_cat","embeddable":true,"href":"https:\/\/bavarian-bondage.de\/fr\/wp-json\/wp\/v2\/product_cat?post=16065"},{"taxonomy":"product_tag","embeddable":true,"href":"https:\/\/bavarian-bondage.de\/fr\/wp-json\/wp\/v2\/product_tag?post=16065"}],"curies":[{"name":"wp","href":"https:\/\/api.w.org\/{rel}","templated":true}]}}