{"id":16618,"date":"2026-01-26T14:19:50","date_gmt":"2026-01-26T13:19:50","guid":{"rendered":"https:\/\/bavarian-bondage.de\/?post_type=product&#038;p=16618"},"modified":"2026-01-31T16:13:59","modified_gmt":"2026-01-31T15:13:59","slug":"sac-furoshiki-3","status":"publish","type":"product","link":"https:\/\/bavarian-bondage.de\/fr\/produkt\/furoshiki-tasche-3\/","title":{"rendered":"Sac Furoshiki 3"},"content":{"rendered":"<h3 style=\"text-align: center\">Sac Furoshiki 3<\/h3>\n<p style=\"text-align: center\" data-start=\"153\" data-end=\"337\">Les sacs furoshiki sont id\u00e9aux pour transporter vos cordes avec style et en toute s\u00e9curit\u00e9. Ces sacs de haute qualit\u00e9 allient fonctionnalit\u00e9 et design moderne.<\/p>\n<p style=\"text-align: center\" data-start=\"344\" data-end=\"559\">Chaque sac est unique et cousu par Denise Knoblich avec un souci du d\u00e9tail exceptionnel. Les sacs furoshiki impressionnent par leur durabilit\u00e9, leur toucher agr\u00e9able et leur grande taille offrant un espace g\u00e9n\u00e9reux.<\/p>\n<p style=\"text-align: center\" data-start=\"344\" data-end=\"559\">En plus du sac, deux masques pour les yeux assortis sont \u00e9galement inclus !<\/p>\n<p style=\"text-align: center\" data-start=\"124\" data-end=\"319\">.<\/p>\n<p><strong>D\u00e9tails:<\/strong><\/p>\n<p><strong>Mat\u00e9riel:<\/strong> Coton 100%<br \/>\n<strong>Dimensions du sac :<\/strong> 100 cm x 100 cm<br \/>\n<strong>Taille des bandeaux : <\/strong>90 cm x 11 cm<br \/>\n<strong>Poids:<\/strong> environ 300 g<br \/>\n<strong>Couleur\/motif :<\/strong> voir l&#039;image<\/p>\n<p>&nbsp;<\/p>\n<p>&nbsp;<\/p>\n<p><strong>Contenu de la livraison :<\/strong> 1 sac Furoshiki 3, 2 bandeaux assortis<\/p>\n<p>&nbsp;<\/p>\n<hr \/>\n<blockquote>\n<p style=\"text-align: center\"><span style=\"color: #333399\">Les informations sur les produits sont fournies au meilleur de nos connaissances et convictions. Toutes les dimensions sont approximatives. L&#039;utilisation des produits propos\u00e9s ici dans la boutique est \u00e0 vos propres risques. Chaque personne r\u00e9agit diff\u00e9remment aux influences ext\u00e9rieures, au plaisir ou \u00e0 la douleur, etc. Par cons\u00e9quent, aucune responsabilit\u00e9 ne peut \u00eatre accept\u00e9e en cas d&#039;utilisation inappropri\u00e9e.  Chaque utilisateur assume l&#039;enti\u00e8re responsabilit\u00e9 de l&#039;utilisation ou de la bonne utilisation des produits et de ses cons\u00e9quences impr\u00e9visibles.<\/span><\/p>\n<\/blockquote>","protected":false},"excerpt":{"rendered":"<p>Coton 100%<\/p>\n<p>D\u00e9lai de livraison : 5-7 jours*<\/p>","protected":false},"featured_media":16646,"template":"","meta":[],"product_brand":[],"product_cat":[15,223],"product_tag":[],"class_list":{"0":"post-16618","1":"product","2":"type-product","3":"status-publish","4":"has-post-thumbnail","6":"product_cat-unkategorisiert","7":"product_cat-zubehoer","9":"first","10":"instock","11":"taxable","12":"shipping-taxable","13":"purchasable","14":"product-type-simple"},"_links":{"self":[{"href":"https:\/\/bavarian-bondage.de\/fr\/wp-json\/wp\/v2\/product\/16618","targetHints":{"allow":["GET"]}}],"collection":[{"href":"https:\/\/bavarian-bondage.de\/fr\/wp-json\/wp\/v2\/product"}],"about":[{"href":"https:\/\/bavarian-bondage.de\/fr\/wp-json\/wp\/v2\/types\/product"}],"version-history":[{"count":5,"href":"https:\/\/bavarian-bondage.de\/fr\/wp-json\/wp\/v2\/product\/16618\/revisions"}],"predecessor-version":[{"id":16700,"href":"https:\/\/bavarian-bondage.de\/fr\/wp-json\/wp\/v2\/product\/16618\/revisions\/16700"}],"wp:featuredmedia":[{"embeddable":true,"href":"https:\/\/bavarian-bondage.de\/fr\/wp-json\/wp\/v2\/media\/16646"}],"wp:attachment":[{"href":"https:\/\/bavarian-bondage.de\/fr\/wp-json\/wp\/v2\/media?parent=16618"}],"wp:term":[{"taxonomy":"product_brand","embeddable":true,"href":"https:\/\/bavarian-bondage.de\/fr\/wp-json\/wp\/v2\/product_brand?post=16618"},{"taxonomy":"product_cat","embeddable":true,"href":"https:\/\/bavarian-bondage.de\/fr\/wp-json\/wp\/v2\/product_cat?post=16618"},{"taxonomy":"product_tag","embeddable":true,"href":"https:\/\/bavarian-bondage.de\/fr\/wp-json\/wp\/v2\/product_tag?post=16618"}],"curies":[{"name":"wp","href":"https:\/\/api.w.org\/{rel}","templated":true}]}}