{"id":2913,"date":"2020-10-17T13:00:19","date_gmt":"2020-10-17T11:00:19","guid":{"rendered":"https:\/\/bavarian-bondage.tivendo.com\/produkt\/import-placeholder-for-294\/"},"modified":"2026-03-27T09:23:48","modified_gmt":"2026-03-27T08:23:48","slug":"corde-de-chanvre-lin-naturel-6mm-set-exclusif-10x8m-et-2x4m","status":"publish","type":"product","link":"https:\/\/bavarian-bondage.de\/fr\/produkt\/leinenhanfseil-natur-6mm-exklusiv-set-10x8m-und-2x4m\/","title":{"rendered":"Corde de chanvre lin naturel 6mm exclusive; Ensemble 10x8m et 2x4m"},"content":{"rendered":"<h3 style=\"text-align: center\">Corde de chanvre lin 6mm EXCLUSIVIT\u00c9 !<\/h3>\n<p style=\"text-align: center\">Le grand ensemble pour le bondage complexe.<\/p>\n<p style=\"text-align: center\">La corde lin chanvre 6mm EXCLUSIVE est toute douce et souple ! Il a \u00e9t\u00e9 trait\u00e9 plusieurs fois pour conserver la meilleure qualit\u00e9. La corde impressionne par sa structure ronde, uniforme et sans n\u0153uds sur toute sa longueur. De plus, les extr\u00e9mit\u00e9s sont munies de petits n\u0153uds d\u2019\u00e9pissure.<\/p>\n<p><strong>D\u00e9tails:<\/strong><\/p>\n<p>Corde de chanvre lin 6mm EXCLUSIVIT\u00c9<br \/>\n3 arbres tourn\u00e9s<br \/>\nCouleur : gris clair<br \/>\nNoeud trisk<br \/>\nLongueur : 10x8m \/ 2x4m<br \/>\n(La longueur de la corde peut diff\u00e9rer de la longueur sp\u00e9cifi\u00e9e jusqu&#039;\u00e0 3%)<\/p>\n<p>&nbsp;<\/p>\n<p><span style=\"color: #ff0000\"><strong>Un avis :<\/strong><\/span><\/p>\n<p>V\u00e9rifiez r\u00e9guli\u00e8rement l&#039;usure et les dommages des cordes\u00a0!<br \/>\nSi les cordes sont battues ou tordues, elles peuvent se d\u00e9tacher pendant l&#039;utilisation !<\/p>\n<p>&nbsp;<\/p>\n<p><strong>Contenu de la livraison :\u00a0<\/strong>10x8m \/ 2x4m corde de chanvre lin 6mm EXCLUSIVIT\u00c9<\/p>\n<p>&nbsp;<\/p>\n<hr \/>\n<blockquote>\n<p style=\"text-align: center\"><span style=\"color: #333399\">Les informations sur les produits sont fournies au meilleur de nos connaissances et convictions. Toutes les dimensions sont approximatives. L&#039;utilisation des produits propos\u00e9s ici dans la boutique est \u00e0 vos propres risques. Chaque personne r\u00e9agit diff\u00e9remment aux influences ext\u00e9rieures, au plaisir ou \u00e0 la douleur, etc. Par cons\u00e9quent, aucune responsabilit\u00e9 ne peut \u00eatre accept\u00e9e en cas d&#039;utilisation inappropri\u00e9e.  Chaque utilisateur assume l&#039;enti\u00e8re responsabilit\u00e9 de l&#039;utilisation ou de la bonne utilisation des produits et de ses cons\u00e9quences impr\u00e9visibles.<\/span><\/p>\n<\/blockquote>","protected":false},"excerpt":{"rendered":"<p>Tarif de base : 2,14 \u20ac\/m<\/p>\n<p>D\u00e9lai de livraison : 5-7 jours*<\/p>","protected":false},"featured_media":9396,"template":"","meta":[],"product_brand":[],"product_cat":[216,217,218],"product_tag":[219,220,221],"class_list":{"0":"post-2913","1":"product","2":"type-product","3":"status-publish","4":"has-post-thumbnail","6":"product_cat-bondageseile","7":"product_cat-leinenhanfseil","8":"product_cat-leinenhanfseil-natur","9":"product_tag-bondageseil-6mm","10":"product_tag-hanseil","11":"product_tag-seilset","13":"first","14":"outofstock","15":"taxable","16":"shipping-taxable","17":"purchasable","18":"product-type-simple"},"_links":{"self":[{"href":"https:\/\/bavarian-bondage.de\/fr\/wp-json\/wp\/v2\/product\/2913","targetHints":{"allow":["GET"]}}],"collection":[{"href":"https:\/\/bavarian-bondage.de\/fr\/wp-json\/wp\/v2\/product"}],"about":[{"href":"https:\/\/bavarian-bondage.de\/fr\/wp-json\/wp\/v2\/types\/product"}],"version-history":[{"count":7,"href":"https:\/\/bavarian-bondage.de\/fr\/wp-json\/wp\/v2\/product\/2913\/revisions"}],"predecessor-version":[{"id":13632,"href":"https:\/\/bavarian-bondage.de\/fr\/wp-json\/wp\/v2\/product\/2913\/revisions\/13632"}],"wp:featuredmedia":[{"embeddable":true,"href":"https:\/\/bavarian-bondage.de\/fr\/wp-json\/wp\/v2\/media\/9396"}],"wp:attachment":[{"href":"https:\/\/bavarian-bondage.de\/fr\/wp-json\/wp\/v2\/media?parent=2913"}],"wp:term":[{"taxonomy":"product_brand","embeddable":true,"href":"https:\/\/bavarian-bondage.de\/fr\/wp-json\/wp\/v2\/product_brand?post=2913"},{"taxonomy":"product_cat","embeddable":true,"href":"https:\/\/bavarian-bondage.de\/fr\/wp-json\/wp\/v2\/product_cat?post=2913"},{"taxonomy":"product_tag","embeddable":true,"href":"https:\/\/bavarian-bondage.de\/fr\/wp-json\/wp\/v2\/product_tag?post=2913"}],"curies":[{"name":"wp","href":"https:\/\/api.w.org\/{rel}","templated":true}]}}