{"id":2914,"date":"2020-10-17T12:56:19","date_gmt":"2020-10-17T10:56:19","guid":{"rendered":"https:\/\/bavarian-bondage.tivendo.com\/produkt\/import-placeholder-for-297\/"},"modified":"2026-04-11T23:55:58","modified_gmt":"2026-04-11T21:55:58","slug":"mousqueton-en-aluminium","status":"publish","type":"product","link":"https:\/\/bavarian-bondage.de\/fr\/produkt\/aluminium-karabiner\/","title":{"rendered":"Mousqueton en aluminium"},"content":{"rendered":"<h3 style=\"text-align: center\">Mousqueton en aluminium<\/h3>\n<p style=\"text-align: center\">Le mousqueton en aluminium est habituellement utilis\u00e9 en escalade. C&#039;est un mousqueton de s\u00e9curit\u00e9 qui ne peut \u00eatre ouvert qu&#039;apr\u00e8s avoir tourn\u00e9 la molette \u00e0 90\u00b0. Le m\u00e9canisme est de tr\u00e8s bonne facture, ce qui permet de le tourner et de l&#039;ouvrir facilement d&#039;une seule main.<\/p>\n<p style=\"text-align: center\">Tr\u00e8s adapt\u00e9 pour attacher un anneau, directement sur l&#039;anneau ou bien s\u00fbr sur les cordes elles-m\u00eames. Il n&#039;y a pas d&#039;ar\u00eates vives ni angulaires qui pourraient endommager une corde.<\/p>\n<p>&nbsp;<\/p>\n<h3 style=\"text-align: center\"><\/h3>\n<p><strong>D\u00e9tails:<\/strong><\/p>\n<p>Mat\u00e9riau : aluminium<br \/>\nTaille: L 11 cm \/ L 6 cm<br \/>\nOuverture : 2,6 cm<br \/>\nCapacit\u00e9 de charge : ferm\u00e9 25 KN<br \/>\nPoids : 80 g<br \/>\nCouleur : s\u00e9lectionnable<br \/>\nEN362:2004<\/p>\n<p>&nbsp;<\/p>\n<p><strong>Contenu de la livraison :<\/strong> 1 mousqueton aluminium noir ou rouge<\/p>\n<p>&nbsp;<\/p>\n<hr \/>\n<blockquote>\n<p style=\"text-align: center\"><span style=\"color: #333399\">Les informations sur les produits sont fournies au meilleur de nos connaissances et convictions. Toutes les dimensions sont approximatives. L&#039;utilisation des produits propos\u00e9s ici dans la boutique est \u00e0 vos propres risques. Chaque personne r\u00e9agit diff\u00e9remment aux influences ext\u00e9rieures, au plaisir ou \u00e0 la douleur, etc. Par cons\u00e9quent, aucune responsabilit\u00e9 ne peut \u00eatre accept\u00e9e en cas d&#039;utilisation inappropri\u00e9e.  Chaque utilisateur assume l&#039;enti\u00e8re responsabilit\u00e9 de l&#039;utilisation ou de la bonne utilisation des produits et de ses cons\u00e9quences impr\u00e9visibles.<\/span><\/p>\n<\/blockquote>","protected":false},"excerpt":{"rendered":"<p>D\u00e9lai de livraison : 5-7 jours*<\/p>","protected":false},"featured_media":14050,"template":"","meta":[],"product_brand":[],"product_cat":[222,223],"product_tag":[],"class_list":{"0":"post-2914","1":"product","2":"type-product","3":"status-publish","4":"has-post-thumbnail","6":"product_cat-alle-produkte","7":"product_cat-zubehoer","9":"first","10":"instock","11":"taxable","12":"shipping-taxable","13":"purchasable","14":"product-type-variable"},"_links":{"self":[{"href":"https:\/\/bavarian-bondage.de\/fr\/wp-json\/wp\/v2\/product\/2914","targetHints":{"allow":["GET"]}}],"collection":[{"href":"https:\/\/bavarian-bondage.de\/fr\/wp-json\/wp\/v2\/product"}],"about":[{"href":"https:\/\/bavarian-bondage.de\/fr\/wp-json\/wp\/v2\/types\/product"}],"version-history":[{"count":5,"href":"https:\/\/bavarian-bondage.de\/fr\/wp-json\/wp\/v2\/product\/2914\/revisions"}],"predecessor-version":[{"id":14166,"href":"https:\/\/bavarian-bondage.de\/fr\/wp-json\/wp\/v2\/product\/2914\/revisions\/14166"}],"wp:featuredmedia":[{"embeddable":true,"href":"https:\/\/bavarian-bondage.de\/fr\/wp-json\/wp\/v2\/media\/14050"}],"wp:attachment":[{"href":"https:\/\/bavarian-bondage.de\/fr\/wp-json\/wp\/v2\/media?parent=2914"}],"wp:term":[{"taxonomy":"product_brand","embeddable":true,"href":"https:\/\/bavarian-bondage.de\/fr\/wp-json\/wp\/v2\/product_brand?post=2914"},{"taxonomy":"product_cat","embeddable":true,"href":"https:\/\/bavarian-bondage.de\/fr\/wp-json\/wp\/v2\/product_cat?post=2914"},{"taxonomy":"product_tag","embeddable":true,"href":"https:\/\/bavarian-bondage.de\/fr\/wp-json\/wp\/v2\/product_tag?post=2914"}],"curies":[{"name":"wp","href":"https:\/\/api.w.org\/{rel}","templated":true}]}}