{"id":2915,"date":"2020-10-17T12:56:19","date_gmt":"2020-10-17T10:56:19","guid":{"rendered":"https:\/\/bavarian-bondage.tivendo.com\/produkt\/import-placeholder-for-299\/"},"modified":"2026-03-04T06:03:40","modified_gmt":"2026-03-04T05:03:40","slug":"crochet-anal","status":"publish","type":"product","link":"https:\/\/bavarian-bondage.de\/fr\/produkt\/anal-hook\/","title":{"rendered":"Crochet anal"},"content":{"rendered":"<h3 style=\"text-align: center\">Crochet anal<\/h3>\n<p style=\"text-align: center\">Crochet anal de haute qualit\u00e9 et magnifiquement con\u00e7u avec 2 boules interchangeables en acier inoxydable et un \u0153illet de 40 mm pour attacher des cordes ou similaires. Gr\u00e2ce aux deux boules de 30 mm et 40 mm de diam\u00e8tre, il est \u00e9galement id\u00e9al pour les d\u00e9butants. Les boules sont viss\u00e9es sur les crochets \u00e0 l&#039;aide d&#039;un filetage M8.<\/p>\n<p><strong>D\u00e9tails:<\/strong><\/p>\n<p>Mat\u00e9riau : m\u00e9tal, acier inoxydable<br \/>\nPoids : 130g, boules 110g\/250g<br \/>\nTailles des billes : 30 mm et 40 mm<br \/>\n\u00c9paisseur du mat\u00e9riau : 12 mm.<br \/>\nLongueur totale : 260 mm<\/p>\n<p>&nbsp;<\/p>\n<p><strong>Contenu de la livraison :<\/strong> 1 crochet anal avec boule interchangeable 30mm \/ 40mm<\/p>\n<p>&nbsp;<\/p>\n<hr \/>\n<blockquote>\n<p style=\"text-align: center\"><span style=\"color: #333399\">Les informations sur les produits sont fournies au meilleur de nos connaissances et convictions. Toutes les dimensions sont approximatives. L&#039;utilisation des produits propos\u00e9s ici dans la boutique est \u00e0 vos propres risques. Chaque personne r\u00e9agit diff\u00e9remment aux influences ext\u00e9rieures, au plaisir ou \u00e0 la douleur, etc. Par cons\u00e9quent, aucune responsabilit\u00e9 ne peut \u00eatre accept\u00e9e en cas d&#039;utilisation inappropri\u00e9e.  Chaque utilisateur assume l&#039;enti\u00e8re responsabilit\u00e9 de l&#039;utilisation ou de la bonne utilisation des produits et de ses cons\u00e9quences impr\u00e9visibles.<\/span><\/p>\n<\/blockquote>","protected":false},"excerpt":{"rendered":"<p>D\u00e9lai de livraison : 5-7 jours*<\/p>","protected":false},"featured_media":8599,"template":"","meta":[],"product_brand":[],"product_cat":[223,224],"product_tag":[227,228,225,226],"class_list":{"0":"post-2915","1":"product","2":"type-product","3":"status-publish","4":"has-post-thumbnail","6":"product_cat-zubehoer","7":"product_cat-lustschmerz","8":"product_tag-bondage","9":"product_tag-bondagehacken","10":"product_tag-anal","11":"product_tag-analhook","13":"first","14":"instock","15":"taxable","16":"shipping-taxable","17":"purchasable","18":"product-type-simple"},"_links":{"self":[{"href":"https:\/\/bavarian-bondage.de\/fr\/wp-json\/wp\/v2\/product\/2915","targetHints":{"allow":["GET"]}}],"collection":[{"href":"https:\/\/bavarian-bondage.de\/fr\/wp-json\/wp\/v2\/product"}],"about":[{"href":"https:\/\/bavarian-bondage.de\/fr\/wp-json\/wp\/v2\/types\/product"}],"version-history":[{"count":1,"href":"https:\/\/bavarian-bondage.de\/fr\/wp-json\/wp\/v2\/product\/2915\/revisions"}],"predecessor-version":[{"id":5035,"href":"https:\/\/bavarian-bondage.de\/fr\/wp-json\/wp\/v2\/product\/2915\/revisions\/5035"}],"wp:featuredmedia":[{"embeddable":true,"href":"https:\/\/bavarian-bondage.de\/fr\/wp-json\/wp\/v2\/media\/8599"}],"wp:attachment":[{"href":"https:\/\/bavarian-bondage.de\/fr\/wp-json\/wp\/v2\/media?parent=2915"}],"wp:term":[{"taxonomy":"product_brand","embeddable":true,"href":"https:\/\/bavarian-bondage.de\/fr\/wp-json\/wp\/v2\/product_brand?post=2915"},{"taxonomy":"product_cat","embeddable":true,"href":"https:\/\/bavarian-bondage.de\/fr\/wp-json\/wp\/v2\/product_cat?post=2915"},{"taxonomy":"product_tag","embeddable":true,"href":"https:\/\/bavarian-bondage.de\/fr\/wp-json\/wp\/v2\/product_tag?post=2915"}],"curies":[{"name":"wp","href":"https:\/\/api.w.org\/{rel}","templated":true}]}}