{"id":2917,"date":"2020-10-17T12:56:20","date_gmt":"2020-10-17T10:56:20","guid":{"rendered":"https:\/\/bavarian-bondage.tivendo.com\/produkt\/import-placeholder-for-309\/"},"modified":"2026-04-17T16:27:20","modified_gmt":"2026-04-17T14:27:20","slug":"sac-en-coton","status":"publish","type":"product","link":"https:\/\/bavarian-bondage.de\/fr\/produkt\/baumwollbeutel\/","title":{"rendered":"Sac en coton"},"content":{"rendered":"<h3 style=\"text-align: center\">Sac en coton<\/h3>\n<p style=\"text-align: center\">Rangement rapide et facile de vos cordes dans un sac en coton.<br \/>\nLe cordon de serrage des deux c\u00f4t\u00e9s facilite la fermeture et le transport du sac.<\/p>\n<p>&nbsp;<\/p>\n<p><strong>D\u00e9tails:<\/strong><\/p>\n<p>Mat\u00e9riel: coton 100%<br \/>\nCouleur: Naturel<br \/>\nTaille : L 42 cm ; L 33 cm<\/p>\n<p><strong>Contenu de la livraison :<\/strong> Sac en coton naturel<\/p>\n<p>&nbsp;<\/p>\n<hr \/>\n<blockquote>\n<p style=\"text-align: center\"><span style=\"color: #333399\">Les informations sur les produits sont fournies au meilleur de nos connaissances et convictions. Toutes les dimensions sont approximatives. L&#039;utilisation des produits propos\u00e9s ici dans la boutique est \u00e0 vos propres risques. Chaque personne r\u00e9agit diff\u00e9remment aux influences ext\u00e9rieures, au plaisir ou \u00e0 la douleur, etc. Par cons\u00e9quent, aucune responsabilit\u00e9 ne peut \u00eatre accept\u00e9e en cas d&#039;utilisation inappropri\u00e9e.  Chaque utilisateur assume l&#039;enti\u00e8re responsabilit\u00e9 de l&#039;utilisation ou de la bonne utilisation des produits et de ses cons\u00e9quences impr\u00e9visibles.<\/span><\/p>\n<\/blockquote>","protected":false},"excerpt":{"rendered":"<p>D\u00e9lai de livraison : 5-7 jours*<\/p>","protected":false},"featured_media":8220,"template":"","meta":[],"product_brand":[],"product_cat":[223],"product_tag":[],"class_list":{"0":"post-2917","1":"product","2":"type-product","3":"status-publish","4":"has-post-thumbnail","6":"product_cat-zubehoer","8":"first","9":"instock","10":"taxable","11":"shipping-taxable","12":"purchasable","13":"product-type-simple"},"_links":{"self":[{"href":"https:\/\/bavarian-bondage.de\/fr\/wp-json\/wp\/v2\/product\/2917","targetHints":{"allow":["GET"]}}],"collection":[{"href":"https:\/\/bavarian-bondage.de\/fr\/wp-json\/wp\/v2\/product"}],"about":[{"href":"https:\/\/bavarian-bondage.de\/fr\/wp-json\/wp\/v2\/types\/product"}],"version-history":[{"count":3,"href":"https:\/\/bavarian-bondage.de\/fr\/wp-json\/wp\/v2\/product\/2917\/revisions"}],"predecessor-version":[{"id":8235,"href":"https:\/\/bavarian-bondage.de\/fr\/wp-json\/wp\/v2\/product\/2917\/revisions\/8235"}],"wp:featuredmedia":[{"embeddable":true,"href":"https:\/\/bavarian-bondage.de\/fr\/wp-json\/wp\/v2\/media\/8220"}],"wp:attachment":[{"href":"https:\/\/bavarian-bondage.de\/fr\/wp-json\/wp\/v2\/media?parent=2917"}],"wp:term":[{"taxonomy":"product_brand","embeddable":true,"href":"https:\/\/bavarian-bondage.de\/fr\/wp-json\/wp\/v2\/product_brand?post=2917"},{"taxonomy":"product_cat","embeddable":true,"href":"https:\/\/bavarian-bondage.de\/fr\/wp-json\/wp\/v2\/product_cat?post=2917"},{"taxonomy":"product_tag","embeddable":true,"href":"https:\/\/bavarian-bondage.de\/fr\/wp-json\/wp\/v2\/product_tag?post=2917"}],"curies":[{"name":"wp","href":"https:\/\/api.w.org\/{rel}","templated":true}]}}