{"id":2924,"date":"2020-10-17T15:57:20","date_gmt":"2020-10-17T13:57:20","guid":{"rendered":"https:\/\/bavarian-bondage.tivendo.com\/produkt\/import-placeholder-for-342\/"},"modified":"2026-03-09T23:42:58","modified_gmt":"2026-03-09T22:42:58","slug":"anneau-de-bondage-triskele","status":"publish","type":"product","link":"https:\/\/bavarian-bondage.de\/fr\/produkt\/bondagering-triskele\/","title":{"rendered":"Anneau de bondage triskele"},"content":{"rendered":"<h3 style=\"text-align: center\">Anneau de bondage triskele<\/h3>\n<p style=\"text-align: center\">L&#039;anneau de suspension avec trisk\u00e8le, en acier inoxydable poli, offre non seulement son superbe look mais aussi la possibilit\u00e9 d&#039;organiser des cordes individuelles. Cette bague attire le regard \u00e0 tous \u00e9gards.<\/p>\n<p>&nbsp;<\/p>\n<p><strong>D\u00e9tails:<\/strong><\/p>\n<pre>Diam\u00e8tre ext\u00e9rieur\u00a0: 245\u00a0mm, \u00c9paisseur\u00a0: 12\u00a0mm, Poids\u00a0: env. 980\u00a0g, Mat\u00e9riau\u00a0: Acier inoxydable, Couleur\u00a0: Au choix<\/pre>\n<p>&nbsp;<\/p>\n<p><strong>Contenu de la livraison :<\/strong> 1 anneau de bondage triskele<\/p>\n<p>&nbsp;<\/p>\n<hr \/>\n<blockquote>\n<p style=\"text-align: center\"><span style=\"color: #333399\">Les informations sur les produits sont fournies au meilleur de nos connaissances et convictions. Toutes les dimensions sont approximatives. L&#039;utilisation des produits propos\u00e9s ici dans la boutique est \u00e0 vos propres risques. Chaque personne r\u00e9agit diff\u00e9remment aux influences ext\u00e9rieures, au plaisir ou \u00e0 la douleur, etc. Par cons\u00e9quent, aucune responsabilit\u00e9 ne peut \u00eatre accept\u00e9e en cas d&#039;utilisation inappropri\u00e9e.  Chaque utilisateur assume l&#039;enti\u00e8re responsabilit\u00e9 de l&#039;utilisation ou de la bonne utilisation des produits et de ses cons\u00e9quences impr\u00e9visibles.<\/span><\/p>\n<\/blockquote>","protected":false},"excerpt":{"rendered":"<p>D\u00e9lai de livraison : 5-7 jours*<\/p>","protected":false},"featured_media":16272,"template":"","meta":[],"product_brand":[],"product_cat":[233,234],"product_tag":[236,240],"class_list":{"0":"post-2924","1":"product","2":"type-product","3":"status-publish","4":"has-post-thumbnail","6":"product_cat-bondage-zubehoer","7":"product_cat-ringe","8":"product_tag-bondagering","9":"product_tag-edelstahl","11":"first","12":"instock","13":"taxable","14":"shipping-taxable","15":"purchasable","16":"product-type-variable"},"_links":{"self":[{"href":"https:\/\/bavarian-bondage.de\/fr\/wp-json\/wp\/v2\/product\/2924","targetHints":{"allow":["GET"]}}],"collection":[{"href":"https:\/\/bavarian-bondage.de\/fr\/wp-json\/wp\/v2\/product"}],"about":[{"href":"https:\/\/bavarian-bondage.de\/fr\/wp-json\/wp\/v2\/types\/product"}],"version-history":[{"count":4,"href":"https:\/\/bavarian-bondage.de\/fr\/wp-json\/wp\/v2\/product\/2924\/revisions"}],"predecessor-version":[{"id":16276,"href":"https:\/\/bavarian-bondage.de\/fr\/wp-json\/wp\/v2\/product\/2924\/revisions\/16276"}],"wp:featuredmedia":[{"embeddable":true,"href":"https:\/\/bavarian-bondage.de\/fr\/wp-json\/wp\/v2\/media\/16272"}],"wp:attachment":[{"href":"https:\/\/bavarian-bondage.de\/fr\/wp-json\/wp\/v2\/media?parent=2924"}],"wp:term":[{"taxonomy":"product_brand","embeddable":true,"href":"https:\/\/bavarian-bondage.de\/fr\/wp-json\/wp\/v2\/product_brand?post=2924"},{"taxonomy":"product_cat","embeddable":true,"href":"https:\/\/bavarian-bondage.de\/fr\/wp-json\/wp\/v2\/product_cat?post=2924"},{"taxonomy":"product_tag","embeddable":true,"href":"https:\/\/bavarian-bondage.de\/fr\/wp-json\/wp\/v2\/product_tag?post=2924"}],"curies":[{"name":"wp","href":"https:\/\/api.w.org\/{rel}","templated":true}]}}