{"id":2930,"date":"2020-10-17T12:51:21","date_gmt":"2020-10-17T10:51:21","guid":{"rendered":"https:\/\/bavarian-bondage.tivendo.com\/produkt\/import-placeholder-for-368\/"},"modified":"2026-01-25T22:39:03","modified_gmt":"2026-01-25T21:39:03","slug":"pinces-a-trefle","status":"publish","type":"product","link":"https:\/\/bavarian-bondage.de\/fr\/produkt\/clover-clamps\/","title":{"rendered":"Pinces \u00e0 tr\u00e8fle"},"content":{"rendered":"<h3 style=\"text-align: center\">Pinces \u00e0 tr\u00e8fle<\/h3>\n<p style=\"text-align: center\">Probablement les pinces les plus connues dans le domaine du BDSM. Ces pinces sont con\u00e7ues de telle mani\u00e8re que lorsqu&#039;elles sont tir\u00e9es, la pression augmente encore davantage. Equip\u00e9 d&#039;une cha\u00eene robuste de 30 cm de long et d&#039;un patin en caoutchouc au point de serrage.<\/p>\n<p>&nbsp;<\/p>\n<p><strong>D\u00e9tails:<\/strong><\/p>\n<p>Mat\u00e9riau : m\u00e9tal, coussinet en caoutchouc<br \/>\nLongueur de la cha\u00eene : 30 cm<br \/>\nTaille du clip : 9 cm<\/p>\n<p>&nbsp;<\/p>\n<p><strong>Contenu de la livraison :<\/strong> Pinces tr\u00e8fle avec cha\u00eene<\/p>\n<p>&nbsp;<\/p>\n<hr \/>\n<blockquote>\n<p style=\"text-align: center\"><span style=\"color: #333399\">Les informations sur les produits sont fournies au meilleur de nos connaissances et convictions. Toutes les dimensions sont approximatives. L&#039;utilisation des produits propos\u00e9s ici dans la boutique est \u00e0 vos propres risques. Chaque personne r\u00e9agit diff\u00e9remment aux influences ext\u00e9rieures, au plaisir ou \u00e0 la douleur, etc. Par cons\u00e9quent, aucune responsabilit\u00e9 ne peut \u00eatre accept\u00e9e en cas d&#039;utilisation inappropri\u00e9e.  Chaque utilisateur assume l&#039;enti\u00e8re responsabilit\u00e9 de l&#039;utilisation ou de la bonne utilisation des produits et de ses cons\u00e9quences impr\u00e9visibles.<\/span><\/p>\n<\/blockquote>","protected":false},"excerpt":{"rendered":"<p>D\u00e9lai de livraison : 5-7 jours*<\/p>","protected":false},"featured_media":8568,"template":"","meta":[],"product_brand":[],"product_cat":[248],"product_tag":[249,250,251],"class_list":{"0":"post-2930","1":"product","2":"type-product","3":"status-publish","4":"has-post-thumbnail","6":"product_cat-klammern","7":"product_tag-brustwarzenklammern","8":"product_tag-clover-clamps","9":"product_tag-klammern","11":"first","12":"instock","13":"taxable","14":"shipping-taxable","15":"purchasable","16":"product-type-simple"},"_links":{"self":[{"href":"https:\/\/bavarian-bondage.de\/fr\/wp-json\/wp\/v2\/product\/2930","targetHints":{"allow":["GET"]}}],"collection":[{"href":"https:\/\/bavarian-bondage.de\/fr\/wp-json\/wp\/v2\/product"}],"about":[{"href":"https:\/\/bavarian-bondage.de\/fr\/wp-json\/wp\/v2\/types\/product"}],"version-history":[{"count":5,"href":"https:\/\/bavarian-bondage.de\/fr\/wp-json\/wp\/v2\/product\/2930\/revisions"}],"predecessor-version":[{"id":13962,"href":"https:\/\/bavarian-bondage.de\/fr\/wp-json\/wp\/v2\/product\/2930\/revisions\/13962"}],"wp:featuredmedia":[{"embeddable":true,"href":"https:\/\/bavarian-bondage.de\/fr\/wp-json\/wp\/v2\/media\/8568"}],"wp:attachment":[{"href":"https:\/\/bavarian-bondage.de\/fr\/wp-json\/wp\/v2\/media?parent=2930"}],"wp:term":[{"taxonomy":"product_brand","embeddable":true,"href":"https:\/\/bavarian-bondage.de\/fr\/wp-json\/wp\/v2\/product_brand?post=2930"},{"taxonomy":"product_cat","embeddable":true,"href":"https:\/\/bavarian-bondage.de\/fr\/wp-json\/wp\/v2\/product_cat?post=2930"},{"taxonomy":"product_tag","embeddable":true,"href":"https:\/\/bavarian-bondage.de\/fr\/wp-json\/wp\/v2\/product_tag?post=2930"}],"curies":[{"name":"wp","href":"https:\/\/api.w.org\/{rel}","templated":true}]}}